{"id":17769,"date":"2024-01-13T10:30:19","date_gmt":"2024-01-13T10:30:19","guid":{"rendered":"https:\/\/avanzakayak.witty-fox.com\/?post_type=product&#038;p=17769"},"modified":"2024-01-13T10:30:27","modified_gmt":"2024-01-13T10:30:27","slug":"skargard-stockholms-skargard-med-dess-myller-av-oar-kobbar-och-skar-ar-en-av-sveriges-fa-riktigt-varldsunika-naturmiljoer","status":"publish","type":"product","link":"https:\/\/avanzakayak.witty-fox.com\/sv\/produkt\/skargard-stockholms-skargard-med-dess-myller-av-oar-kobbar-och-skar-ar-en-av-sveriges-fa-riktigt-varldsunika-naturmiljoer\/","title":{"rendered":"Sk\u00e4rg\u00e5rd. Stockholms sk\u00e4rg\u00e5rd, med dess myller av \u00f6ar, kobbar och sk\u00e4r, \u00e4r en av Sveriges f\u00e5 riktigt v\u00e4rldsunika naturmilj\u00f6er."},"content":{"rendered":"<p><strong>Sk\u00e4rg\u00e5rd<\/strong>. Stockholms sk\u00e4rg\u00e5rd, med dess myller av \u00f6ar, kobbar och sk\u00e4r, \u00e4r en av Sveriges f\u00e5 riktigt v\u00e4rldsunika naturmilj\u00f6er. I denna bok, som f\u00e5tt utm\u00e4rkelsen\u00a0<strong>\u00c5rets Pandabok 2024<\/strong>\u00a0av WWF, skildrar den k\u00e4nda naturfotografen\u00a0<strong>Claes Grundsten\u00a0<\/strong>omr\u00e5dets natur i uts\u00f6kta bilder och informativa texter. Fotografierna visar landskapets skiftningar under olika \u00e5rstider och i skiftande v\u00e4der. Vyer, geologiska detaljer, v\u00e4xter och djur portr\u00e4tteras med estetisk elegans, d\u00e4r texterna blandar fakta och personliga upplevelser. Antal sidor: 232.<\/p>\n<p>Pris: 290:-.\u00a0Boken\u00a0\u00e4r\u00a0signerad<\/p>","protected":false},"excerpt":{"rendered":"<p><strong>Sk\u00e4rg\u00e5rd<\/strong>. Stockholms sk\u00e4rg\u00e5rd, med dess myller av \u00f6ar, kobbar och sk\u00e4r, \u00e4r en av Sveriges f\u00e5 riktigt v\u00e4rldsunika naturmilj\u00f6er. I denna bok, som f\u00e5tt utm\u00e4rkelsen\u00a0<strong>\u00c5rets Pandabok 2024<\/strong>\u00a0av WWF,<\/p>","protected":false},"featured_media":17770,"comment_status":"open","ping_status":"closed","template":"","meta":[],"product_cat":[107],"product_tag":[],"_links":{"self":[{"href":"https:\/\/avanzakayak.witty-fox.com\/sv\/wp-json\/wp\/v2\/product\/17769"}],"collection":[{"href":"https:\/\/avanzakayak.witty-fox.com\/sv\/wp-json\/wp\/v2\/product"}],"about":[{"href":"https:\/\/avanzakayak.witty-fox.com\/sv\/wp-json\/wp\/v2\/types\/product"}],"replies":[{"embeddable":true,"href":"https:\/\/avanzakayak.witty-fox.com\/sv\/wp-json\/wp\/v2\/comments?post=17769"}],"version-history":[{"count":1,"href":"https:\/\/avanzakayak.witty-fox.com\/sv\/wp-json\/wp\/v2\/product\/17769\/revisions"}],"predecessor-version":[{"id":17771,"href":"https:\/\/avanzakayak.witty-fox.com\/sv\/wp-json\/wp\/v2\/product\/17769\/revisions\/17771"}],"wp:featuredmedia":[{"embeddable":true,"href":"https:\/\/avanzakayak.witty-fox.com\/sv\/wp-json\/wp\/v2\/media\/17770"}],"wp:attachment":[{"href":"https:\/\/avanzakayak.witty-fox.com\/sv\/wp-json\/wp\/v2\/media?parent=17769"}],"wp:term":[{"taxonomy":"product_cat","embeddable":true,"href":"https:\/\/avanzakayak.witty-fox.com\/sv\/wp-json\/wp\/v2\/product_cat?post=17769"},{"taxonomy":"product_tag","embeddable":true,"href":"https:\/\/avanzakayak.witty-fox.com\/sv\/wp-json\/wp\/v2\/product_tag?post=17769"}],"curies":[{"name":"wp","href":"https:\/\/api.w.org\/{rel}","templated":true}]}}