{"id":17765,"date":"2024-01-13T10:26:37","date_gmt":"2024-01-13T10:26:37","guid":{"rendered":"https:\/\/avanzakayak.witty-fox.com\/?post_type=product&#038;p=17765"},"modified":"2024-01-13T10:27:37","modified_gmt":"2024-01-13T10:27:37","slug":"kokbok-for-friluftskockar-boken-innehaller-125-genomtankta-recept-och-54-smarta-tips","status":"publish","type":"product","link":"https:\/\/avanzakayak.witty-fox.com\/sv\/produkt\/kokbok-for-friluftskockar-boken-innehaller-125-genomtankta-recept-och-54-smarta-tips\/","title":{"rendered":"Kokbok f\u00f6r friluftskockar. Boken inneh\u00e5ller 125 genomt\u00e4nkta recept och 54 smarta tips"},"content":{"rendered":"","protected":false},"excerpt":{"rendered":"<p><strong>Kokbok f\u00f6r friluftskockar<\/strong>. Boken inneh\u00e5ller 125 genomt\u00e4nkta recept och 54 smarta tips. Alla recepten \u00e4r anpassade f\u00f6r fj\u00e4llvandring, paddling och vinterturer. De flesta matr\u00e4tterna tar mindre \u00e4n 15 minuter att laga.<\/p>\n<p>F\u00f6rfattare: Jonas Sundvall och Fredrik Hjelmstedt. Antal sidor: 319.<\/p>\n<p>Pris: 180:-<\/p>","protected":false},"featured_media":17766,"comment_status":"open","ping_status":"closed","template":"","meta":[],"product_cat":[107],"product_tag":[],"_links":{"self":[{"href":"https:\/\/avanzakayak.witty-fox.com\/sv\/wp-json\/wp\/v2\/product\/17765"}],"collection":[{"href":"https:\/\/avanzakayak.witty-fox.com\/sv\/wp-json\/wp\/v2\/product"}],"about":[{"href":"https:\/\/avanzakayak.witty-fox.com\/sv\/wp-json\/wp\/v2\/types\/product"}],"replies":[{"embeddable":true,"href":"https:\/\/avanzakayak.witty-fox.com\/sv\/wp-json\/wp\/v2\/comments?post=17765"}],"version-history":[{"count":2,"href":"https:\/\/avanzakayak.witty-fox.com\/sv\/wp-json\/wp\/v2\/product\/17765\/revisions"}],"predecessor-version":[{"id":17768,"href":"https:\/\/avanzakayak.witty-fox.com\/sv\/wp-json\/wp\/v2\/product\/17765\/revisions\/17768"}],"wp:featuredmedia":[{"embeddable":true,"href":"https:\/\/avanzakayak.witty-fox.com\/sv\/wp-json\/wp\/v2\/media\/17766"}],"wp:attachment":[{"href":"https:\/\/avanzakayak.witty-fox.com\/sv\/wp-json\/wp\/v2\/media?parent=17765"}],"wp:term":[{"taxonomy":"product_cat","embeddable":true,"href":"https:\/\/avanzakayak.witty-fox.com\/sv\/wp-json\/wp\/v2\/product_cat?post=17765"},{"taxonomy":"product_tag","embeddable":true,"href":"https:\/\/avanzakayak.witty-fox.com\/sv\/wp-json\/wp\/v2\/product_tag?post=17765"}],"curies":[{"name":"wp","href":"https:\/\/api.w.org\/{rel}","templated":true}]}}