{"id":17762,"date":"2024-01-13T10:17:40","date_gmt":"2024-01-13T10:17:40","guid":{"rendered":"https:\/\/avanzakayak.witty-fox.com\/?post_type=product&#038;p=17762"},"modified":"2024-01-13T10:17:40","modified_gmt":"2024-01-13T10:17:40","slug":"paddla-kajak-i-bohuslan-bohuslan-har-en-unik-skargard-i-det-salta-vattnet-finns-en-storre-artrikedom-an-nagon-annanstans-i-sverige","status":"publish","type":"product","link":"https:\/\/avanzakayak.witty-fox.com\/sv\/produkt\/paddla-kajak-i-bohuslan-bohuslan-har-en-unik-skargard-i-det-salta-vattnet-finns-en-storre-artrikedom-an-nagon-annanstans-i-sverige\/","title":{"rendered":"Paddla kajak i Bohusl\u00e4n.\u00a0Bohusl\u00e4n har en unik sk\u00e4rg\u00e5rd. I det salta vattnet finns en st\u00f6rre artrikedom \u00e4n n\u00e5gon annanstans i Sverige."},"content":{"rendered":"<p><strong>Paddla kajak i Bohusl\u00e4n.<\/strong>\u00a0Bohusl\u00e4n har en unik sk\u00e4rg\u00e5rd. I det salta vattnet finns en st\u00f6rre artrikedom \u00e4n n\u00e5gon annanstans i Sverige. Bland ett myller av \u00f6ar, kobbar och sk\u00e4r m\u00f6ter du knubbs\u00e4l och \u00e5lekr\u00e5ka, och om du har tur rent av tumlare eller val. Du kan glida fram mellan charmiga krogar och vandrarhem i pittoreska gamla fiskel\u00e4gen, eller sl\u00e5 upp ditt t\u00e4lt i en obebodd yttersk\u00e4rg\u00e5rd med horisonten som granne. Att kalla Bohusl\u00e4n f\u00f6r ett paddelparadis \u00e4r knappast en \u00f6verdrift.<\/p>\n<p>\u200b<\/p>\n<p>I boken f\u00e5r du tips om 22 turer fr\u00e5n Str\u00f6mstad i norr till Kung\u00e4lv i s\u00f6der. F\u00f6lj med till Kosterhavet, Sveriges f\u00f6rsta marina nationalpark, till Fj\u00e4llbackas \u00f6v\u00e4rld av sl\u00e4tslipad, r\u00f6dskimrande Bohusgranit och till de historiska farvattnen kring Marstrand. Boken hj\u00e4lper dig att utforska allt fr\u00e5n stilla inomsk\u00e4rs paddelvatten till karga, exponerade milj\u00f6er i det yttre havsbandet.<\/p>\n<p>\u200b<\/p>\n<p>F\u00f6rfattare: Joakim Hermanson. Antal sidor:\u00a0285.<\/p>\n<p>Pris: 180:-<\/p>","protected":false},"excerpt":{"rendered":"<p><strong>Paddla kajak i Bohusl\u00e4n.<\/strong>\u00a0Bohusl\u00e4n har en unik sk\u00e4rg\u00e5rd. I det salta vattnet finns en st\u00f6rre artrikedom \u00e4n n\u00e5gon annanstans i Sverige. Bland ett myller av \u00f6ar, kobbar och sk\u00e4r m\u00f6ter du knubbs\u00e4l och \u00e5lekr\u00e5ka, och om du har tur rent av tumlare eller val.<\/p>","protected":false},"featured_media":17763,"comment_status":"open","ping_status":"closed","template":"","meta":[],"product_cat":[107],"product_tag":[],"_links":{"self":[{"href":"https:\/\/avanzakayak.witty-fox.com\/sv\/wp-json\/wp\/v2\/product\/17762"}],"collection":[{"href":"https:\/\/avanzakayak.witty-fox.com\/sv\/wp-json\/wp\/v2\/product"}],"about":[{"href":"https:\/\/avanzakayak.witty-fox.com\/sv\/wp-json\/wp\/v2\/types\/product"}],"replies":[{"embeddable":true,"href":"https:\/\/avanzakayak.witty-fox.com\/sv\/wp-json\/wp\/v2\/comments?post=17762"}],"version-history":[{"count":1,"href":"https:\/\/avanzakayak.witty-fox.com\/sv\/wp-json\/wp\/v2\/product\/17762\/revisions"}],"predecessor-version":[{"id":17764,"href":"https:\/\/avanzakayak.witty-fox.com\/sv\/wp-json\/wp\/v2\/product\/17762\/revisions\/17764"}],"wp:featuredmedia":[{"embeddable":true,"href":"https:\/\/avanzakayak.witty-fox.com\/sv\/wp-json\/wp\/v2\/media\/17763"}],"wp:attachment":[{"href":"https:\/\/avanzakayak.witty-fox.com\/sv\/wp-json\/wp\/v2\/media?parent=17762"}],"wp:term":[{"taxonomy":"product_cat","embeddable":true,"href":"https:\/\/avanzakayak.witty-fox.com\/sv\/wp-json\/wp\/v2\/product_cat?post=17762"},{"taxonomy":"product_tag","embeddable":true,"href":"https:\/\/avanzakayak.witty-fox.com\/sv\/wp-json\/wp\/v2\/product_tag?post=17762"}],"curies":[{"name":"wp","href":"https:\/\/api.w.org\/{rel}","templated":true}]}}