{"id":17759,"date":"2024-01-13T10:14:12","date_gmt":"2024-01-13T10:14:12","guid":{"rendered":"https:\/\/avanzakayak.witty-fox.com\/?post_type=product&#038;p=17759"},"modified":"2024-01-13T10:14:12","modified_gmt":"2024-01-13T10:14:12","slug":"paddla-i-ostergotland-en-guide-till-kanalerna-sjoarna-och-skargarden","status":"publish","type":"product","link":"https:\/\/avanzakayak.witty-fox.com\/sv\/produkt\/paddla-i-ostergotland-en-guide-till-kanalerna-sjoarna-och-skargarden\/","title":{"rendered":"Paddla i \u00d6sterg\u00f6tland\u00a0&#8211; en guide till kanalerna, sj\u00f6arna och sk\u00e4rg\u00e5rden."},"content":{"rendered":"<p><strong>Paddla i \u00d6sterg\u00f6tland<\/strong>\u00a0&#8211; en guide till kanalerna, sj\u00f6arna och sk\u00e4rg\u00e5rden. F\u00e5 landskap kan erbjuda en s\u00e5 stor variation av paddelvatten som \u00d6sterg\u00f6tland. H\u00e4r kan du g\u00f6ra trevliga dagsturer p\u00e5 sm\u00e5 skogssj\u00f6ar eller f\u00f6lja n\u00e5gon av de l\u00e5ngstr\u00e4ckta sj\u00f6systemen i flera dagar. En annorlunda paddelupplevelse f\u00e5r du l\u00e4ngs Sveriges l\u00e4ngsta all\u00e9 G\u00f6ta kanal natur och kultur i sk\u00f6n f\u00f6rening.<\/p>\n<p>\u200b<\/p>\n<p>I \u00d6sterg\u00f6tlands enormt \u00f6rika sk\u00e4rg\u00e5rd hittar du \u00e4ven skyddad havspaddling mellan sm\u00e5 mysiga fiskesamh\u00e4llen och har m\u00f6jlighet till riktigt avancerade turer i yttersta havsbandet.<\/p>\n<p>\u200b<\/p>\n<p>F\u00f6rslag p\u00e5 33 paddelturer fr\u00e5n korta dagsutflykter till flera dagar<br \/>\n&#8211; Tips om l\u00e4mpliga delar av G\u00f6ta kanal och Kinda kanal<br \/>\n&#8211; Utf\u00f6rliga beskrivningar av de l\u00e4ngre \u00e5arna och l\u00e4nets b\u00e4sta paddelsj\u00f6ar<br \/>\n&#8211; \u00d6versikt \u00f6ver de finaste sk\u00e4rg\u00e5rdsomr\u00e5dena<br \/>\n&#8211; Utf\u00f6rlig information om uthyrare<br \/>\n&#8211; Information om kultur, natur och sev\u00e4rdheter<\/p>\n<p>F\u00f6rfattare: Fredrik Nereg\u00e5rd.\u00a0Antal\u00a0sidor:\u00a0216.<\/p>\n<p>Pris: 170:-<\/p>\n<p>\u200b<\/p>","protected":false},"excerpt":{"rendered":"<p><strong>Paddla i \u00d6sterg\u00f6tland<\/strong>\u00a0&#8211; en guide till kanalerna, sj\u00f6arna och sk\u00e4rg\u00e5rden. F\u00e5 landskap kan erbjuda en s\u00e5 stor variation av paddelvatten som \u00d6sterg\u00f6tland. H\u00e4r kan du g\u00f6ra trevliga dagsturer p\u00e5 sm\u00e5 skogssj\u00f6ar eller f\u00f6lja n\u00e5gon av de l\u00e5ngstr\u00e4ckta sj\u00f6systemen i flera dagar. En annorlunda paddelupplevelse f\u00e5r du l\u00e4ngs Sveriges l\u00e4ngsta all\u00e9 G\u00f6ta kanal natur och kultur i sk\u00f6n f\u00f6rening.<\/p>\n<p>\u200b<\/p>","protected":false},"featured_media":17760,"comment_status":"open","ping_status":"closed","template":"","meta":[],"product_cat":[107],"product_tag":[],"_links":{"self":[{"href":"https:\/\/avanzakayak.witty-fox.com\/sv\/wp-json\/wp\/v2\/product\/17759"}],"collection":[{"href":"https:\/\/avanzakayak.witty-fox.com\/sv\/wp-json\/wp\/v2\/product"}],"about":[{"href":"https:\/\/avanzakayak.witty-fox.com\/sv\/wp-json\/wp\/v2\/types\/product"}],"replies":[{"embeddable":true,"href":"https:\/\/avanzakayak.witty-fox.com\/sv\/wp-json\/wp\/v2\/comments?post=17759"}],"version-history":[{"count":1,"href":"https:\/\/avanzakayak.witty-fox.com\/sv\/wp-json\/wp\/v2\/product\/17759\/revisions"}],"predecessor-version":[{"id":17761,"href":"https:\/\/avanzakayak.witty-fox.com\/sv\/wp-json\/wp\/v2\/product\/17759\/revisions\/17761"}],"wp:featuredmedia":[{"embeddable":true,"href":"https:\/\/avanzakayak.witty-fox.com\/sv\/wp-json\/wp\/v2\/media\/17760"}],"wp:attachment":[{"href":"https:\/\/avanzakayak.witty-fox.com\/sv\/wp-json\/wp\/v2\/media?parent=17759"}],"wp:term":[{"taxonomy":"product_cat","embeddable":true,"href":"https:\/\/avanzakayak.witty-fox.com\/sv\/wp-json\/wp\/v2\/product_cat?post=17759"},{"taxonomy":"product_tag","embeddable":true,"href":"https:\/\/avanzakayak.witty-fox.com\/sv\/wp-json\/wp\/v2\/product_tag?post=17759"}],"curies":[{"name":"wp","href":"https:\/\/api.w.org\/{rel}","templated":true}]}}