{"id":17754,"date":"2024-01-13T10:03:30","date_gmt":"2024-01-13T10:03:30","guid":{"rendered":"https:\/\/avanzakayak.witty-fox.com\/?post_type=product&#038;p=17754"},"modified":"2024-01-23T18:38:30","modified_gmt":"2024-01-23T18:38:30","slug":"addla-kajak-st-anna-misterhult-kusten-som-stracker-sig-fran-st-anna-skargard","status":"publish","type":"product","link":"https:\/\/avanzakayak.witty-fox.com\/sv\/produkt\/addla-kajak-st-anna-misterhult-kusten-som-stracker-sig-fran-st-anna-skargard\/","title":{"rendered":"Paddla kajak S:t Anna\u2013Misterhult.\u00a0Kusten som str\u00e4cker sig fr\u00e5n S:t Anna sk\u00e4rg\u00e5rd"},"content":{"rendered":"<p><strong>Paddla kajak S:t Anna\u2013Misterhult.<\/strong>\u00a0Kusten som str\u00e4cker sig fr\u00e5n S:t Anna sk\u00e4rg\u00e5rd i norr till Misterhults sk\u00e4rg\u00e5rd i s\u00f6der \u00e4r som gjord f\u00f6r dig som paddlar kajak. H\u00e4r hittar du en otroligt finskuren sk\u00e4rg\u00e5rd med ett o\u00f6versk\u00e5dligt antal kobbar och sk\u00e4r.<\/p>\n<p>\u200b<\/p>\n<p>Paddlingen \u00e4r \u00e4ventyrlig och h\u00e4ndelserik med st\u00e4ndigt nya smala sund att passera och m\u00e4ngder av \u00f6ar att utforska. Med din kajak tar du dig \u00e4nda in i de minsta vikarna, chansen \u00e4r stor att du blir helt ensam p\u00e5 den lilla \u00f6 d\u00e4r du slagit upp ditt t\u00e4lt. Din paddling kommer ocks\u00e5 att kryddas med minnesv\u00e4rda proviantstopp i de pittoreska fiskarsamh\u00e4llena. Med tur och f\u00f6rsiktighet f\u00e5r du se b\u00e5de gr\u00e5s\u00e4l och havs\u00f6rn.<\/p>\n<p>\u200b<\/p>\n<p>F\u00f6rfattare: Joakim Danielsson och Ylva-Li G\u00f6ransson.\u00a0Antal sidor: 250.<\/p>\n<p>Pris: 190:-<\/p>\n<p>\u200b<\/p>","protected":false},"excerpt":{"rendered":"<p><strong>addla kajak S:t Anna\u2013Misterhult.<\/strong>\u00a0Kusten som str\u00e4cker sig fr\u00e5n S:t Anna sk\u00e4rg\u00e5rd i norr till Misterhults sk\u00e4rg\u00e5rd i s\u00f6der \u00e4r som gjord f\u00f6r dig som paddlar kajak. H\u00e4r hittar du en otroligt finskuren sk\u00e4rg\u00e5rd med ett o\u00f6versk\u00e5dligt antal kobbar och sk\u00e4r.<\/p>","protected":false},"featured_media":17756,"comment_status":"open","ping_status":"closed","template":"","meta":[],"product_cat":[107],"product_tag":[],"_links":{"self":[{"href":"https:\/\/avanzakayak.witty-fox.com\/sv\/wp-json\/wp\/v2\/product\/17754"}],"collection":[{"href":"https:\/\/avanzakayak.witty-fox.com\/sv\/wp-json\/wp\/v2\/product"}],"about":[{"href":"https:\/\/avanzakayak.witty-fox.com\/sv\/wp-json\/wp\/v2\/types\/product"}],"replies":[{"embeddable":true,"href":"https:\/\/avanzakayak.witty-fox.com\/sv\/wp-json\/wp\/v2\/comments?post=17754"}],"version-history":[{"count":2,"href":"https:\/\/avanzakayak.witty-fox.com\/sv\/wp-json\/wp\/v2\/product\/17754\/revisions"}],"predecessor-version":[{"id":18403,"href":"https:\/\/avanzakayak.witty-fox.com\/sv\/wp-json\/wp\/v2\/product\/17754\/revisions\/18403"}],"wp:featuredmedia":[{"embeddable":true,"href":"https:\/\/avanzakayak.witty-fox.com\/sv\/wp-json\/wp\/v2\/media\/17756"}],"wp:attachment":[{"href":"https:\/\/avanzakayak.witty-fox.com\/sv\/wp-json\/wp\/v2\/media?parent=17754"}],"wp:term":[{"taxonomy":"product_cat","embeddable":true,"href":"https:\/\/avanzakayak.witty-fox.com\/sv\/wp-json\/wp\/v2\/product_cat?post=17754"},{"taxonomy":"product_tag","embeddable":true,"href":"https:\/\/avanzakayak.witty-fox.com\/sv\/wp-json\/wp\/v2\/product_tag?post=17754"}],"curies":[{"name":"wp","href":"https:\/\/api.w.org\/{rel}","templated":true}]}}