{"id":17628,"date":"2024-01-09T18:21:59","date_gmt":"2024-01-09T18:21:59","guid":{"rendered":"https:\/\/avanzakayak.witty-fox.com\/?post_type=product&#038;p=17628"},"modified":"2024-01-10T13:30:50","modified_gmt":"2024-01-10T13:30:50","slug":"ortlieb-packsack-ps21r-haller-din-packning-torr","status":"publish","type":"product","link":"https:\/\/avanzakayak.witty-fox.com\/sv\/produkt\/ortlieb-packsack-ps21r-haller-din-packning-torr\/","title":{"rendered":"Ortlieb\u00a0packs\u00e4ck\u00a0PS21R h\u00e5ller din packning torr."},"content":{"rendered":"<p><strong>Ortlieb\u00a0packs\u00e4ck\u00a0<\/strong>PS21R h\u00e5ller din packning torr. Genom det enkla och geniala rullf\u00f6rslutningen blir s\u00e4cken t\u00e4t p\u00e5 n\u00e5gra \u00f6gonblick samtidigt erh\u00e5lls ett l\u00e4mpligt b\u00e4rhandtag. Samtliga Orlieb produkter har svetsade i s\u00f6mmarna och finns i kraftig polyesterv\u00e4v (PS21R). F\u00e4rgen: Gr\u00f6n\/Lime.<\/p>\n<p>\u200b<\/p>\n<table width=\"100%\" cellspacing=\"0\" cellpadding=\"0\">\n<tbody>\n<tr>\n<td><strong>Modell<\/strong><\/td>\n<td><strong>H\u00f6jd<\/strong><\/td>\n<td><strong>Diameter<\/strong><\/td>\n<td><strong>Volym<\/strong><\/td>\n<td><strong>Pris<\/strong><\/td>\n<\/tr>\n<tr>\n<td><strong>L<\/strong><\/td>\n<td>70\u00a0cm<\/td>\n<td>31\u00a0cm<\/td>\n<td>59 L<\/td>\n<td>450:-<\/td>\n<\/tr>\n<tr>\n<td><strong>XL<\/strong><\/td>\n<td>75\u00a0cm<\/td>\n<td>34\u00a0cm<\/td>\n<td>79 L<\/td>\n<td>490:-<\/td>\n<\/tr>\n<\/tbody>\n<\/table>","protected":false},"excerpt":{"rendered":"<p><strong>Ortlieb\u00a0packs\u00e4ck\u00a0<\/strong>PS21R h\u00e5ller din packning torr. Genom det enkla och geniala rullf\u00f6rslutningen blir s\u00e4cken t\u00e4t p\u00e5 n\u00e5gra \u00f6gonblick samtidigt erh\u00e5lls ett l\u00e4mpligt b\u00e4rhandtag. Samtliga Orlieb produkter har svetsade i s\u00f6mmarna och finns i kraftig polyesterv\u00e4v (PS21R).<\/p>","protected":false},"featured_media":17691,"comment_status":"open","ping_status":"closed","template":"","meta":[],"product_cat":[99],"product_tag":[],"_links":{"self":[{"href":"https:\/\/avanzakayak.witty-fox.com\/sv\/wp-json\/wp\/v2\/product\/17628"}],"collection":[{"href":"https:\/\/avanzakayak.witty-fox.com\/sv\/wp-json\/wp\/v2\/product"}],"about":[{"href":"https:\/\/avanzakayak.witty-fox.com\/sv\/wp-json\/wp\/v2\/types\/product"}],"replies":[{"embeddable":true,"href":"https:\/\/avanzakayak.witty-fox.com\/sv\/wp-json\/wp\/v2\/comments?post=17628"}],"version-history":[{"count":1,"href":"https:\/\/avanzakayak.witty-fox.com\/sv\/wp-json\/wp\/v2\/product\/17628\/revisions"}],"predecessor-version":[{"id":17632,"href":"https:\/\/avanzakayak.witty-fox.com\/sv\/wp-json\/wp\/v2\/product\/17628\/revisions\/17632"}],"wp:featuredmedia":[{"embeddable":true,"href":"https:\/\/avanzakayak.witty-fox.com\/sv\/wp-json\/wp\/v2\/media\/17691"}],"wp:attachment":[{"href":"https:\/\/avanzakayak.witty-fox.com\/sv\/wp-json\/wp\/v2\/media?parent=17628"}],"wp:term":[{"taxonomy":"product_cat","embeddable":true,"href":"https:\/\/avanzakayak.witty-fox.com\/sv\/wp-json\/wp\/v2\/product_cat?post=17628"},{"taxonomy":"product_tag","embeddable":true,"href":"https:\/\/avanzakayak.witty-fox.com\/sv\/wp-json\/wp\/v2\/product_tag?post=17628"}],"curies":[{"name":"wp","href":"https:\/\/api.w.org\/{rel}","templated":true}]}}