{"id":17312,"date":"2024-01-08T15:04:28","date_gmt":"2024-01-08T15:04:28","guid":{"rendered":"https:\/\/avanzakayak.witty-fox.com\/?post_type=product&#038;p=17312"},"modified":"2024-01-09T17:04:04","modified_gmt":"2024-01-09T17:04:04","slug":"tunnor-fran-curtec-nar-det-galler-vatten-och-lufttat-forvaring-av-utrustning-livsmedel-kamera-sjukvardsmaterial","status":"publish","type":"product","link":"https:\/\/avanzakayak.witty-fox.com\/sv\/produkt\/tunnor-fran-curtec-nar-det-galler-vatten-och-lufttat-forvaring-av-utrustning-livsmedel-kamera-sjukvardsmaterial\/","title":{"rendered":"Tunnor fr\u00e5n CurTec\u00a0n\u00e4r det g\u00e4ller vatten- och luftt\u00e4t f\u00f6rvaring av utrustning, livsmedel, kamera, sjukv\u00e5rdsmaterial."},"content":{"rendered":"<p><img decoding=\"async\" id=\"logo\" title=\"CurTec\" src=\"https:\/\/avanzakayak.com\/img\/curtec_logo-2.png\" alt=\"CurTec\" \/><\/p>\n<p><strong>Tunnor fr\u00e5n CurTec<\/strong>\u00a0n\u00e4r det g\u00e4ller vatten- och luftt\u00e4t f\u00f6rvaring av utrustning, livsmedel, kamera, sjukv\u00e5rdsmaterial etc. Tunnorna har en stor \u00f6ppning som f\u00f6rsluts med skruvlock d\u00e4r t\u00e4tningen utg\u00f6rs av en O-ring av gummi. I locket har \u00e4ven b\u00e4rhandtag integrerats. Tunnorna klarar temperaturer fr\u00e5n +80\u00b0C till -40\u00b0C. Modellen finns i storlekarna 3,6 L &#8211; 54 L. Tillverkad i polyethylen (HDPE). F\u00e4rger: Vit tunna med r\u00f6d lock. Modellerna\u00a07026\u00a0och 7042 finns \u00e4ven i svart utf\u00f6rande.<\/p>\n<table style=\"height: 151px;\" width=\"762\" cellspacing=\"0\" cellpadding=\"0\">\n<tbody>\n<tr>\n<td><strong>Modell\u00a0<\/strong><\/td>\n<td valign=\"top\"><strong>7003\u00a0<\/strong><\/td>\n<td valign=\"top\"><strong>7006\u00a0<\/strong><\/td>\n<td valign=\"top\"><strong>7010\u00a0<\/strong><\/td>\n<td valign=\"top\"><strong>7015<\/strong><\/td>\n<td><strong>7020\u00a0\u00a0<\/strong><\/td>\n<td><strong>\u200b<\/strong><\/td>\n<td><\/td>\n<td valign=\"top\"><strong>7026\u00a0<\/strong><\/td>\n<td valign=\"top\"><strong>7042\u00a0<\/strong><\/td>\n<td valign=\"top\"><strong>7055<\/strong><\/td>\n<\/tr>\n<tr>\n<td valign=\"top\"><strong>Volym, liter<\/strong><\/td>\n<td valign=\"top\">3,6<\/td>\n<td valign=\"top\">6,0<\/td>\n<td valign=\"top\">10,0<\/td>\n<td valign=\"top\">15,0<\/td>\n<td>20,0<\/td>\n<td>\u200b<\/td>\n<td>\u200b<\/td>\n<td valign=\"top\">26,0<\/td>\n<td valign=\"top\">42,0<\/td>\n<td valign=\"top\">55,0<\/td>\n<\/tr>\n<tr>\n<td><strong>Diameter, mm<\/strong><\/td>\n<td valign=\"top\">198<\/td>\n<td valign=\"top\">198<\/td>\n<td valign=\"top\">274<\/td>\n<td valign=\"top\">274<\/td>\n<td>274<\/td>\n<td>\u200b<\/td>\n<td>\u200b<\/td>\n<td valign=\"top\">316<\/td>\n<td valign=\"top\">410<\/td>\n<td valign=\"top\">410<\/td>\n<\/tr>\n<tr>\n<td><strong>H\u00f6jd, mm<\/strong><\/td>\n<td valign=\"top\">171<\/td>\n<td valign=\"top\">263<\/td>\n<td valign=\"top\">238<\/td>\n<td valign=\"top\">327<\/td>\n<td>417<\/td>\n<td>\u200b<\/td>\n<td>\u200b<\/td>\n<td valign=\"top\">425<\/td>\n<td valign=\"top\">418<\/td>\n<td valign=\"top\">520<\/td>\n<\/tr>\n<tr>\n<td><strong>\u00d6ppningsdiam, mm<\/strong><\/td>\n<td valign=\"top\">136<\/td>\n<td valign=\"top\">136<\/td>\n<td valign=\"top\">203<\/td>\n<td valign=\"top\">203<\/td>\n<td>203<\/td>\n<td>\u200b<\/td>\n<td>\u200b<\/td>\n<td valign=\"top\">203<\/td>\n<td valign=\"top\">282<\/td>\n<td valign=\"top\">282<\/td>\n<\/tr>\n<tr>\n<td valign=\"top\"><strong>Pris<\/strong><\/td>\n<td valign=\"top\">180:-<\/td>\n<td valign=\"top\">240:-<\/td>\n<td valign=\"top\">340:-<\/td>\n<td valign=\"top\">420:-<\/td>\n<td>450:-<\/td>\n<td>\u200b<\/td>\n<td>\u200b<\/td>\n<td valign=\"top\">490:-<\/td>\n<td valign=\"top\">650:-<\/td>\n<td valign=\"top\">720:-<\/td>\n<\/tr>\n<\/tbody>\n<\/table>\n<p>\u200b<\/p>","protected":false},"excerpt":{"rendered":"<p><strong>Tunnor fr\u00e5n CurTec<\/strong>\u00a0n\u00e4r det g\u00e4ller vatten- och luftt\u00e4t f\u00f6rvaring av utrustning, livsmedel, kamera, sjukv\u00e5rdsmaterial etc. Tunnorna har en stor \u00f6ppning som f\u00f6rsluts med skruvlock d\u00e4r t\u00e4tningen utg\u00f6rs av en O-ring av gummi. I locket har \u00e4ven b\u00e4rhandtag integrerats.<\/p>","protected":false},"featured_media":17321,"comment_status":"open","ping_status":"closed","template":"","meta":[],"product_cat":[100],"product_tag":[],"_links":{"self":[{"href":"https:\/\/avanzakayak.witty-fox.com\/sv\/wp-json\/wp\/v2\/product\/17312"}],"collection":[{"href":"https:\/\/avanzakayak.witty-fox.com\/sv\/wp-json\/wp\/v2\/product"}],"about":[{"href":"https:\/\/avanzakayak.witty-fox.com\/sv\/wp-json\/wp\/v2\/types\/product"}],"replies":[{"embeddable":true,"href":"https:\/\/avanzakayak.witty-fox.com\/sv\/wp-json\/wp\/v2\/comments?post=17312"}],"version-history":[{"count":1,"href":"https:\/\/avanzakayak.witty-fox.com\/sv\/wp-json\/wp\/v2\/product\/17312\/revisions"}],"predecessor-version":[{"id":17322,"href":"https:\/\/avanzakayak.witty-fox.com\/sv\/wp-json\/wp\/v2\/product\/17312\/revisions\/17322"}],"wp:featuredmedia":[{"embeddable":true,"href":"https:\/\/avanzakayak.witty-fox.com\/sv\/wp-json\/wp\/v2\/media\/17321"}],"wp:attachment":[{"href":"https:\/\/avanzakayak.witty-fox.com\/sv\/wp-json\/wp\/v2\/media?parent=17312"}],"wp:term":[{"taxonomy":"product_cat","embeddable":true,"href":"https:\/\/avanzakayak.witty-fox.com\/sv\/wp-json\/wp\/v2\/product_cat?post=17312"},{"taxonomy":"product_tag","embeddable":true,"href":"https:\/\/avanzakayak.witty-fox.com\/sv\/wp-json\/wp\/v2\/product_tag?post=17312"}],"curies":[{"name":"wp","href":"https:\/\/api.w.org\/{rel}","templated":true}]}}