{"id":17290,"date":"2024-01-08T14:57:32","date_gmt":"2024-01-08T14:57:32","guid":{"rendered":"https:\/\/avanzakayak.witty-fox.com\/?post_type=product&#038;p=17290"},"modified":"2024-01-10T13:26:02","modified_gmt":"2024-01-10T13:26:02","slug":"locklock-ar-en-serie-praktiska-forvaringsboxar-tillverkade-i-transparent-polypropylene","status":"publish","type":"product","link":"https:\/\/avanzakayak.witty-fox.com\/sv\/produkt\/locklock-ar-en-serie-praktiska-forvaringsboxar-tillverkade-i-transparent-polypropylene\/","title":{"rendered":"Lock&#038;Lock\u00a0\u00e4r en serie praktiska f\u00f6rvaringsboxar tillverkade i transparent polypropylene."},"content":{"rendered":"<p><strong><img decoding=\"async\" class=\"alignnone size-full wp-image-17300\" src=\"https:\/\/avanzakayak.witty-fox.com\/wp-content\/uploads\/2024\/01\/lock-lock-2-1.png\" alt=\"\" width=\"141\" height=\"83\" srcset=\"https:\/\/avanzakayak.witty-fox.com\/wp-content\/uploads\/2024\/01\/lock-lock-2-1.png 141w, https:\/\/avanzakayak.witty-fox.com\/wp-content\/uploads\/2024\/01\/lock-lock-2-1-18x12.png 18w\" sizes=\"(max-width: 141px) 100vw, 141px\" \/><\/strong><\/p>\n<p><strong>Lock&amp;Lock<\/strong>\u00a0\u00e4r en serie praktiska f\u00f6rvaringsboxar tillverkade i transparent polypropylene. Boxarna\u00a0\u00e4r b\u00e5de frys- och micros\u00e4kra samt t\u00e5l\u00a0maskindisk.\u00a0Tack vare det genialiska sn\u00e4ppl\u00e5set blir boxarna luft- och vattent\u00e4ta.\u00a0Boxarna \u00e4r anv\u00e4ndbara f\u00f6r<\/p>\n<p>matf\u00f6rvaring, sjukv\u00e5rdsartiklar, verktyg,\u00a0sm\u00e5prylar mm.<\/p>\n<table style=\"height: 656px;\" border=\"0\" width=\"670\" cellspacing=\"0\" cellpadding=\"0\">\n<tbody>\n<tr>\n<td><strong>Modell<\/strong><\/td>\n<td><strong>Inv m\u00e5tt (LxDxH)<\/strong><\/td>\n<td><strong>Volym<\/strong><\/td>\n<td><strong>Pris<\/strong><\/td>\n<td>\u200b<\/td>\n<\/tr>\n<tr>\n<td>HPL805<\/td>\n<td>110x90x38 mm<\/td>\n<td>180 ml<\/td>\n<td>30:-<\/td>\n<td><img decoding=\"async\" title=\"Lock_HPL805.jpg\" src=\"https:\/\/avanzakayak.com\/img\/Lock_HPL805.png\" alt=\"Lock_HPL805.jpg\" \/><\/td>\n<\/tr>\n<tr>\n<td>HPL806<\/td>\n<td>135x102x52 mm<\/td>\n<td>350 ml<\/td>\n<td>40:-<\/td>\n<td><img decoding=\"async\" title=\"HPL806.jpg\" src=\"https:\/\/avanzakayak.com\/img\/HPL806.png\" alt=\"HPL806.jpg\" \/><\/td>\n<\/tr>\n<tr>\n<td>HPL807<\/td>\n<td>113x80x57 mm<\/td>\n<td>470 ml<\/td>\n<td>50:-<\/td>\n<td><img decoding=\"async\" title=\"Lock_HPL807-3.jpg\" src=\"https:\/\/avanzakayak.com\/img\/Lock_HPL807-3-2.png\" alt=\"Lock_HPL807-3.jpg\" \/><\/td>\n<\/tr>\n<tr>\n<td>HPL815<\/td>\n<td>179x127x53 mm<\/td>\n<td>550 ml<\/td>\n<td>60:-<\/td>\n<td><img decoding=\"async\" title=\"Lock_HPL815.jpg\" src=\"https:\/\/avanzakayak.com\/img\/Lock_HPL815.png\" alt=\"Lock_HPL815.jpg\" \/><\/td>\n<\/tr>\n<tr>\n<td>HPL817<\/td>\n<td>182x111x57 mm<\/td>\n<td>1,0 L<\/td>\n<td>70:-<\/td>\n<td><img decoding=\"async\" title=\"lock&amp;lock hpl817\" src=\"https:\/\/avanzakayak.com\/img\/lock_hpl817.png\" alt=\"\" \/><\/td>\n<\/tr>\n<tr>\n<td>HPL825<\/td>\n<td>232x165x95 mm<\/td>\n<td>2,3 L<\/td>\n<td>80:-<\/td>\n<td><img decoding=\"async\" title=\"Lock &amp; Lock Classic fyrkantig f\u00f6rvaringsburk, 2.3L\" src=\"https:\/\/avanzakayak.com\/img\/510_hpl825_135064659320-2.png\" alt=\"Lock &amp; Lock Classic fyrkantig f\u00f6rvaringsburk, 2.3L\" \/><\/td>\n<\/tr>\n<tr>\n<td>HPL854<\/td>\n<td>135x135x61 mm<\/td>\n<td>600 ml<\/td>\n<td>50:-<\/td>\n<td><img decoding=\"async\" title=\"Lock_HPL854.jpg\" src=\"https:\/\/avanzakayak.com\/img\/Lock_HPL854.png\" alt=\"Lock_HPL854.jpg\" \/><\/td>\n<\/tr>\n<tr>\n<td>HPL855<\/td>\n<td>135x135x89 mm<\/td>\n<td>860 ml<\/td>\n<td>50:-<\/td>\n<td><img decoding=\"async\" title=\"Lock_HPL855.jpg\" src=\"https:\/\/avanzakayak.com\/img\/Lock_HPL855.png\" alt=\"Lock_HPL855.jpg\" \/><\/td>\n<\/tr>\n<\/tbody>\n<\/table>","protected":false},"excerpt":{"rendered":"<p><strong>Lock&amp;Lock<\/strong>\u00a0\u00e4r en serie praktiska f\u00f6rvaringsboxar tillverkade i transparent polypropylene. Boxarna\u00a0\u00e4r b\u00e5de frys- och micros\u00e4kra samt t\u00e5l\u00a0maskindisk.\u00a0Tack vare det genialiska sn\u00e4ppl\u00e5set blir boxarna luft- och vattent\u00e4ta.\u00a0Boxarna \u00e4r anv\u00e4ndbara f\u00f6r<\/p>\n<p>matf\u00f6rvaring, sjukv\u00e5rdsartiklar, verktyg,\u00a0sm\u00e5prylar mm.<\/p>\n<p>\u200b<\/p>","protected":false},"featured_media":17690,"comment_status":"open","ping_status":"closed","template":"","meta":[],"product_cat":[100],"product_tag":[],"_links":{"self":[{"href":"https:\/\/avanzakayak.witty-fox.com\/sv\/wp-json\/wp\/v2\/product\/17290"}],"collection":[{"href":"https:\/\/avanzakayak.witty-fox.com\/sv\/wp-json\/wp\/v2\/product"}],"about":[{"href":"https:\/\/avanzakayak.witty-fox.com\/sv\/wp-json\/wp\/v2\/types\/product"}],"replies":[{"embeddable":true,"href":"https:\/\/avanzakayak.witty-fox.com\/sv\/wp-json\/wp\/v2\/comments?post=17290"}],"version-history":[{"count":2,"href":"https:\/\/avanzakayak.witty-fox.com\/sv\/wp-json\/wp\/v2\/product\/17290\/revisions"}],"predecessor-version":[{"id":17309,"href":"https:\/\/avanzakayak.witty-fox.com\/sv\/wp-json\/wp\/v2\/product\/17290\/revisions\/17309"}],"wp:featuredmedia":[{"embeddable":true,"href":"https:\/\/avanzakayak.witty-fox.com\/sv\/wp-json\/wp\/v2\/media\/17690"}],"wp:attachment":[{"href":"https:\/\/avanzakayak.witty-fox.com\/sv\/wp-json\/wp\/v2\/media?parent=17290"}],"wp:term":[{"taxonomy":"product_cat","embeddable":true,"href":"https:\/\/avanzakayak.witty-fox.com\/sv\/wp-json\/wp\/v2\/product_cat?post=17290"},{"taxonomy":"product_tag","embeddable":true,"href":"https:\/\/avanzakayak.witty-fox.com\/sv\/wp-json\/wp\/v2\/product_tag?post=17290"}],"curies":[{"name":"wp","href":"https:\/\/api.w.org\/{rel}","templated":true}]}}