{"id":17286,"date":"2024-01-08T14:01:41","date_gmt":"2024-01-08T14:01:41","guid":{"rendered":"https:\/\/avanzakayak.witty-fox.com\/?post_type=product&#038;p=17286"},"modified":"2024-01-10T13:21:48","modified_gmt":"2024-01-10T13:21:48","slug":"underwater-kinetics-ultracase","status":"publish","type":"product","link":"https:\/\/avanzakayak.witty-fox.com\/sv\/produkt\/underwater-kinetics-ultracase\/","title":{"rendered":"Underwater Kinetics UltraCase"},"content":{"rendered":"","protected":false},"excerpt":{"rendered":"<p><strong>Underwater Kinetics UltraCase<\/strong><\/p>\n<p><strong>\u200bModell 613.<\/strong>\u00a0Inredning med vadderade justerbara avdelare med velcro f\u00e4ste. Innerm\u00e5tt: 34x32x13 cm. Ytterm\u00e5tt: 36x27x16 cm. Vikt:\u00a02,0\u00a0kg.\u00a0F\u00e4rg: Svart.<\/p>\n<p>Pris: 990:-<\/p>","protected":false},"featured_media":17687,"comment_status":"open","ping_status":"closed","template":"","meta":[],"product_cat":[100],"product_tag":[],"_links":{"self":[{"href":"https:\/\/avanzakayak.witty-fox.com\/sv\/wp-json\/wp\/v2\/product\/17286"}],"collection":[{"href":"https:\/\/avanzakayak.witty-fox.com\/sv\/wp-json\/wp\/v2\/product"}],"about":[{"href":"https:\/\/avanzakayak.witty-fox.com\/sv\/wp-json\/wp\/v2\/types\/product"}],"replies":[{"embeddable":true,"href":"https:\/\/avanzakayak.witty-fox.com\/sv\/wp-json\/wp\/v2\/comments?post=17286"}],"version-history":[{"count":1,"href":"https:\/\/avanzakayak.witty-fox.com\/sv\/wp-json\/wp\/v2\/product\/17286\/revisions"}],"predecessor-version":[{"id":17288,"href":"https:\/\/avanzakayak.witty-fox.com\/sv\/wp-json\/wp\/v2\/product\/17286\/revisions\/17288"}],"wp:featuredmedia":[{"embeddable":true,"href":"https:\/\/avanzakayak.witty-fox.com\/sv\/wp-json\/wp\/v2\/media\/17687"}],"wp:attachment":[{"href":"https:\/\/avanzakayak.witty-fox.com\/sv\/wp-json\/wp\/v2\/media?parent=17286"}],"wp:term":[{"taxonomy":"product_cat","embeddable":true,"href":"https:\/\/avanzakayak.witty-fox.com\/sv\/wp-json\/wp\/v2\/product_cat?post=17286"},{"taxonomy":"product_tag","embeddable":true,"href":"https:\/\/avanzakayak.witty-fox.com\/sv\/wp-json\/wp\/v2\/product_tag?post=17286"}],"curies":[{"name":"wp","href":"https:\/\/api.w.org\/{rel}","templated":true}]}}