{"id":17225,"date":"2024-01-08T13:59:03","date_gmt":"2024-01-08T13:59:03","guid":{"rendered":"https:\/\/avanzakayak.witty-fox.com\/?post_type=product&#038;p=17225"},"modified":"2024-01-10T13:18:50","modified_gmt":"2024-01-10T13:18:50","slug":"underwater-kinetics-boxar-och-vaskor-som-skyddar-sjukvardsartiklar-verktyg-kamera-instrument-etc-fran-vatten-och-damm","status":"publish","type":"product","link":"https:\/\/avanzakayak.witty-fox.com\/sv\/produkt\/underwater-kinetics-boxar-och-vaskor-som-skyddar-sjukvardsartiklar-verktyg-kamera-instrument-etc-fran-vatten-och-damm\/","title":{"rendered":"Underwater Kinetics\u00a0boxar och v\u00e4skor, som skyddar sjukv\u00e5rdsartiklar, verktyg, kamera, instrument etc fr\u00e5n vatten och damm."},"content":{"rendered":"<p><strong>Underwater Kinetics<\/strong>\u00a0boxar och v\u00e4skor, som skyddar sjukv\u00e5rdsartiklar, verktyg, kamera, instrument etc fr\u00e5n vatten och damm. Tillverkad i h\u00e5llbar,\u00a0korrosionst\u00e5lig och\u00a0slagt\u00e5lig\u00a0ABS-plast med silicon o-ring som t\u00e4tning. Automatiska tryckutj\u00e4mningsventiler i lock-l\u00e5sen Testad enlig IP67 (vattent\u00e4tt till 1 m). UltraBox vattent\u00e4t till 10 m. 10-\u00e5rs garanti.<\/p>\n<p>\u200b<a href=\"http:\/\/www.uwkinetics.com\/#Underwater%20Kinetics\"><img decoding=\"async\" title=\"undrwater kinetics loggo\" src=\"https:\/\/avanzakayak.com\/img\/image-76.png\" alt=\"\" \/><\/a><\/p>\n<p><img decoding=\"async\" title=\"UK_Ultrabox_408.jpg\" src=\"https:\/\/avanzakayak.com\/img\/UK_Ultrabox_408.png\" alt=\"UK_Ultrabox_408.jpg\" \/><img decoding=\"async\" title=\"UK_Ultrabox_308-3.jpg\" src=\"https:\/\/avanzakayak.com\/img\/UK_Ultrabox_308-3.png\" alt=\"UK_Ultrabox_308-3.jpg\" \/><\/p>\n<p>Underwater Kinetics UltraBox<\/p>\n<table style=\"height: 137px;\" border=\"0\" width=\"537\" cellspacing=\"0\" cellpadding=\"0\">\n<tbody>\n<tr>\n<td width=\"60\"><strong>Modell<\/strong><\/td>\n<td width=\"94\"><strong>Innerm\u00e5tt<\/strong><\/td>\n<td width=\"94\"><strong>Ytterm\u00e5tt<\/strong><\/td>\n<td width=\"46\"><strong>Vikt<\/strong><\/td>\n<td valign=\"top\" width=\"58\"><strong>F\u00e4rg<\/strong><\/td>\n<td width=\"45\"><strong>Pris<\/strong><\/td>\n<\/tr>\n<tr>\n<td width=\"60\">308<\/td>\n<td width=\"94\">20x12x6,5 cm<\/td>\n<td width=\"94\">23,1x15x7 cm<\/td>\n<td width=\"46\">320 g<\/td>\n<td valign=\"top\" width=\"58\">Svart<\/td>\n<td width=\"45\">290:-<\/td>\n<\/tr>\n<tr>\n<td width=\"60\">409<\/td>\n<td width=\"94\">20x12x10 cm<\/td>\n<td width=\"94\">23,1x15x10,8 cm<\/td>\n<td width=\"46\">410 g<\/td>\n<td valign=\"top\" width=\"58\">Svart<\/td>\n<td width=\"45\">320:-<\/td>\n<\/tr>\n<\/tbody>\n<\/table>\n<p>\u200b<\/p>\n<p>\u200b<strong><img decoding=\"async\" title=\"underwater-kinetics-dry-box.JPG\" src=\"https:\/\/avanzakayak.com\/img\/underwater-kinetics-dry-box-2.JPG\" alt=\"underwater-kinetics-dry-box.JPG\" \/><\/strong><\/p>\n<p>Underwater Kinetics Dry Box<\/p>\n<table style=\"height: 143px;\" border=\"0\" width=\"516\" cellspacing=\"0\" cellpadding=\"0\">\n<tbody>\n<tr>\n<td width=\"60\"><strong>Modell<\/strong><\/td>\n<td width=\"94\"><strong>Innerm\u00e5tt<\/strong><\/td>\n<td width=\"94\"><strong>Ytterm\u00e5tt<\/strong><\/td>\n<td width=\"46\"><strong>Vikt<\/strong><\/td>\n<td valign=\"top\" width=\"58\"><strong>F\u00e4rg<\/strong><\/td>\n<td width=\"45\"><strong>Pris<\/strong><\/td>\n<\/tr>\n<tr>\n<td width=\"60\">409<\/td>\n<td width=\"94\">22x15x9 cm<\/td>\n<td width=\"94\">23x18x10 cm<\/td>\n<td width=\"46\">700\u00a0g<\/td>\n<td valign=\"top\" width=\"58\">Svart<\/td>\n<td width=\"45\">500:-<\/td>\n<\/tr>\n<tr>\n<td width=\"60\">609<\/td>\n<td width=\"94\">22x15x14 cm<\/td>\n<td width=\"94\">23x18x16 cm<\/td>\n<td width=\"46\">800 g<\/td>\n<td valign=\"top\" width=\"58\">Svart<\/td>\n<td width=\"45\">590:<\/td>\n<\/tr>\n<\/tbody>\n<\/table>","protected":false},"excerpt":{"rendered":"<p><strong>Underwater Kinetics<\/strong>\u00a0boxar och v\u00e4skor, som skyddar sjukv\u00e5rdsartiklar, verktyg, kamera, instrument etc fr\u00e5n vatten och damm. Tillverkad i h\u00e5llbar,\u00a0korrosionst\u00e5lig och\u00a0slagt\u00e5lig\u00a0ABS-plast med silicon o-ring som t\u00e4tning. Automatiska tryckutj\u00e4mningsventiler i lock-l\u00e5sen Testad enlig IP67 (vattent\u00e4tt till 1 m). UltraBox vattent\u00e4t till 10 m. 10-\u00e5rs garanti.<\/p>","protected":false},"featured_media":17686,"comment_status":"open","ping_status":"closed","template":"","meta":[],"product_cat":[100],"product_tag":[],"_links":{"self":[{"href":"https:\/\/avanzakayak.witty-fox.com\/sv\/wp-json\/wp\/v2\/product\/17225"}],"collection":[{"href":"https:\/\/avanzakayak.witty-fox.com\/sv\/wp-json\/wp\/v2\/product"}],"about":[{"href":"https:\/\/avanzakayak.witty-fox.com\/sv\/wp-json\/wp\/v2\/types\/product"}],"replies":[{"embeddable":true,"href":"https:\/\/avanzakayak.witty-fox.com\/sv\/wp-json\/wp\/v2\/comments?post=17225"}],"version-history":[{"count":2,"href":"https:\/\/avanzakayak.witty-fox.com\/sv\/wp-json\/wp\/v2\/product\/17225\/revisions"}],"predecessor-version":[{"id":17285,"href":"https:\/\/avanzakayak.witty-fox.com\/sv\/wp-json\/wp\/v2\/product\/17225\/revisions\/17285"}],"wp:featuredmedia":[{"embeddable":true,"href":"https:\/\/avanzakayak.witty-fox.com\/sv\/wp-json\/wp\/v2\/media\/17686"}],"wp:attachment":[{"href":"https:\/\/avanzakayak.witty-fox.com\/sv\/wp-json\/wp\/v2\/media?parent=17225"}],"wp:term":[{"taxonomy":"product_cat","embeddable":true,"href":"https:\/\/avanzakayak.witty-fox.com\/sv\/wp-json\/wp\/v2\/product_cat?post=17225"},{"taxonomy":"product_tag","embeddable":true,"href":"https:\/\/avanzakayak.witty-fox.com\/sv\/wp-json\/wp\/v2\/product_tag?post=17225"}],"curies":[{"name":"wp","href":"https:\/\/api.w.org\/{rel}","templated":true}]}}