{"id":16982,"date":"2024-01-06T13:45:12","date_gmt":"2024-01-06T13:45:12","guid":{"rendered":"https:\/\/avanzakayak.witty-fox.com\/?post_type=product&#038;p=16982"},"modified":"2024-01-10T15:50:23","modified_gmt":"2024-01-10T15:50:23","slug":"beslag-for-olika-anvandningsomraden-kompletteras-med-band-eller-lina-plastbeslagen-ar-fran-itw-nexus-13","status":"publish","type":"product","link":"https:\/\/avanzakayak.witty-fox.com\/sv\/produkt\/beslag-for-olika-anvandningsomraden-kompletteras-med-band-eller-lina-plastbeslagen-ar-fran-itw-nexus-13\/","title":{"rendered":"Beslag f\u00f6r olika anv\u00e4ndningsomr\u00e5den. Kompletteras med band eller lina. Plastbeslagen \u00e4r fr\u00e5n ITW Nexus."},"content":{"rendered":"","protected":false},"excerpt":{"rendered":"<p>Beslag f\u00f6r olika anv\u00e4ndningsomr\u00e5den. Kompletteras med band eller lina. Plastbeslagen \u00e4r fr\u00e5n ITW Nexus.<\/p>\n<table border=\"0\" cellspacing=\"0\" cellpadding=\"0\">\n<tbody>\n<tr>\n<td><strong>FT 4.<\/strong>\u00a0Pris: 30:-<\/p>\n<p>Bandh\u00e5llare f\u00f6r 25 mm band<\/td>\n<\/tr>\n<\/tbody>\n<\/table>\n<p>&nbsp;<\/p>\n<p>&nbsp;<\/p>","protected":false},"featured_media":17733,"comment_status":"open","ping_status":"closed","template":"","meta":[],"product_cat":[127],"product_tag":[],"_links":{"self":[{"href":"https:\/\/avanzakayak.witty-fox.com\/sv\/wp-json\/wp\/v2\/product\/16982"}],"collection":[{"href":"https:\/\/avanzakayak.witty-fox.com\/sv\/wp-json\/wp\/v2\/product"}],"about":[{"href":"https:\/\/avanzakayak.witty-fox.com\/sv\/wp-json\/wp\/v2\/types\/product"}],"replies":[{"embeddable":true,"href":"https:\/\/avanzakayak.witty-fox.com\/sv\/wp-json\/wp\/v2\/comments?post=16982"}],"version-history":[{"count":2,"href":"https:\/\/avanzakayak.witty-fox.com\/sv\/wp-json\/wp\/v2\/product\/16982\/revisions"}],"predecessor-version":[{"id":17617,"href":"https:\/\/avanzakayak.witty-fox.com\/sv\/wp-json\/wp\/v2\/product\/16982\/revisions\/17617"}],"wp:featuredmedia":[{"embeddable":true,"href":"https:\/\/avanzakayak.witty-fox.com\/sv\/wp-json\/wp\/v2\/media\/17733"}],"wp:attachment":[{"href":"https:\/\/avanzakayak.witty-fox.com\/sv\/wp-json\/wp\/v2\/media?parent=16982"}],"wp:term":[{"taxonomy":"product_cat","embeddable":true,"href":"https:\/\/avanzakayak.witty-fox.com\/sv\/wp-json\/wp\/v2\/product_cat?post=16982"},{"taxonomy":"product_tag","embeddable":true,"href":"https:\/\/avanzakayak.witty-fox.com\/sv\/wp-json\/wp\/v2\/product_tag?post=16982"}],"curies":[{"name":"wp","href":"https:\/\/api.w.org\/{rel}","templated":true}]}}