{"id":16962,"date":"2024-01-06T13:25:45","date_gmt":"2024-01-06T13:25:45","guid":{"rendered":"https:\/\/avanzakayak.witty-fox.com\/?post_type=product&#038;p=16962"},"modified":"2024-01-10T15:30:23","modified_gmt":"2024-01-10T15:30:23","slug":"beslag-for-olika-anvandningsomraden-kompletteras-med-band-eller-lina-plastbeslagen-ar-fran-itw-nexus-8","status":"publish","type":"product","link":"https:\/\/avanzakayak.witty-fox.com\/sv\/produkt\/beslag-for-olika-anvandningsomraden-kompletteras-med-band-eller-lina-plastbeslagen-ar-fran-itw-nexus-8\/","title":{"rendered":"Beslag f\u00f6r olika anv\u00e4ndningsomr\u00e5den. Kompletteras med band eller lina. Plastbeslagen \u00e4r fr\u00e5n ITW Nexus."},"content":{"rendered":"","protected":false},"excerpt":{"rendered":"<p>Beslag f\u00f6r olika anv\u00e4ndningsomr\u00e5den. Kompletteras med band eller lina. Plastbeslagen \u00e4r fr\u00e5n ITW Nexus.<\/p>\n<p>D-ring f\u00f6r 25 mm band<\/p>\n<p>DR 25. Pris: 15:-<\/p>","protected":false},"featured_media":17725,"comment_status":"open","ping_status":"closed","template":"","meta":[],"product_cat":[127],"product_tag":[],"_links":{"self":[{"href":"https:\/\/avanzakayak.witty-fox.com\/sv\/wp-json\/wp\/v2\/product\/16962"}],"collection":[{"href":"https:\/\/avanzakayak.witty-fox.com\/sv\/wp-json\/wp\/v2\/product"}],"about":[{"href":"https:\/\/avanzakayak.witty-fox.com\/sv\/wp-json\/wp\/v2\/types\/product"}],"replies":[{"embeddable":true,"href":"https:\/\/avanzakayak.witty-fox.com\/sv\/wp-json\/wp\/v2\/comments?post=16962"}],"version-history":[{"count":1,"href":"https:\/\/avanzakayak.witty-fox.com\/sv\/wp-json\/wp\/v2\/product\/16962\/revisions"}],"predecessor-version":[{"id":16964,"href":"https:\/\/avanzakayak.witty-fox.com\/sv\/wp-json\/wp\/v2\/product\/16962\/revisions\/16964"}],"wp:featuredmedia":[{"embeddable":true,"href":"https:\/\/avanzakayak.witty-fox.com\/sv\/wp-json\/wp\/v2\/media\/17725"}],"wp:attachment":[{"href":"https:\/\/avanzakayak.witty-fox.com\/sv\/wp-json\/wp\/v2\/media?parent=16962"}],"wp:term":[{"taxonomy":"product_cat","embeddable":true,"href":"https:\/\/avanzakayak.witty-fox.com\/sv\/wp-json\/wp\/v2\/product_cat?post=16962"},{"taxonomy":"product_tag","embeddable":true,"href":"https:\/\/avanzakayak.witty-fox.com\/sv\/wp-json\/wp\/v2\/product_tag?post=16962"}],"curies":[{"name":"wp","href":"https:\/\/api.w.org\/{rel}","templated":true}]}}