{"id":16952,"date":"2024-01-06T13:20:39","date_gmt":"2024-01-06T13:20:39","guid":{"rendered":"https:\/\/avanzakayak.witty-fox.com\/?post_type=product&#038;p=16952"},"modified":"2024-01-10T11:33:14","modified_gmt":"2024-01-10T11:33:14","slug":"16952","status":"publish","type":"product","link":"https:\/\/avanzakayak.witty-fox.com\/sv\/produkt\/16952\/","title":{"rendered":"Beslag f\u00f6r olika anv\u00e4ndningsomr\u00e5den. Kompletteras med band eller lina. Plastbeslagen \u00e4r fr\u00e5n ITW Nexus."},"content":{"rendered":"","protected":false},"excerpt":{"rendered":"<p>Beslag f\u00f6r olika anv\u00e4ndningsomr\u00e5den. Kompletteras med band eller lina. Plastbeslagen \u00e4r fr\u00e5n ITW Nexus.<\/p>\n<p><strong>Karbinhake.<\/strong>\u00a0Svart nylon f\u00f6r linor och gummilinor.<\/p>\n<p>4 mm lina. Pris: 15:-<\/p>\n<p>6 mm lina. Pris: 20:-<\/p>","protected":false},"featured_media":17634,"comment_status":"open","ping_status":"closed","template":"","meta":[],"product_cat":[127],"product_tag":[],"_links":{"self":[{"href":"https:\/\/avanzakayak.witty-fox.com\/sv\/wp-json\/wp\/v2\/product\/16952"}],"collection":[{"href":"https:\/\/avanzakayak.witty-fox.com\/sv\/wp-json\/wp\/v2\/product"}],"about":[{"href":"https:\/\/avanzakayak.witty-fox.com\/sv\/wp-json\/wp\/v2\/types\/product"}],"replies":[{"embeddable":true,"href":"https:\/\/avanzakayak.witty-fox.com\/sv\/wp-json\/wp\/v2\/comments?post=16952"}],"version-history":[{"count":2,"href":"https:\/\/avanzakayak.witty-fox.com\/sv\/wp-json\/wp\/v2\/product\/16952\/revisions"}],"predecessor-version":[{"id":16957,"href":"https:\/\/avanzakayak.witty-fox.com\/sv\/wp-json\/wp\/v2\/product\/16952\/revisions\/16957"}],"wp:featuredmedia":[{"embeddable":true,"href":"https:\/\/avanzakayak.witty-fox.com\/sv\/wp-json\/wp\/v2\/media\/17634"}],"wp:attachment":[{"href":"https:\/\/avanzakayak.witty-fox.com\/sv\/wp-json\/wp\/v2\/media?parent=16952"}],"wp:term":[{"taxonomy":"product_cat","embeddable":true,"href":"https:\/\/avanzakayak.witty-fox.com\/sv\/wp-json\/wp\/v2\/product_cat?post=16952"},{"taxonomy":"product_tag","embeddable":true,"href":"https:\/\/avanzakayak.witty-fox.com\/sv\/wp-json\/wp\/v2\/product_tag?post=16952"}],"curies":[{"name":"wp","href":"https:\/\/api.w.org\/{rel}","templated":true}]}}