{"id":16918,"date":"2024-01-06T12:55:26","date_gmt":"2024-01-06T12:55:26","guid":{"rendered":"https:\/\/avanzakayak.witty-fox.com\/?post_type=product&#038;p=16918"},"modified":"2024-01-10T15:24:54","modified_gmt":"2024-01-10T15:24:54","slug":"beslag-for-olika-anvandningsomraden-kompletteras-med-band-eller-lina-plastbeslagen-ar-fran-itw-nexus","status":"publish","type":"product","link":"https:\/\/avanzakayak.witty-fox.com\/sv\/produkt\/beslag-for-olika-anvandningsomraden-kompletteras-med-band-eller-lina-plastbeslagen-ar-fran-itw-nexus\/","title":{"rendered":"Beslag f\u00f6r olika anv\u00e4ndningsomr\u00e5den. Kompletteras med band eller lina. Plastbeslagen \u00e4r fr\u00e5n ITW Nexus."},"content":{"rendered":"","protected":false},"excerpt":{"rendered":"<p><strong>Beslag<\/strong>\u00a0f\u00f6r olika anv\u00e4ndningsomr\u00e5den. Kompletteras med band eller lina. Plastbeslagen \u00e4r fr\u00e5n\u00a0<strong>ITW Nexus<\/strong>.<\/p>\n<p>Side release f\u00f6r 25, 40, 50 mm band<\/p>\n<p><strong>ESR 25.<\/strong>\u00a0Pris: 25:-<\/p>\n<p><strong>ESR 40.<\/strong>\u00a0Pris: 30:-<\/p>\n<p><strong>ESR 50.<\/strong>\u00a0Pris: 35:-<\/p>\n<p>&nbsp;<\/p>","protected":false},"featured_media":17723,"comment_status":"open","ping_status":"closed","template":"","meta":[],"product_cat":[127],"product_tag":[],"_links":{"self":[{"href":"https:\/\/avanzakayak.witty-fox.com\/sv\/wp-json\/wp\/v2\/product\/16918"}],"collection":[{"href":"https:\/\/avanzakayak.witty-fox.com\/sv\/wp-json\/wp\/v2\/product"}],"about":[{"href":"https:\/\/avanzakayak.witty-fox.com\/sv\/wp-json\/wp\/v2\/types\/product"}],"replies":[{"embeddable":true,"href":"https:\/\/avanzakayak.witty-fox.com\/sv\/wp-json\/wp\/v2\/comments?post=16918"}],"version-history":[{"count":2,"href":"https:\/\/avanzakayak.witty-fox.com\/sv\/wp-json\/wp\/v2\/product\/16918\/revisions"}],"predecessor-version":[{"id":17605,"href":"https:\/\/avanzakayak.witty-fox.com\/sv\/wp-json\/wp\/v2\/product\/16918\/revisions\/17605"}],"wp:featuredmedia":[{"embeddable":true,"href":"https:\/\/avanzakayak.witty-fox.com\/sv\/wp-json\/wp\/v2\/media\/17723"}],"wp:attachment":[{"href":"https:\/\/avanzakayak.witty-fox.com\/sv\/wp-json\/wp\/v2\/media?parent=16918"}],"wp:term":[{"taxonomy":"product_cat","embeddable":true,"href":"https:\/\/avanzakayak.witty-fox.com\/sv\/wp-json\/wp\/v2\/product_cat?post=16918"},{"taxonomy":"product_tag","embeddable":true,"href":"https:\/\/avanzakayak.witty-fox.com\/sv\/wp-json\/wp\/v2\/product_tag?post=16918"}],"curies":[{"name":"wp","href":"https:\/\/api.w.org\/{rel}","templated":true}]}}