{"id":16915,"date":"2024-01-06T12:49:40","date_gmt":"2024-01-06T12:49:40","guid":{"rendered":"https:\/\/avanzakayak.witty-fox.com\/?post_type=product&#038;p=16915"},"modified":"2024-01-13T16:46:26","modified_gmt":"2024-01-13T16:46:26","slug":"nite-ize-gear-tie-tube-forpacking-med-12-st-olika-gear-ties-i-blandade-storlekar-och-farger","status":"publish","type":"product","link":"https:\/\/avanzakayak.witty-fox.com\/sv\/produkt\/nite-ize-gear-tie-tube-forpacking-med-12-st-olika-gear-ties-i-blandade-storlekar-och-farger\/","title":{"rendered":"Nite Ize Gear\u00a0Tie Tube.\u00a0F\u00f6rpacking med 12 st olika Gear Ties i blandade storlekar och f\u00e4rger."},"content":{"rendered":"<p><strong>Nite Ize Gear<\/strong><strong>\u00a0Tie Tube<\/strong>.\u00a0F\u00f6rpacking med 12 st olika Gear Ties i blandade storlekar och f\u00e4rger.\u00a0Gear Tie \u00e4r en smart och innovativ produkt med obegr\u00e4nsade anv\u00e4ndningsomr\u00e5den.\u00a0Gear Tie \u00e4r en b\u00f6jbar gummibekl\u00e4dd vajer som ers\u00e4tter buntband, gummisnoddar och andra eng\u00e5ngsartiklar.\u00a0Passar perfekt till att organisera och f\u00e4sta ihop utrustning, verktyg, sladdar och andra prylar.<\/p>\n<p>Slitstarkt gummiskal som ger utm\u00e4rkt grepp.\u00a0L\u00e4mnar inga m\u00e4rken eller repor.\u00a0Klarar alla v\u00e4der, det \u00e4r b\u00e5de UV- och vattenresistent. T\u00e5l \u00e4ven saltvatten.\u00a0\u00c5teranv\u00e4ndbar, anv\u00e4nd igen och igen och igen.<\/p>\n<p><strong>F\u00f6rpackingen inneh\u00e5ller:<\/strong><br \/>\n3 st 7,6 cm i f\u00e4rgerna black, lime, bright orange<br \/>\n3 st 15,2 cm i f\u00e4rgerna black, blue, bright orange<br \/>\n2 st 30,5 cm I f\u00e4rgerna black, blue<br \/>\n2 st 45,7 cm i f\u00e4rgerna black, lime<br \/>\n2 st 60,9 cm i f\u00e4rgerna black, bright orange<\/p>\n<p>\u200b<\/p>\n<p>&nbsp;<\/p>","protected":false},"excerpt":{"rendered":"<p><strong>Nite Ize Gear<\/strong><strong>\u00a0Tie Tube<\/strong>.\u00a0F\u00f6rpacking med 12 st olika Gear Ties i blandade storlekar och f\u00e4rger.\u00a0Gear Tie \u00e4r en smart och innovativ produkt med obegr\u00e4nsade anv\u00e4ndningsomr\u00e5den.\u00a0Gear Tie \u00e4r en b\u00f6jbar gummibekl\u00e4dd vajer som ers\u00e4tter buntband, gummisnoddar och andra eng\u00e5ngsartiklar.\u00a0Passar perfekt till att organisera och f\u00e4sta ihop utrustning, verktyg, sladdar och andra prylar.<\/p>","protected":false},"featured_media":16916,"comment_status":"open","ping_status":"closed","template":"","meta":[],"product_cat":[127,90],"product_tag":[],"_links":{"self":[{"href":"https:\/\/avanzakayak.witty-fox.com\/sv\/wp-json\/wp\/v2\/product\/16915"}],"collection":[{"href":"https:\/\/avanzakayak.witty-fox.com\/sv\/wp-json\/wp\/v2\/product"}],"about":[{"href":"https:\/\/avanzakayak.witty-fox.com\/sv\/wp-json\/wp\/v2\/types\/product"}],"replies":[{"embeddable":true,"href":"https:\/\/avanzakayak.witty-fox.com\/sv\/wp-json\/wp\/v2\/comments?post=16915"}],"version-history":[{"count":1,"href":"https:\/\/avanzakayak.witty-fox.com\/sv\/wp-json\/wp\/v2\/product\/16915\/revisions"}],"predecessor-version":[{"id":16917,"href":"https:\/\/avanzakayak.witty-fox.com\/sv\/wp-json\/wp\/v2\/product\/16915\/revisions\/16917"}],"wp:featuredmedia":[{"embeddable":true,"href":"https:\/\/avanzakayak.witty-fox.com\/sv\/wp-json\/wp\/v2\/media\/16916"}],"wp:attachment":[{"href":"https:\/\/avanzakayak.witty-fox.com\/sv\/wp-json\/wp\/v2\/media?parent=16915"}],"wp:term":[{"taxonomy":"product_cat","embeddable":true,"href":"https:\/\/avanzakayak.witty-fox.com\/sv\/wp-json\/wp\/v2\/product_cat?post=16915"},{"taxonomy":"product_tag","embeddable":true,"href":"https:\/\/avanzakayak.witty-fox.com\/sv\/wp-json\/wp\/v2\/product_tag?post=16915"}],"curies":[{"name":"wp","href":"https:\/\/api.w.org\/{rel}","templated":true}]}}