{"id":16907,"date":"2024-01-06T12:42:53","date_gmt":"2024-01-06T12:42:53","guid":{"rendered":"https:\/\/avanzakayak.witty-fox.com\/?post_type=product&#038;p=16907"},"modified":"2024-01-10T12:13:01","modified_gmt":"2024-01-10T12:13:01","slug":"nite-ize-gear-s-biner-med-tva-grindar-karbinen-ar-tillverkad-i-rostritt-stal","status":"publish","type":"product","link":"https:\/\/avanzakayak.witty-fox.com\/sv\/produkt\/nite-ize-gear-s-biner-med-tva-grindar-karbinen-ar-tillverkad-i-rostritt-stal\/","title":{"rendered":"Nite Ize Gear S-Biner\u00a0med tv\u00e5 grindar. Karbinen \u00e4r tillverkad i rostritt st\u00e5l."},"content":{"rendered":"","protected":false},"excerpt":{"rendered":"<p><strong>Nite Ize Gear S-Biner\u00a0<\/strong>med tv\u00e5 grindar. Karbinen \u00e4r tillverkad i rostritt st\u00e5l. F\u00f6r att s\u00e4kra, koppla ihop eller organisera alltifr\u00e5n nycklar till utrustning.<\/p>\n<p><strong>OBS! Ej avsedd f\u00f6r kl\u00e4ttring!<\/strong><\/p>\n<p>\u200b<\/p>\n<p><strong>Storlek<\/strong><\/p>\n<p>#2: 51&#215;22 mm. Klarar 4,5 kg. Svart. Pris: 25:-<\/p>\n<p>#3: 67&#215;29 mm. Klarar 11,3 kg. Svart. Pris: 35:<\/p>\n<p>#4: 89&#215;38 mm. Klarar 34,0 kg. Svart. Pris: 45:-<\/p>\n<p>#4: 89&#215;38 mm. Klarar 34,0 kg. Silver. Pris: 45:-<\/p>","protected":false},"featured_media":17663,"comment_status":"open","ping_status":"closed","template":"","meta":[],"product_cat":[127],"product_tag":[],"_links":{"self":[{"href":"https:\/\/avanzakayak.witty-fox.com\/sv\/wp-json\/wp\/v2\/product\/16907"}],"collection":[{"href":"https:\/\/avanzakayak.witty-fox.com\/sv\/wp-json\/wp\/v2\/product"}],"about":[{"href":"https:\/\/avanzakayak.witty-fox.com\/sv\/wp-json\/wp\/v2\/types\/product"}],"replies":[{"embeddable":true,"href":"https:\/\/avanzakayak.witty-fox.com\/sv\/wp-json\/wp\/v2\/comments?post=16907"}],"version-history":[{"count":1,"href":"https:\/\/avanzakayak.witty-fox.com\/sv\/wp-json\/wp\/v2\/product\/16907\/revisions"}],"predecessor-version":[{"id":16910,"href":"https:\/\/avanzakayak.witty-fox.com\/sv\/wp-json\/wp\/v2\/product\/16907\/revisions\/16910"}],"wp:featuredmedia":[{"embeddable":true,"href":"https:\/\/avanzakayak.witty-fox.com\/sv\/wp-json\/wp\/v2\/media\/17663"}],"wp:attachment":[{"href":"https:\/\/avanzakayak.witty-fox.com\/sv\/wp-json\/wp\/v2\/media?parent=16907"}],"wp:term":[{"taxonomy":"product_cat","embeddable":true,"href":"https:\/\/avanzakayak.witty-fox.com\/sv\/wp-json\/wp\/v2\/product_cat?post=16907"},{"taxonomy":"product_tag","embeddable":true,"href":"https:\/\/avanzakayak.witty-fox.com\/sv\/wp-json\/wp\/v2\/product_tag?post=16907"}],"curies":[{"name":"wp","href":"https:\/\/api.w.org\/{rel}","templated":true}]}}