{"id":16885,"date":"2024-01-06T12:27:46","date_gmt":"2024-01-06T12:27:46","guid":{"rendered":"https:\/\/avanzakayak.witty-fox.com\/?post_type=product&#038;p=16885"},"modified":"2024-01-06T12:28:01","modified_gmt":"2024-01-06T12:28:01","slug":"karbinhake-anvandbar-for-manga-andamal-tillverkad-i-aluminium-och-stal","status":"publish","type":"product","link":"https:\/\/avanzakayak.witty-fox.com\/sv\/produkt\/karbinhake-anvandbar-for-manga-andamal-tillverkad-i-aluminium-och-stal\/","title":{"rendered":"Karbinhake\u00a0anv\u00e4ndbar f\u00f6r m\u00e5nga \u00e4ndam\u00e5l. Tillverkad i aluminium och st\u00e5l."},"content":{"rendered":"","protected":false},"excerpt":{"rendered":"<p><strong>Karbinhake<\/strong>\u00a0anv\u00e4ndbar f\u00f6r m\u00e5nga \u00e4ndam\u00e5l. Tillverkad i aluminium och st\u00e5l.<\/p>\n<p>M\u00e5tt: 50x26x5 mm.<\/p>\n<p>Vikt: 4 g. F\u00e4rg: R\u00f6d.<\/p>\n<p><strong>OBS! Ej avsedd f\u00f6r kl\u00e4ttring!<\/strong><\/p>\n<p>Pris:25:<\/p>","protected":false},"featured_media":16886,"comment_status":"open","ping_status":"closed","template":"","meta":[],"product_cat":[127],"product_tag":[],"_links":{"self":[{"href":"https:\/\/avanzakayak.witty-fox.com\/sv\/wp-json\/wp\/v2\/product\/16885"}],"collection":[{"href":"https:\/\/avanzakayak.witty-fox.com\/sv\/wp-json\/wp\/v2\/product"}],"about":[{"href":"https:\/\/avanzakayak.witty-fox.com\/sv\/wp-json\/wp\/v2\/types\/product"}],"replies":[{"embeddable":true,"href":"https:\/\/avanzakayak.witty-fox.com\/sv\/wp-json\/wp\/v2\/comments?post=16885"}],"version-history":[{"count":1,"href":"https:\/\/avanzakayak.witty-fox.com\/sv\/wp-json\/wp\/v2\/product\/16885\/revisions"}],"predecessor-version":[{"id":16887,"href":"https:\/\/avanzakayak.witty-fox.com\/sv\/wp-json\/wp\/v2\/product\/16885\/revisions\/16887"}],"wp:featuredmedia":[{"embeddable":true,"href":"https:\/\/avanzakayak.witty-fox.com\/sv\/wp-json\/wp\/v2\/media\/16886"}],"wp:attachment":[{"href":"https:\/\/avanzakayak.witty-fox.com\/sv\/wp-json\/wp\/v2\/media?parent=16885"}],"wp:term":[{"taxonomy":"product_cat","embeddable":true,"href":"https:\/\/avanzakayak.witty-fox.com\/sv\/wp-json\/wp\/v2\/product_cat?post=16885"},{"taxonomy":"product_tag","embeddable":true,"href":"https:\/\/avanzakayak.witty-fox.com\/sv\/wp-json\/wp\/v2\/product_tag?post=16885"}],"curies":[{"name":"wp","href":"https:\/\/api.w.org\/{rel}","templated":true}]}}