{"id":16851,"date":"2024-01-06T12:09:57","date_gmt":"2024-01-06T12:09:57","guid":{"rendered":"https:\/\/avanzakayak.witty-fox.com\/?post_type=product&#038;p=16851"},"modified":"2024-01-16T10:32:05","modified_gmt":"2024-01-16T10:32:05","slug":"basicnature-reflekterande-taltlina-lina-av-polypropen-med-invavd-reflekterande-fibrer","status":"publish","type":"product","link":"https:\/\/avanzakayak.witty-fox.com\/sv\/produkt\/basicnature-reflekterande-taltlina-lina-av-polypropen-med-invavd-reflekterande-fibrer\/","title":{"rendered":"BasicNature reflekterande t\u00e4ltlina."},"content":{"rendered":"","protected":false},"excerpt":{"rendered":"<p><strong>BasicNature reflekterande t\u00e4ltlina<\/strong>. Lina av polypropen med inv\u00e4vd reflekterande fibrer. Syns mycket bra efter m\u00f6rker. Perfekt som t\u00e4ltlina, tarp, kl\u00e4dstreck etc. Brottlast i l\u00e4ngden: \u00a01,4 kN. Dimension: 3 mm. F\u00e4rg: R\u00f6d.<\/p>\n<p>&nbsp;<\/p>","protected":false},"featured_media":17666,"comment_status":"open","ping_status":"closed","template":"","meta":[],"product_cat":[127,103],"product_tag":[],"_links":{"self":[{"href":"https:\/\/avanzakayak.witty-fox.com\/sv\/wp-json\/wp\/v2\/product\/16851"}],"collection":[{"href":"https:\/\/avanzakayak.witty-fox.com\/sv\/wp-json\/wp\/v2\/product"}],"about":[{"href":"https:\/\/avanzakayak.witty-fox.com\/sv\/wp-json\/wp\/v2\/types\/product"}],"replies":[{"embeddable":true,"href":"https:\/\/avanzakayak.witty-fox.com\/sv\/wp-json\/wp\/v2\/comments?post=16851"}],"version-history":[{"count":3,"href":"https:\/\/avanzakayak.witty-fox.com\/sv\/wp-json\/wp\/v2\/product\/16851\/revisions"}],"predecessor-version":[{"id":18256,"href":"https:\/\/avanzakayak.witty-fox.com\/sv\/wp-json\/wp\/v2\/product\/16851\/revisions\/18256"}],"wp:featuredmedia":[{"embeddable":true,"href":"https:\/\/avanzakayak.witty-fox.com\/sv\/wp-json\/wp\/v2\/media\/17666"}],"wp:attachment":[{"href":"https:\/\/avanzakayak.witty-fox.com\/sv\/wp-json\/wp\/v2\/media?parent=16851"}],"wp:term":[{"taxonomy":"product_cat","embeddable":true,"href":"https:\/\/avanzakayak.witty-fox.com\/sv\/wp-json\/wp\/v2\/product_cat?post=16851"},{"taxonomy":"product_tag","embeddable":true,"href":"https:\/\/avanzakayak.witty-fox.com\/sv\/wp-json\/wp\/v2\/product_tag?post=16851"}],"curies":[{"name":"wp","href":"https:\/\/api.w.org\/{rel}","templated":true}]}}