{"id":16846,"date":"2024-01-06T12:06:56","date_gmt":"2024-01-06T12:06:56","guid":{"rendered":"https:\/\/avanzakayak.witty-fox.com\/?post_type=product&#038;p=16846"},"modified":"2024-01-06T12:08:02","modified_gmt":"2024-01-06T12:08:02","slug":"hmg-taltlina-som-ar-tillverkad-i-uhmwpe-ultra-high-molecular-weight-polyethylene-karna-som-anvands-i-hmgs-ultralatta-talt","status":"publish","type":"product","link":"https:\/\/avanzakayak.witty-fox.com\/sv\/produkt\/hmg-taltlina-som-ar-tillverkad-i-uhmwpe-ultra-high-molecular-weight-polyethylene-karna-som-anvands-i-hmgs-ultralatta-talt\/","title":{"rendered":"HMG t\u00e4ltlina\u00a0som \u00e4r\u00a0tillverkad i UHMWPE (ultra-high-molecular-weight polyethylene) k\u00e4rna som anv\u00e4nds i HMG:s ultral\u00e4tta t\u00e4lt."},"content":{"rendered":"","protected":false},"excerpt":{"rendered":"<p><strong>HMG t\u00e4ltlina\u00a0som \u00e4r\u00a0t<\/strong>illverkad i UHMWPE (ultra-high-molecular-weight polyethylene) k\u00e4rna som anv\u00e4nds i HMG:s ultral\u00e4tta t\u00e4lt. Linan har ett polyesterh\u00f6lje som \u00e4r 30 % l\u00e4ttare \u00e4n nylon, spm inte absorberar vatten. Dimension: 2,8 mm. L\u00e4ngd: 15,25 m. Vikt: 54 g. F\u00e4rg: Bl\u00e5\/Vit.<\/p>\n<p>&nbsp;<\/p>","protected":false},"featured_media":16848,"comment_status":"open","ping_status":"closed","template":"","meta":[],"product_cat":[127],"product_tag":[],"_links":{"self":[{"href":"https:\/\/avanzakayak.witty-fox.com\/sv\/wp-json\/wp\/v2\/product\/16846"}],"collection":[{"href":"https:\/\/avanzakayak.witty-fox.com\/sv\/wp-json\/wp\/v2\/product"}],"about":[{"href":"https:\/\/avanzakayak.witty-fox.com\/sv\/wp-json\/wp\/v2\/types\/product"}],"replies":[{"embeddable":true,"href":"https:\/\/avanzakayak.witty-fox.com\/sv\/wp-json\/wp\/v2\/comments?post=16846"}],"version-history":[{"count":1,"href":"https:\/\/avanzakayak.witty-fox.com\/sv\/wp-json\/wp\/v2\/product\/16846\/revisions"}],"predecessor-version":[{"id":16849,"href":"https:\/\/avanzakayak.witty-fox.com\/sv\/wp-json\/wp\/v2\/product\/16846\/revisions\/16849"}],"wp:featuredmedia":[{"embeddable":true,"href":"https:\/\/avanzakayak.witty-fox.com\/sv\/wp-json\/wp\/v2\/media\/16848"}],"wp:attachment":[{"href":"https:\/\/avanzakayak.witty-fox.com\/sv\/wp-json\/wp\/v2\/media?parent=16846"}],"wp:term":[{"taxonomy":"product_cat","embeddable":true,"href":"https:\/\/avanzakayak.witty-fox.com\/sv\/wp-json\/wp\/v2\/product_cat?post=16846"},{"taxonomy":"product_tag","embeddable":true,"href":"https:\/\/avanzakayak.witty-fox.com\/sv\/wp-json\/wp\/v2\/product_tag?post=16846"}],"curies":[{"name":"wp","href":"https:\/\/api.w.org\/{rel}","templated":true}]}}