{"id":16839,"date":"2024-01-06T12:02:57","date_gmt":"2024-01-06T12:02:57","guid":{"rendered":"https:\/\/avanzakayak.witty-fox.com\/?post_type=product&#038;p=16839"},"modified":"2024-01-10T12:11:15","modified_gmt":"2024-01-10T12:11:15","slug":"minilina-fran-liros-polyesterlina-for-olika-andamal-hog-uv-skydd-olika-farger","status":"publish","type":"product","link":"https:\/\/avanzakayak.witty-fox.com\/sv\/produkt\/minilina-fran-liros-polyesterlina-for-olika-andamal-hog-uv-skydd-olika-farger\/","title":{"rendered":"Minilina fr\u00e5n LIROS.\u00a0Polyesterlina f\u00f6r olika \u00e4ndam\u00e5l.\u00a0H\u00f6g\u00a0UV-skydd.\u00a0Olika\u00a0f\u00e4rger."},"content":{"rendered":"","protected":false},"excerpt":{"rendered":"<p><strong>Minilina fr\u00e5n LIROS.\u00a0Polyesterlina f\u00f6r olika \u00e4ndam\u00e5l.\u00a0H\u00f6g\u00a0UV-skydd.\u00a0Olika\u00a0f\u00e4rger<\/strong>.<\/p>\n<p>2 mm. F\u00e4rg: Gul, R\u00f6d, Bl\u00e5, Svart och Vit. Pris: 5:-\/m<\/p>\n<p>3 mm. F\u00e4rg: Gul, R\u00f6d, Svart och Vit. Pris: 6:-\/m<\/p>\n<p>4 mm. F\u00e4rg: Gul, R\u00f6d, Svart och Vit. Pris: 7:-\/m<\/p>\n<p>5 mm. F\u00e4rg: Vit. Pris: 8:-\/m<\/p>","protected":false},"featured_media":17662,"comment_status":"open","ping_status":"closed","template":"","meta":[],"product_cat":[127],"product_tag":[],"_links":{"self":[{"href":"https:\/\/avanzakayak.witty-fox.com\/sv\/wp-json\/wp\/v2\/product\/16839"}],"collection":[{"href":"https:\/\/avanzakayak.witty-fox.com\/sv\/wp-json\/wp\/v2\/product"}],"about":[{"href":"https:\/\/avanzakayak.witty-fox.com\/sv\/wp-json\/wp\/v2\/types\/product"}],"replies":[{"embeddable":true,"href":"https:\/\/avanzakayak.witty-fox.com\/sv\/wp-json\/wp\/v2\/comments?post=16839"}],"version-history":[{"count":1,"href":"https:\/\/avanzakayak.witty-fox.com\/sv\/wp-json\/wp\/v2\/product\/16839\/revisions"}],"predecessor-version":[{"id":16845,"href":"https:\/\/avanzakayak.witty-fox.com\/sv\/wp-json\/wp\/v2\/product\/16839\/revisions\/16845"}],"wp:featuredmedia":[{"embeddable":true,"href":"https:\/\/avanzakayak.witty-fox.com\/sv\/wp-json\/wp\/v2\/media\/17662"}],"wp:attachment":[{"href":"https:\/\/avanzakayak.witty-fox.com\/sv\/wp-json\/wp\/v2\/media?parent=16839"}],"wp:term":[{"taxonomy":"product_cat","embeddable":true,"href":"https:\/\/avanzakayak.witty-fox.com\/sv\/wp-json\/wp\/v2\/product_cat?post=16839"},{"taxonomy":"product_tag","embeddable":true,"href":"https:\/\/avanzakayak.witty-fox.com\/sv\/wp-json\/wp\/v2\/product_tag?post=16839"}],"curies":[{"name":"wp","href":"https:\/\/api.w.org\/{rel}","templated":true}]}}