{"id":16836,"date":"2024-01-06T11:41:19","date_gmt":"2024-01-06T11:41:19","guid":{"rendered":"https:\/\/avanzakayak.witty-fox.com\/?post_type=product&#038;p=16836"},"modified":"2024-01-09T16:30:27","modified_gmt":"2024-01-09T16:30:27","slug":"aqua-marina-sakerhetslina-sup-leach","status":"publish","type":"product","link":"https:\/\/avanzakayak.witty-fox.com\/sv\/produkt\/aqua-marina-sakerhetslina-sup-leach\/","title":{"rendered":"Aqua Marina s\u00e4kerhetslina SUP Leach."},"content":{"rendered":"","protected":false},"excerpt":{"rendered":"<p><strong>Aqua Marina s\u00e4kerhetslina SUP Leach<\/strong>. En smidig s\u00e4kerhetslina f\u00f6r att f\u00f6rhindra att br\u00e4dan flyter iv\u00e4g vid ofrivilliga dopp.<\/p>","protected":false},"featured_media":17576,"comment_status":"open","ping_status":"closed","template":"","meta":[],"product_cat":[84],"product_tag":[],"_links":{"self":[{"href":"https:\/\/avanzakayak.witty-fox.com\/sv\/wp-json\/wp\/v2\/product\/16836"}],"collection":[{"href":"https:\/\/avanzakayak.witty-fox.com\/sv\/wp-json\/wp\/v2\/product"}],"about":[{"href":"https:\/\/avanzakayak.witty-fox.com\/sv\/wp-json\/wp\/v2\/types\/product"}],"replies":[{"embeddable":true,"href":"https:\/\/avanzakayak.witty-fox.com\/sv\/wp-json\/wp\/v2\/comments?post=16836"}],"version-history":[{"count":1,"href":"https:\/\/avanzakayak.witty-fox.com\/sv\/wp-json\/wp\/v2\/product\/16836\/revisions"}],"predecessor-version":[{"id":16838,"href":"https:\/\/avanzakayak.witty-fox.com\/sv\/wp-json\/wp\/v2\/product\/16836\/revisions\/16838"}],"wp:featuredmedia":[{"embeddable":true,"href":"https:\/\/avanzakayak.witty-fox.com\/sv\/wp-json\/wp\/v2\/media\/17576"}],"wp:attachment":[{"href":"https:\/\/avanzakayak.witty-fox.com\/sv\/wp-json\/wp\/v2\/media?parent=16836"}],"wp:term":[{"taxonomy":"product_cat","embeddable":true,"href":"https:\/\/avanzakayak.witty-fox.com\/sv\/wp-json\/wp\/v2\/product_cat?post=16836"},{"taxonomy":"product_tag","embeddable":true,"href":"https:\/\/avanzakayak.witty-fox.com\/sv\/wp-json\/wp\/v2\/product_tag?post=16836"}],"curies":[{"name":"wp","href":"https:\/\/api.w.org\/{rel}","templated":true}]}}