{"id":16831,"date":"2024-01-06T11:38:27","date_gmt":"2024-01-06T11:38:27","guid":{"rendered":"https:\/\/avanzakayak.witty-fox.com\/?post_type=product&#038;p=16831"},"modified":"2024-01-09T16:28:20","modified_gmt":"2024-01-09T16:28:20","slug":"aqua-marina-paddelhallare-for-sup-lattmonterad-paddelhallare-till-din-sup-tras-enkelt-igenom-d-ringen-pa-sup-bradan","status":"publish","type":"product","link":"https:\/\/avanzakayak.witty-fox.com\/sv\/produkt\/aqua-marina-paddelhallare-for-sup-lattmonterad-paddelhallare-till-din-sup-tras-enkelt-igenom-d-ringen-pa-sup-bradan\/","title":{"rendered":"Aqua Marina paddelh\u00e5llare f\u00f6r Sup. L\u00e4ttmonterad paddelh\u00e5llare till din SUP. Tr\u00e4s enkelt igenom D-ringen p\u00e5 Sup br\u00e4dan."},"content":{"rendered":"","protected":false},"excerpt":{"rendered":"<p><strong>Aqua Marina paddelh\u00e5llare f\u00f6r Sup<\/strong>. L\u00e4ttmonterad paddelh\u00e5llare till din SUP. Tr\u00e4s enkelt igenom D-ringen p\u00e5 Sup br\u00e4dan.<\/p>","protected":false},"featured_media":17573,"comment_status":"open","ping_status":"closed","template":"","meta":[],"product_cat":[84],"product_tag":[],"_links":{"self":[{"href":"https:\/\/avanzakayak.witty-fox.com\/sv\/wp-json\/wp\/v2\/product\/16831"}],"collection":[{"href":"https:\/\/avanzakayak.witty-fox.com\/sv\/wp-json\/wp\/v2\/product"}],"about":[{"href":"https:\/\/avanzakayak.witty-fox.com\/sv\/wp-json\/wp\/v2\/types\/product"}],"replies":[{"embeddable":true,"href":"https:\/\/avanzakayak.witty-fox.com\/sv\/wp-json\/wp\/v2\/comments?post=16831"}],"version-history":[{"count":2,"href":"https:\/\/avanzakayak.witty-fox.com\/sv\/wp-json\/wp\/v2\/product\/16831\/revisions"}],"predecessor-version":[{"id":16834,"href":"https:\/\/avanzakayak.witty-fox.com\/sv\/wp-json\/wp\/v2\/product\/16831\/revisions\/16834"}],"wp:featuredmedia":[{"embeddable":true,"href":"https:\/\/avanzakayak.witty-fox.com\/sv\/wp-json\/wp\/v2\/media\/17573"}],"wp:attachment":[{"href":"https:\/\/avanzakayak.witty-fox.com\/sv\/wp-json\/wp\/v2\/media?parent=16831"}],"wp:term":[{"taxonomy":"product_cat","embeddable":true,"href":"https:\/\/avanzakayak.witty-fox.com\/sv\/wp-json\/wp\/v2\/product_cat?post=16831"},{"taxonomy":"product_tag","embeddable":true,"href":"https:\/\/avanzakayak.witty-fox.com\/sv\/wp-json\/wp\/v2\/product_tag?post=16831"}],"curies":[{"name":"wp","href":"https:\/\/api.w.org\/{rel}","templated":true}]}}