{"id":16828,"date":"2024-01-06T11:37:19","date_gmt":"2024-01-06T11:37:19","guid":{"rendered":"https:\/\/avanzakayak.witty-fox.com\/?post_type=product&#038;p=16828"},"modified":"2024-01-09T16:29:40","modified_gmt":"2024-01-09T16:29:40","slug":"aqua-marina-isup-paddel-sport-aluminium-sup-paddel-som-kan-justeras-i-langd","status":"publish","type":"product","link":"https:\/\/avanzakayak.witty-fox.com\/sv\/produkt\/aqua-marina-isup-paddel-sport-aluminium-sup-paddel-som-kan-justeras-i-langd\/","title":{"rendered":"Aqua Marina iSUP paddel Sport.\u00a0Aluminium SUP paddel som kan justeras i l\u00e4ngd."},"content":{"rendered":"","protected":false},"excerpt":{"rendered":"<p><strong>Aqua Marina iSUP paddel Sport.<\/strong>\u00a0Aluminium SUP paddel som kan justeras i l\u00e4ngd. Detta g\u00f6r den m\u00f6jlig att anpassa till alla SUP surfare. Mycket m\u00e5ngsidig SUP paddel f\u00f6r b\u00e5de nyb\u00f6rjare samt de mer avancerade. Paddeln \u00e4r utrustad med en gjutna 1,4 mm tjocka ABS blad och aluminiumskaft som ger otrolig h\u00e5llbarhet.\u00a0 Paddeln best\u00e5r av 3-sektioner, som anpassas stegl\u00f6st i l\u00e4ngder mellan 1,66-2,10 m.<\/p>\n<p>&nbsp;<\/p>","protected":false},"featured_media":17574,"comment_status":"open","ping_status":"closed","template":"","meta":[],"product_cat":[84],"product_tag":[],"_links":{"self":[{"href":"https:\/\/avanzakayak.witty-fox.com\/sv\/wp-json\/wp\/v2\/product\/16828"}],"collection":[{"href":"https:\/\/avanzakayak.witty-fox.com\/sv\/wp-json\/wp\/v2\/product"}],"about":[{"href":"https:\/\/avanzakayak.witty-fox.com\/sv\/wp-json\/wp\/v2\/types\/product"}],"replies":[{"embeddable":true,"href":"https:\/\/avanzakayak.witty-fox.com\/sv\/wp-json\/wp\/v2\/comments?post=16828"}],"version-history":[{"count":2,"href":"https:\/\/avanzakayak.witty-fox.com\/sv\/wp-json\/wp\/v2\/product\/16828\/revisions"}],"predecessor-version":[{"id":17575,"href":"https:\/\/avanzakayak.witty-fox.com\/sv\/wp-json\/wp\/v2\/product\/16828\/revisions\/17575"}],"wp:featuredmedia":[{"embeddable":true,"href":"https:\/\/avanzakayak.witty-fox.com\/sv\/wp-json\/wp\/v2\/media\/17574"}],"wp:attachment":[{"href":"https:\/\/avanzakayak.witty-fox.com\/sv\/wp-json\/wp\/v2\/media?parent=16828"}],"wp:term":[{"taxonomy":"product_cat","embeddable":true,"href":"https:\/\/avanzakayak.witty-fox.com\/sv\/wp-json\/wp\/v2\/product_cat?post=16828"},{"taxonomy":"product_tag","embeddable":true,"href":"https:\/\/avanzakayak.witty-fox.com\/sv\/wp-json\/wp\/v2\/product_tag?post=16828"}],"curies":[{"name":"wp","href":"https:\/\/api.w.org\/{rel}","templated":true}]}}