{"id":16825,"date":"2024-01-06T11:34:32","date_gmt":"2024-01-06T11:34:32","guid":{"rendered":"https:\/\/avanzakayak.witty-fox.com\/?post_type=product&#038;p=16825"},"modified":"2024-01-06T11:34:45","modified_gmt":"2024-01-06T11:34:45","slug":"aqua-marina-luftpump-jumbo-for-isup-samt-gummibat-en-manuell-luftpump-med-robust-aluminiumskaft-samt-en-praktisk-tryckmatare","status":"publish","type":"product","link":"https:\/\/avanzakayak.witty-fox.com\/sv\/produkt\/aqua-marina-luftpump-jumbo-for-isup-samt-gummibat-en-manuell-luftpump-med-robust-aluminiumskaft-samt-en-praktisk-tryckmatare\/","title":{"rendered":"Aqua Marina luftpump JUMBO f\u00f6r iSUP samt gummib\u00e5t. En manuell luftpump med robust\u00a0aluminiumskaft samt en praktisk\u00a0tryckm\u00e4tare."},"content":{"rendered":"<p><strong>Aqua Marina luftpump JUMBO f\u00f6r iSUP samt gummib\u00e5t<\/strong>. En manuell luftpump med robust\u00a0aluminiumskaft samt en praktisk\u00a0tryckm\u00e4tare. Maxtryck f\u00f6r denna pump 1,38 bar\/20 psi.\u00a0T\u00e4nk p\u00e5 att iSUP samt h\u00f6gtrycksdurkar beh\u00f6ver ett h\u00f6gre tryck \u00e4n de flesta manuella pumpar kan klara av.\u00a0F\u00f6reslaget maxtryck p\u00e5 en iSUP fr\u00e5n Aqua Marina \u00e4r 15 psi. M\u00e5tt: 24x7x61cm.<\/p>\n<p>&nbsp;<\/p>","protected":false},"excerpt":{"rendered":"<p><strong>Aqua Marina luftpump JUMBO f\u00f6r iSUP samt gummib\u00e5t<\/strong>. En manuell luftpump med robust\u00a0aluminiumskaft samt en praktisk\u00a0tryckm\u00e4tare. Maxtryck f\u00f6r denna pump 1,38 bar\/20 psi.\u00a0T\u00e4nk p\u00e5 att iSUP samt h\u00f6gtrycksdurkar beh\u00f6ver ett h\u00f6gre tryck \u00e4n de flesta manuella pumpar kan klara av.<\/p>","protected":false},"featured_media":16826,"comment_status":"open","ping_status":"closed","template":"","meta":[],"product_cat":[84],"product_tag":[],"_links":{"self":[{"href":"https:\/\/avanzakayak.witty-fox.com\/sv\/wp-json\/wp\/v2\/product\/16825"}],"collection":[{"href":"https:\/\/avanzakayak.witty-fox.com\/sv\/wp-json\/wp\/v2\/product"}],"about":[{"href":"https:\/\/avanzakayak.witty-fox.com\/sv\/wp-json\/wp\/v2\/types\/product"}],"replies":[{"embeddable":true,"href":"https:\/\/avanzakayak.witty-fox.com\/sv\/wp-json\/wp\/v2\/comments?post=16825"}],"version-history":[{"count":1,"href":"https:\/\/avanzakayak.witty-fox.com\/sv\/wp-json\/wp\/v2\/product\/16825\/revisions"}],"predecessor-version":[{"id":16827,"href":"https:\/\/avanzakayak.witty-fox.com\/sv\/wp-json\/wp\/v2\/product\/16825\/revisions\/16827"}],"wp:featuredmedia":[{"embeddable":true,"href":"https:\/\/avanzakayak.witty-fox.com\/sv\/wp-json\/wp\/v2\/media\/16826"}],"wp:attachment":[{"href":"https:\/\/avanzakayak.witty-fox.com\/sv\/wp-json\/wp\/v2\/media?parent=16825"}],"wp:term":[{"taxonomy":"product_cat","embeddable":true,"href":"https:\/\/avanzakayak.witty-fox.com\/sv\/wp-json\/wp\/v2\/product_cat?post=16825"},{"taxonomy":"product_tag","embeddable":true,"href":"https:\/\/avanzakayak.witty-fox.com\/sv\/wp-json\/wp\/v2\/product_tag?post=16825"}],"curies":[{"name":"wp","href":"https:\/\/api.w.org\/{rel}","templated":true}]}}