{"id":16818,"date":"2024-01-06T11:30:23","date_gmt":"2024-01-06T11:30:23","guid":{"rendered":"https:\/\/avanzakayak.witty-fox.com\/?post_type=product&#038;p=16818"},"modified":"2024-01-06T11:30:37","modified_gmt":"2024-01-06T11:30:37","slug":"wetnfun-isup-glide-10-4-snygg-och-lattpaddlad-brada-fran-wetnfun","status":"publish","type":"product","link":"https:\/\/avanzakayak.witty-fox.com\/sv\/produkt\/wetnfun-isup-glide-10-4-snygg-och-lattpaddlad-brada-fran-wetnfun\/","title":{"rendered":"Wetnfun iSUP Glide 10.4. Snygg och l\u00e4ttpaddlad br\u00e4da fr\u00e5n Wetnfun."},"content":{"rendered":"<p><strong>Wetnfun iSUP Glide 10.4<\/strong>. Snygg och l\u00e4ttpaddlad br\u00e4da fr\u00e5n Wetnfun. Bra allroundegenskaper, balans mellan bra glid i plattvatten men samtidigt tillr\u00e4ckligt stabilitet f\u00f6r att klara v\u00e5gor och str\u00f6mmande vatten, perfekt f\u00f6r SUP Yoga. Idealisk f\u00f6r paddlare upp till ca 110 kg. Designad f\u00f6r att ta liten plats och med l\u00e5g vikt. Extremt anv\u00e4ndarv\u00e4nlig och perfekt att ha med p\u00e5 b\u00e5ten f\u00f6rpackad i ryggs\u00e4cken. Tillverkad i dubbla lager av t\u00e5lig PVC. Maximalt lufttryck 15 psi. M\u00e5tt: 315x76x15 cm. Vikt: 8,0 kg. Viktkapacitet: 130 kg.<\/p>\n<p>\u200b<\/p>\n<p><strong>Wetnfun iSUP set inkluderar:<\/strong><br \/>\n\u2022 Avtagbar Slide-in fena<br \/>\n\u2022 S\u00e4kerhetslina\/fotband<br \/>\n\u2022 Integrerade D-ringar med elastisk rem f\u00f6r att f\u00e4sta bagage<br \/>\n\u2022 Slitstarkt gummihandtag<br \/>\n\u2022 Grovm\u00f6nstrad fotplatta f\u00f6r ultimat grepp och komfort<br \/>\n\u2022 3-delad, justerbar aluminiumpaddel<br \/>\n\u2022 Dubbelverkande pump f\u00f6r snabb och enkel uppbl\u00e5sning<br \/>\n\u2022 Komfortabel ryggs\u00e4ck<br \/>\n\u2022 Reparationskit<\/p>\n<p>\u200b<\/p>\n<p>&nbsp;<\/p>","protected":false},"excerpt":{"rendered":"<p><strong>Wetnfun iSUP Glide 10.4<\/strong>. Snygg och l\u00e4ttpaddlad br\u00e4da fr\u00e5n Wetnfun. Bra allroundegenskaper, balans mellan bra glid i plattvatten men samtidigt tillr\u00e4ckligt stabilitet f\u00f6r att klara v\u00e5gor och str\u00f6mmande vatten, perfekt f\u00f6r SUP Yoga.<\/p>","protected":false},"featured_media":16820,"comment_status":"open","ping_status":"closed","template":"","meta":[],"product_cat":[84],"product_tag":[],"_links":{"self":[{"href":"https:\/\/avanzakayak.witty-fox.com\/sv\/wp-json\/wp\/v2\/product\/16818"}],"collection":[{"href":"https:\/\/avanzakayak.witty-fox.com\/sv\/wp-json\/wp\/v2\/product"}],"about":[{"href":"https:\/\/avanzakayak.witty-fox.com\/sv\/wp-json\/wp\/v2\/types\/product"}],"replies":[{"embeddable":true,"href":"https:\/\/avanzakayak.witty-fox.com\/sv\/wp-json\/wp\/v2\/comments?post=16818"}],"version-history":[{"count":1,"href":"https:\/\/avanzakayak.witty-fox.com\/sv\/wp-json\/wp\/v2\/product\/16818\/revisions"}],"predecessor-version":[{"id":16821,"href":"https:\/\/avanzakayak.witty-fox.com\/sv\/wp-json\/wp\/v2\/product\/16818\/revisions\/16821"}],"wp:featuredmedia":[{"embeddable":true,"href":"https:\/\/avanzakayak.witty-fox.com\/sv\/wp-json\/wp\/v2\/media\/16820"}],"wp:attachment":[{"href":"https:\/\/avanzakayak.witty-fox.com\/sv\/wp-json\/wp\/v2\/media?parent=16818"}],"wp:term":[{"taxonomy":"product_cat","embeddable":true,"href":"https:\/\/avanzakayak.witty-fox.com\/sv\/wp-json\/wp\/v2\/product_cat?post=16818"},{"taxonomy":"product_tag","embeddable":true,"href":"https:\/\/avanzakayak.witty-fox.com\/sv\/wp-json\/wp\/v2\/product_tag?post=16818"}],"curies":[{"name":"wp","href":"https:\/\/api.w.org\/{rel}","templated":true}]}}