{"id":16810,"date":"2024-01-06T11:24:48","date_gmt":"2024-01-06T11:24:48","guid":{"rendered":"https:\/\/avanzakayak.witty-fox.com\/?post_type=product&#038;p=16810"},"modified":"2024-01-09T16:25:18","modified_gmt":"2024-01-09T16:25:18","slug":"aqua-marina-thrive-isup-stabil-sup-som-passar-till-cruising-pa-platt-vatten-samt-lek-i-vagor-tack-vare-den-integrerade-kick-paden","status":"publish","type":"product","link":"https:\/\/avanzakayak.witty-fox.com\/sv\/produkt\/aqua-marina-thrive-isup-stabil-sup-som-passar-till-cruising-pa-platt-vatten-samt-lek-i-vagor-tack-vare-den-integrerade-kick-paden\/","title":{"rendered":"Aqua Marina Thrive iSUP. Stabil SUP som passar till cruising p\u00e5 platt vatten samt lek i v\u00e5gor tack vare den integrerade kick-paden."},"content":{"rendered":"<p><strong>Aqua Marina Thrive iSUP<\/strong>. Stabil SUP som passar till cruising p\u00e5 platt vatten samt lek i v\u00e5gor tack vare den integrerade kick-paden. L\u00e4tt att transportera i den medf\u00f6ljande p\u00e5sen samt l\u00e4tt att stuva i bilen eller b\u00e5ten. Det optimala lufttrycket \u00e4r upp till 1 bar (15 psi). Br\u00e4dan \u00e4r tillverkad av PVC med s.k. drop stitch construction, en speciell konstruktionsteknik som m\u00f6jligg\u00f6r en stabilare och robustare paddelbr\u00e4da. Denna konstruktionstyp g\u00f6r br\u00e4dan i princip lika h\u00e5rd som en icke-uppbl\u00e5sbar br\u00e4da. Skillnaden \u00e4r egentligen bara att en uppbl\u00e5sbar br\u00e4da \u00e4r enklare att transportera p\u00e5 grund av sin betydligt l\u00e4gre vikt. Br\u00e4dan har fyra f\u00e4stpunkter f\u00f6r packning.<\/p>\n<p>M\u00e5tt: 300x75x15 cm.<\/p>\n<p>Vikt: 7,5 kg. Lastf\u00f6rm\u00e5ga: 120 kg.<\/p>\n<p>Packstorlek: 83x43x25cm.<\/p>","protected":false},"excerpt":{"rendered":"<p><strong>Aqua Marina Thrive iSUP<\/strong>. Stabil SUP som passar till cruising p\u00e5 platt vatten samt lek i v\u00e5gor tack vare den integrerade kick-paden. L\u00e4tt att transportera i den medf\u00f6ljande p\u00e5sen samt l\u00e4tt att stuva i bilen eller b\u00e5ten. Det optimala lufttrycket \u00e4r upp till 1 bar (15 psi).<\/p>","protected":false},"featured_media":17571,"comment_status":"open","ping_status":"closed","template":"","meta":[],"product_cat":[84],"product_tag":[],"_links":{"self":[{"href":"https:\/\/avanzakayak.witty-fox.com\/sv\/wp-json\/wp\/v2\/product\/16810"}],"collection":[{"href":"https:\/\/avanzakayak.witty-fox.com\/sv\/wp-json\/wp\/v2\/product"}],"about":[{"href":"https:\/\/avanzakayak.witty-fox.com\/sv\/wp-json\/wp\/v2\/types\/product"}],"replies":[{"embeddable":true,"href":"https:\/\/avanzakayak.witty-fox.com\/sv\/wp-json\/wp\/v2\/comments?post=16810"}],"version-history":[{"count":3,"href":"https:\/\/avanzakayak.witty-fox.com\/sv\/wp-json\/wp\/v2\/product\/16810\/revisions"}],"predecessor-version":[{"id":16817,"href":"https:\/\/avanzakayak.witty-fox.com\/sv\/wp-json\/wp\/v2\/product\/16810\/revisions\/16817"}],"wp:featuredmedia":[{"embeddable":true,"href":"https:\/\/avanzakayak.witty-fox.com\/sv\/wp-json\/wp\/v2\/media\/17571"}],"wp:attachment":[{"href":"https:\/\/avanzakayak.witty-fox.com\/sv\/wp-json\/wp\/v2\/media?parent=16810"}],"wp:term":[{"taxonomy":"product_cat","embeddable":true,"href":"https:\/\/avanzakayak.witty-fox.com\/sv\/wp-json\/wp\/v2\/product_cat?post=16810"},{"taxonomy":"product_tag","embeddable":true,"href":"https:\/\/avanzakayak.witty-fox.com\/sv\/wp-json\/wp\/v2\/product_tag?post=16810"}],"curies":[{"name":"wp","href":"https:\/\/api.w.org\/{rel}","templated":true}]}}