{"id":16807,"date":"2024-01-06T11:08:52","date_gmt":"2024-01-06T11:08:52","guid":{"rendered":"https:\/\/avanzakayak.witty-fox.com\/?post_type=product&#038;p=16807"},"modified":"2024-01-06T11:08:52","modified_gmt":"2024-01-06T11:08:52","slug":"bok-mother-of-god-forf-paul-rosolie-en-fangslande-bok","status":"publish","type":"product","link":"https:\/\/avanzakayak.witty-fox.com\/sv\/produkt\/bok-mother-of-god-forf-paul-rosolie-en-fangslande-bok\/","title":{"rendered":"Bok\u00a0&#8220;Mother of God&#8221;\u00a0F\u00f6rf.\u00a0Paul\u00a0Rosolie. En f\u00e4ngslande bok,"},"content":{"rendered":"","protected":false},"excerpt":{"rendered":"<p><strong>Bok\u00a0&#8220;Mother of God&#8221;\u00a0F\u00f6rf.\u00a0Paul\u00a0Rosolie<\/strong>. En f\u00e4ngslande bok, som dokumenterar Pauls \u00e4ventyr in i djupet av v\u00e4stra Amazonas.<\/p>\n<p>&nbsp;<\/p>","protected":false},"featured_media":16808,"comment_status":"open","ping_status":"closed","template":"","meta":[],"product_cat":[79],"product_tag":[],"_links":{"self":[{"href":"https:\/\/avanzakayak.witty-fox.com\/sv\/wp-json\/wp\/v2\/product\/16807"}],"collection":[{"href":"https:\/\/avanzakayak.witty-fox.com\/sv\/wp-json\/wp\/v2\/product"}],"about":[{"href":"https:\/\/avanzakayak.witty-fox.com\/sv\/wp-json\/wp\/v2\/types\/product"}],"replies":[{"embeddable":true,"href":"https:\/\/avanzakayak.witty-fox.com\/sv\/wp-json\/wp\/v2\/comments?post=16807"}],"version-history":[{"count":1,"href":"https:\/\/avanzakayak.witty-fox.com\/sv\/wp-json\/wp\/v2\/product\/16807\/revisions"}],"predecessor-version":[{"id":16809,"href":"https:\/\/avanzakayak.witty-fox.com\/sv\/wp-json\/wp\/v2\/product\/16807\/revisions\/16809"}],"wp:featuredmedia":[{"embeddable":true,"href":"https:\/\/avanzakayak.witty-fox.com\/sv\/wp-json\/wp\/v2\/media\/16808"}],"wp:attachment":[{"href":"https:\/\/avanzakayak.witty-fox.com\/sv\/wp-json\/wp\/v2\/media?parent=16807"}],"wp:term":[{"taxonomy":"product_cat","embeddable":true,"href":"https:\/\/avanzakayak.witty-fox.com\/sv\/wp-json\/wp\/v2\/product_cat?post=16807"},{"taxonomy":"product_tag","embeddable":true,"href":"https:\/\/avanzakayak.witty-fox.com\/sv\/wp-json\/wp\/v2\/product_tag?post=16807"}],"curies":[{"name":"wp","href":"https:\/\/api.w.org\/{rel}","templated":true}]}}