{"id":16804,"date":"2024-01-06T11:07:36","date_gmt":"2024-01-06T11:07:36","guid":{"rendered":"https:\/\/avanzakayak.witty-fox.com\/?post_type=product&#038;p=16804"},"modified":"2024-01-13T10:47:34","modified_gmt":"2024-01-13T10:47:34","slug":"bok-a-long-trek-home-forf-erin-mckittrick-och-bretwood-hig-higman","status":"publish","type":"product","link":"https:\/\/avanzakayak.witty-fox.com\/sv\/produkt\/bok-a-long-trek-home-forf-erin-mckittrick-och-bretwood-hig-higman\/","title":{"rendered":"Bok &#8220;A long trek home&#8221; F\u00f6rf. Erin McKittrick och Brentwood &#8220;Hig&#8221; Higman."},"content":{"rendered":"","protected":false},"excerpt":{"rendered":"<p><strong>Bok &#8220;A long trek home&#8221; F\u00f6rf. Erin McKittrick och Bretwood &#8220;Hig&#8221; Higman.<\/strong>\u00a0<span class=\"longtext\">Fr\u00e5n Seattle, vad som skulle bli en 9-m\u00e5nader och 6\u00a0400 km f\u00e4rd till Aleutian Islands.\u00a0<\/span><span title=\"\">Ett \u00e5r senare n\u00e5dde de Unimak Island, Alaska. De f\u00e4rdades hela str\u00e4ckan utan anv\u00e4ndning av motorfordon.\u00a0<\/span><span title=\"\">Deras strapatsrika resa omfattade korsning av glaci\u00e4rfjordar, arga sj\u00f6lejon, skid\u00e5kning i -30 graders kyla, grizzlybj\u00f6rns m\u00f6ten och h\u00e5rda stormar som gjorde drivor i v\u00e5t sand.<\/span><\/p>\n<p>&nbsp;<\/p>","protected":false},"featured_media":17699,"comment_status":"open","ping_status":"closed","template":"","meta":[],"product_cat":[79,107],"product_tag":[],"_links":{"self":[{"href":"https:\/\/avanzakayak.witty-fox.com\/sv\/wp-json\/wp\/v2\/product\/16804"}],"collection":[{"href":"https:\/\/avanzakayak.witty-fox.com\/sv\/wp-json\/wp\/v2\/product"}],"about":[{"href":"https:\/\/avanzakayak.witty-fox.com\/sv\/wp-json\/wp\/v2\/types\/product"}],"replies":[{"embeddable":true,"href":"https:\/\/avanzakayak.witty-fox.com\/sv\/wp-json\/wp\/v2\/comments?post=16804"}],"version-history":[{"count":2,"href":"https:\/\/avanzakayak.witty-fox.com\/sv\/wp-json\/wp\/v2\/product\/16804\/revisions"}],"predecessor-version":[{"id":17700,"href":"https:\/\/avanzakayak.witty-fox.com\/sv\/wp-json\/wp\/v2\/product\/16804\/revisions\/17700"}],"wp:featuredmedia":[{"embeddable":true,"href":"https:\/\/avanzakayak.witty-fox.com\/sv\/wp-json\/wp\/v2\/media\/17699"}],"wp:attachment":[{"href":"https:\/\/avanzakayak.witty-fox.com\/sv\/wp-json\/wp\/v2\/media?parent=16804"}],"wp:term":[{"taxonomy":"product_cat","embeddable":true,"href":"https:\/\/avanzakayak.witty-fox.com\/sv\/wp-json\/wp\/v2\/product_cat?post=16804"},{"taxonomy":"product_tag","embeddable":true,"href":"https:\/\/avanzakayak.witty-fox.com\/sv\/wp-json\/wp\/v2\/product_tag?post=16804"}],"curies":[{"name":"wp","href":"https:\/\/api.w.org\/{rel}","templated":true}]}}