{"id":16680,"date":"2024-01-05T17:39:35","date_gmt":"2024-01-05T17:39:35","guid":{"rendered":"https:\/\/avanzakayak.witty-fox.com\/?post_type=product&#038;p=16680"},"modified":"2024-01-10T14:51:06","modified_gmt":"2024-01-10T14:51:06","slug":"pumpsack-ingar-nar-du-koper-en-alpacka-raft-denna-luftsack-ar-en-ultralatt-luftpump-for-att-blasa-upp-packraften-med","status":"publish","type":"product","link":"https:\/\/avanzakayak.witty-fox.com\/sv\/produkt\/pumpsack-ingar-nar-du-koper-en-alpacka-raft-denna-luftsack-ar-en-ultralatt-luftpump-for-att-blasa-upp-packraften-med\/","title":{"rendered":"Pack-A-Pump, med polykarbonatslang, kan g\u00e4ngas direkt p\u00e5 ventilen."},"content":{"rendered":"","protected":false},"excerpt":{"rendered":"<p>Pack-A-Pump, med polykarbonatslang, kan g\u00e4ngas direkt p\u00e5 ventilen. Perfekt storlek f\u00f6r att f\u00e5 plats i din d\u00e4cksv\u00e4ska. Du pumpar upp din packraft med 30-40 pumpslag (lufttryck 1,5-2,0 PSI). Pumpen har ocks\u00e5 en intern vattent\u00e4t f\u00f6rvaring i pumphandtaget d\u00e4r du kan f\u00f6rvara t ex reparationssats. Obs: Pack-A-Pumps \u00e4r anpassad endast till Alpacka Rafts backventil efter 2017. Pumpen fungerar inte med tidigare ventil fr\u00e5n 2016 och tidigare Alpacka eller till n\u00e5got annan ventiltyp. M\u00e5tt: 26 x 6,4 cm. Vikt: 200 g.<\/p>","protected":false},"featured_media":17710,"comment_status":"open","ping_status":"closed","template":"","meta":[],"product_cat":[79],"product_tag":[],"_links":{"self":[{"href":"https:\/\/avanzakayak.witty-fox.com\/sv\/wp-json\/wp\/v2\/product\/16680"}],"collection":[{"href":"https:\/\/avanzakayak.witty-fox.com\/sv\/wp-json\/wp\/v2\/product"}],"about":[{"href":"https:\/\/avanzakayak.witty-fox.com\/sv\/wp-json\/wp\/v2\/types\/product"}],"replies":[{"embeddable":true,"href":"https:\/\/avanzakayak.witty-fox.com\/sv\/wp-json\/wp\/v2\/comments?post=16680"}],"version-history":[{"count":3,"href":"https:\/\/avanzakayak.witty-fox.com\/sv\/wp-json\/wp\/v2\/product\/16680\/revisions"}],"predecessor-version":[{"id":16691,"href":"https:\/\/avanzakayak.witty-fox.com\/sv\/wp-json\/wp\/v2\/product\/16680\/revisions\/16691"}],"wp:featuredmedia":[{"embeddable":true,"href":"https:\/\/avanzakayak.witty-fox.com\/sv\/wp-json\/wp\/v2\/media\/17710"}],"wp:attachment":[{"href":"https:\/\/avanzakayak.witty-fox.com\/sv\/wp-json\/wp\/v2\/media?parent=16680"}],"wp:term":[{"taxonomy":"product_cat","embeddable":true,"href":"https:\/\/avanzakayak.witty-fox.com\/sv\/wp-json\/wp\/v2\/product_cat?post=16680"},{"taxonomy":"product_tag","embeddable":true,"href":"https:\/\/avanzakayak.witty-fox.com\/sv\/wp-json\/wp\/v2\/product_tag?post=16680"}],"curies":[{"name":"wp","href":"https:\/\/api.w.org\/{rel}","templated":true}]}}