{"id":16675,"date":"2024-01-05T17:34:15","date_gmt":"2024-01-05T17:34:15","guid":{"rendered":"https:\/\/avanzakayak.witty-fox.com\/?post_type=product&#038;p=16675"},"modified":"2024-01-09T16:47:47","modified_gmt":"2024-01-09T16:47:47","slug":"16675","status":"publish","type":"product","link":"https:\/\/avanzakayak.witty-fox.com\/sv\/produkt\/16675\/","title":{"rendered":"odrig sp\u00f6h\u00e5llare\u00a0\u00e4r anpassad f\u00f6r Alpacka Raft b\u00e5tarna och d\u00e4r de fyra f\u00e4stpunkterna i f\u00f6ren anv\u00e4nds f\u00f6r att montera denna sp\u00f6h\u00e5lare."},"content":{"rendered":"<p>&nbsp;<\/p>\n<p>\u200b<\/p>\n<p>&nbsp;<\/p>","protected":false},"excerpt":{"rendered":"<p><strong>odrig s<\/strong><strong>p\u00f6h\u00e5llare<\/strong>\u00a0\u00e4r anpassad f\u00f6r Alpacka Raft b\u00e5tarna och d\u00e4r de fyra f\u00e4stpunkterna i f\u00f6ren anv\u00e4nds f\u00f6r att montera denna sp\u00f6h\u00e5lare. Konstruktionen \u00e4r tillverkad av kolfiber och aluminium vilket g\u00f6r den l\u00e4tt att ha med sig p\u00e5 fisketuren.<\/p>\n<p><strong>Monteringsanvisning.<\/strong>\u00a0Klicka\u00a0<a title=\"Rodrig manual\" href=\"https:\/\/avanzakayak.com\/Rodrig-manual-Alpacka-Avanza-Eng.pdf\">h\u00e4r<\/a><\/p>\n<p>\u200b<a title=\"Rod Rig\" href=\"https:\/\/youtu.be\/l7Iu-GXaoaE#Rod%20Rig\"><img decoding=\"async\" src=\"https:\/\/avanzakayak.com\/img\/image-155.png\" alt=\"\" \/><\/a><\/p>\n<p>&nbsp;<\/p>","protected":false},"featured_media":17586,"comment_status":"open","ping_status":"closed","template":"","meta":[],"product_cat":[79],"product_tag":[],"_links":{"self":[{"href":"https:\/\/avanzakayak.witty-fox.com\/sv\/wp-json\/wp\/v2\/product\/16675"}],"collection":[{"href":"https:\/\/avanzakayak.witty-fox.com\/sv\/wp-json\/wp\/v2\/product"}],"about":[{"href":"https:\/\/avanzakayak.witty-fox.com\/sv\/wp-json\/wp\/v2\/types\/product"}],"replies":[{"embeddable":true,"href":"https:\/\/avanzakayak.witty-fox.com\/sv\/wp-json\/wp\/v2\/comments?post=16675"}],"version-history":[{"count":2,"href":"https:\/\/avanzakayak.witty-fox.com\/sv\/wp-json\/wp\/v2\/product\/16675\/revisions"}],"predecessor-version":[{"id":16678,"href":"https:\/\/avanzakayak.witty-fox.com\/sv\/wp-json\/wp\/v2\/product\/16675\/revisions\/16678"}],"wp:featuredmedia":[{"embeddable":true,"href":"https:\/\/avanzakayak.witty-fox.com\/sv\/wp-json\/wp\/v2\/media\/17586"}],"wp:attachment":[{"href":"https:\/\/avanzakayak.witty-fox.com\/sv\/wp-json\/wp\/v2\/media?parent=16675"}],"wp:term":[{"taxonomy":"product_cat","embeddable":true,"href":"https:\/\/avanzakayak.witty-fox.com\/sv\/wp-json\/wp\/v2\/product_cat?post=16675"},{"taxonomy":"product_tag","embeddable":true,"href":"https:\/\/avanzakayak.witty-fox.com\/sv\/wp-json\/wp\/v2\/product_tag?post=16675"}],"curies":[{"name":"wp","href":"https:\/\/api.w.org\/{rel}","templated":true}]}}