{"id":16646,"date":"2024-01-05T13:39:48","date_gmt":"2024-01-05T13:39:48","guid":{"rendered":"https:\/\/avanzakayak.witty-fox.com\/?post_type=product&#038;p=16646"},"modified":"2024-01-13T12:10:33","modified_gmt":"2024-01-13T12:10:33","slug":"16646","status":"publish","type":"product","link":"https:\/\/avanzakayak.witty-fox.com\/sv\/produkt\/16646\/","title":{"rendered":"Float Underwear Thermo innerv\u00e4st. En mycket varm, l\u00e4tt och smidig thermoinnerv\u00e4st"},"content":{"rendered":"<p><strong>Float Underwear Thermo innerv\u00e4st<\/strong>. En mycket varm, l\u00e4tt och smidig thermoinnerv\u00e4st fr\u00e5n Thermotic med h\u00f6g flytkraft och mycket bra andningsegenskaper. Insv\u00e4ngd modell med h\u00f6g krage som g\u00e5r l\u00e5ngt ned med antiglidres\u00e5r i midjan f\u00f6r b\u00e4sta passform. Ytter- och innertyg samt muddar i nylonmaterial. Kraftig hel\u00a0YKK tv\u00e5v\u00e4gsdragkedja. V\u00e4sten \u00e4r \u00e4ven utrustad med grenband.<\/p>\n<p><strong>Float Underwear<\/strong>\u00a0har ungef\u00e4r samma storlekar och l\u00e4ngd som vanliga underkl\u00e4der men en v\u00e4gledning kan vara f\u00f6ljande: (OBS! Nedanst\u00e5ende viktanvisnigar har ingenting med flytf\u00f6rm\u00e5ga att g\u00f6ra, Det \u00e4r bara exempel f\u00f6r anvisning p\u00e5 storlek).\u200b<\/p>\n<p>Mycket varma Thermounderkl\u00e4der<\/p>\n<p>&#8211; Extremt h\u00f6g flytf\u00f6rm\u00e5ga<\/p>\n<p>&#8211; Unika patenterade andningsegenskaper<\/p>\n<p>&#8211; Vikt ca 190 g (strl Medium)<\/p>\n<p>&#8211; Mycket smidiga<\/p>\n<p>&#8211; Tjocklek 3 mm<\/p>\n<p>&#8211; Mycket mjukt material, prasslar ej<\/p>\n<p>&#8211;\u00a0Storlekar 6-8 \u00e5r till 3 XL. I lager har vi M, L,\u00a0XL och 2XL<\/p>\n<p>&#8211; F\u00e4rg: Svart och R\u00f6d<\/p>\n<p>&#8211; Svensk design och tillverkning<\/p>\n<p>&#8211; S (55-65 kg)<\/p>\n<p>&#8211; M (65-75 kg)<\/p>\n<p>&#8211; L (75-85 kg)<\/p>\n<p>&#8211; XL (85-95 kg)<\/p>\n<p>&#8211; 2XL (95-105 kg)<\/p>\n<p>\u200bPris Svart: 1 590:-<\/p>\n<p>&nbsp;<\/p>","protected":false},"excerpt":{"rendered":"<p><strong>Float Underwear Thermo innerv\u00e4st<\/strong>. En mycket varm, l\u00e4tt och smidig thermoinnerv\u00e4st fr\u00e5n Thermotic med h\u00f6g flytkraft och mycket bra andningsegenskaper. Insv\u00e4ngd modell med h\u00f6g krage som g\u00e5r l\u00e5ngt ned med antiglidres\u00e5r i midjan f\u00f6r b\u00e4sta passform. Ytter- och innertyg samt muddar i nylonmaterial. Kraftig hel\u00a0YKK tv\u00e5v\u00e4gsdragkedja. V\u00e4sten \u00e4r \u00e4ven utrustad med grenband.<\/p>","protected":false},"featured_media":17581,"comment_status":"open","ping_status":"closed","template":"","meta":[],"product_cat":[79,89],"product_tag":[],"_links":{"self":[{"href":"https:\/\/avanzakayak.witty-fox.com\/sv\/wp-json\/wp\/v2\/product\/16646"}],"collection":[{"href":"https:\/\/avanzakayak.witty-fox.com\/sv\/wp-json\/wp\/v2\/product"}],"about":[{"href":"https:\/\/avanzakayak.witty-fox.com\/sv\/wp-json\/wp\/v2\/types\/product"}],"replies":[{"embeddable":true,"href":"https:\/\/avanzakayak.witty-fox.com\/sv\/wp-json\/wp\/v2\/comments?post=16646"}],"version-history":[{"count":5,"href":"https:\/\/avanzakayak.witty-fox.com\/sv\/wp-json\/wp\/v2\/product\/16646\/revisions"}],"predecessor-version":[{"id":17584,"href":"https:\/\/avanzakayak.witty-fox.com\/sv\/wp-json\/wp\/v2\/product\/16646\/revisions\/17584"}],"wp:featuredmedia":[{"embeddable":true,"href":"https:\/\/avanzakayak.witty-fox.com\/sv\/wp-json\/wp\/v2\/media\/17581"}],"wp:attachment":[{"href":"https:\/\/avanzakayak.witty-fox.com\/sv\/wp-json\/wp\/v2\/media?parent=16646"}],"wp:term":[{"taxonomy":"product_cat","embeddable":true,"href":"https:\/\/avanzakayak.witty-fox.com\/sv\/wp-json\/wp\/v2\/product_cat?post=16646"},{"taxonomy":"product_tag","embeddable":true,"href":"https:\/\/avanzakayak.witty-fox.com\/sv\/wp-json\/wp\/v2\/product_tag?post=16646"}],"curies":[{"name":"wp","href":"https:\/\/api.w.org\/{rel}","templated":true}]}}