{"id":16633,"date":"2024-01-05T13:19:45","date_gmt":"2024-01-05T13:19:45","guid":{"rendered":"https:\/\/avanzakayak.witty-fox.com\/?post_type=product&#038;p=16633"},"modified":"2024-01-05T13:21:06","modified_gmt":"2024-01-05T13:21:06","slug":"dry-bags-till-cargo-fly-systemet-finns-att-kopa-separat-det-finns-tva-modeller","status":"publish","type":"product","link":"https:\/\/avanzakayak.witty-fox.com\/sv\/produkt\/dry-bags-till-cargo-fly-systemet-finns-att-kopa-separat-det-finns-tva-modeller\/","title":{"rendered":"Dry Bags\u00a0till Cargo Fly systemet finns att k\u00f6pa separat. Det finns tv\u00e5 modeller:"},"content":{"rendered":"<p><strong>Dry Bags<\/strong>\u00a0till Cargo Fly systemet finns att k\u00f6pa separat. Det finns tv\u00e5 modeller: Zippered Internal Dry Bags med blixtl\u00e5sst\u00e4ngning (Ti-Zip) med ett luftmunstycke som g\u00f6r att packs\u00e4ckarna fungerar som extra flytelement. Roll-Top Internal Dry Bag finns i tv\u00e5 storlekar som har en rullf\u00f6rslutning. B\u00e5da versionerna klickas fast p\u00e5 insidan av packraften med snabbsp\u00e4nnen. N\u00e4r du packar dina packs\u00e4ckar se till att f\u00f6rdela vikten j\u00e4mnt mellan varje s\u00e4ck och att inga h\u00e5rda f\u00f6rem\u00e5l kan n\u00f6ta p\u00e5 v\u00e4ven. S\u00e4ckarna s\u00e4ljs parvis. Zippered Internal Dry Bags och Roll-Top Internal Dry Bag passar i alla modeller utom Scout. F\u00f6r modellerna Forage Oryx och Rangers finns en st\u00f6rre s\u00e4ck XL Roll-Top Internal Dry Bag.<\/p>\n<p>\u200b<\/p>\n<table cellspacing=\"0\" cellpadding=\"0\">\n<tbody>\n<tr>\n<td><strong>Modell\u00a0 \u00a0 \u00a0 \u00a0 \u00a0 \u00a0 \u00a0 \u00a0 \u00a0 \u00a0 \u00a0 \u00a0 \u00a0 \u00a0 \u00a0 \u00a0 \u00a0 \u00a0 \u00a0 \u00a0 \u00a0 \u00a0 \u00a0 \u00a0 \u00a0 \u00a0 \u00a0 \u00a0 \u00a0 \u00a0 \u00a0<\/strong><\/td>\n<td><strong>L\u00e4ngd\u00a0\u00a0<\/strong><\/td>\n<td><strong>Bredd\u00a0<\/strong><\/td>\n<td><strong>Diam\u00a0<\/strong><\/td>\n<td><strong>Volym\u00a0<\/strong><\/td>\n<td><strong>Vikt\/st\u00a0<\/strong><\/td>\n<td><strong>Pris\/par<\/strong><\/td>\n<\/tr>\n<tr>\n<td><strong>Zippered Internal Dry Bags<\/strong><\/td>\n<td>91 cm<\/td>\n<td>27 cm<\/td>\n<td>25 cm<\/td>\n<td>32 L<\/td>\n<td>246 g<\/td>\n<td>2 390:-<\/td>\n<\/tr>\n<tr>\n<td><strong>Standard Roll-Top Internal Dry Bag<\/strong><\/td>\n<td>88 cm<\/td>\n<td>38 cm<\/td>\n<td>24 cm<\/td>\n<td>34 L<\/td>\n<td>214 g<\/td>\n<td>1 360:-<\/td>\n<\/tr>\n<tr>\n<td><strong>XL Roll-Top Internal Dry Bag<\/strong><\/td>\n<td>100 cm<\/td>\n<td>46 cm<\/td>\n<td>30 cm<\/td>\n<td>46 L<\/td>\n<td>266 g<\/td>\n<td>1 700:-<\/td>\n<\/tr>\n<\/tbody>\n<\/table>\n<p>\u200b<\/p>","protected":false},"excerpt":{"rendered":"<p><strong>Dry Bags<\/strong>\u00a0till Cargo Fly systemet finns att k\u00f6pa separat. Det finns tv\u00e5 modeller: Zippered Internal Dry Bags med blixtl\u00e5sst\u00e4ngning (Ti-Zip) med ett luftmunstycke som g\u00f6r att packs\u00e4ckarna fungerar som extra flytelement. Roll-Top Internal Dry Bag finns i tv\u00e5 storlekar som har en rullf\u00f6rslutning. B\u00e5da versionerna klickas fast p\u00e5 insidan av packraften med snabbsp\u00e4nnen. N\u00e4r du packar dina packs\u00e4ckar se till att f\u00f6rdela vikten j\u00e4mnt mellan varje s\u00e4ck och att inga h\u00e5rda f\u00f6rem\u00e5l kan n\u00f6ta p\u00e5 v\u00e4ven. S\u00e4ckarna s\u00e4ljs parvis. Zippered Internal Dry Bags och Roll-Top Internal Dry Bag passar i alla modeller utom Scout. F\u00f6r modellerna Forage Oryx och Rangers finns en st\u00f6rre s\u00e4ck XL Roll-Top Internal Dry Bag<\/p>","protected":false},"featured_media":16638,"comment_status":"open","ping_status":"closed","template":"","meta":[],"product_cat":[79],"product_tag":[],"_links":{"self":[{"href":"https:\/\/avanzakayak.witty-fox.com\/sv\/wp-json\/wp\/v2\/product\/16633"}],"collection":[{"href":"https:\/\/avanzakayak.witty-fox.com\/sv\/wp-json\/wp\/v2\/product"}],"about":[{"href":"https:\/\/avanzakayak.witty-fox.com\/sv\/wp-json\/wp\/v2\/types\/product"}],"replies":[{"embeddable":true,"href":"https:\/\/avanzakayak.witty-fox.com\/sv\/wp-json\/wp\/v2\/comments?post=16633"}],"version-history":[{"count":1,"href":"https:\/\/avanzakayak.witty-fox.com\/sv\/wp-json\/wp\/v2\/product\/16633\/revisions"}],"predecessor-version":[{"id":16637,"href":"https:\/\/avanzakayak.witty-fox.com\/sv\/wp-json\/wp\/v2\/product\/16633\/revisions\/16637"}],"wp:featuredmedia":[{"embeddable":true,"href":"https:\/\/avanzakayak.witty-fox.com\/sv\/wp-json\/wp\/v2\/media\/16638"}],"wp:attachment":[{"href":"https:\/\/avanzakayak.witty-fox.com\/sv\/wp-json\/wp\/v2\/media?parent=16633"}],"wp:term":[{"taxonomy":"product_cat","embeddable":true,"href":"https:\/\/avanzakayak.witty-fox.com\/sv\/wp-json\/wp\/v2\/product_cat?post=16633"},{"taxonomy":"product_tag","embeddable":true,"href":"https:\/\/avanzakayak.witty-fox.com\/sv\/wp-json\/wp\/v2\/product_tag?post=16633"}],"curies":[{"name":"wp","href":"https:\/\/api.w.org\/{rel}","templated":true}]}}