{"id":16619,"date":"2024-01-05T12:44:43","date_gmt":"2024-01-05T12:44:43","guid":{"rendered":"https:\/\/avanzakayak.witty-fox.com\/?post_type=product&#038;p=16619"},"modified":"2024-01-05T13:12:48","modified_gmt":"2024-01-05T13:12:48","slug":"ghost-ar-designades-for-dem-som-vill-offra-hallbarhet-for-vikten-ultralopning-utforskande-kanjonering-och-ovantade-vattenkorsningar","status":"publish","type":"product","link":"https:\/\/avanzakayak.witty-fox.com\/sv\/produkt\/ghost-ar-designades-for-dem-som-vill-offra-hallbarhet-for-vikten-ultralopning-utforskande-kanjonering-och-ovantade-vattenkorsningar\/","title":{"rendered":"Ghost\u00a0\u00e4r designades f\u00f6r dem som vill offra h\u00e5llbarhet f\u00f6r vikten \u2013 ultral\u00f6pning, utforskande kanjonering och ov\u00e4ntade vattenkorsningar."},"content":{"rendered":"<p><strong>Ghost<\/strong>\u00a0\u00e4r designades f\u00f6r dem som vill offra h\u00e5llbarhet f\u00f6r vikten \u2013 ultral\u00f6pning, utforskande kanjonering och ov\u00e4ntade vattenkorsningar. Ghost har enast\u00e5ende stabilitet och kursstabilitet f\u00f6r en s\u00e5 liten och ultral\u00e4tt packraft. F\u00f6r att minska vikten anv\u00e4nds 70d ripstop nylonv\u00e4v i skrovet och 210d nylongolv och enkel s\u00f6mtejpkonstruktion. Med en vikt p\u00e5 bara 1 kg kommer du knappt att m\u00e4rka det i din packning. Om man j\u00e4mf\u00f6r Ghost och Scout, \u00e4r b\u00e5da utm\u00e4rkta b\u00e5tar f\u00f6r canyoneering och bergssj\u00f6ar. Vi rekommenderar dock i allm\u00e4nhet Scout f\u00f6r l\u00e5ngvarig h\u00e5llbarhet vid dessa anv\u00e4ndningsomr\u00e5den. F\u00e4rg:\u00a0Svart.<\/p>\n<table style=\"height: 264px;\" border=\"0\" width=\"323\" cellspacing=\"1\" cellpadding=\"0\">\n<tbody>\n<tr>\n<td><strong>Specifikation<\/strong><\/td>\n<td><strong>Ghost<\/strong><\/td>\n<\/tr>\n<tr>\n<td><strong>L\u00e4ngd ytter<\/strong><\/td>\n<td>213 cm<\/td>\n<\/tr>\n<tr>\n<td><strong>Bredd ytter<\/strong><\/td>\n<td>86 cm<\/td>\n<\/tr>\n<tr>\n<td><strong>L\u00e4ngd inner<\/strong><\/td>\n<td>112 cm<\/td>\n<\/tr>\n<tr>\n<td><strong>Bredd inner<\/strong><\/td>\n<td>36 cm<\/td>\n<\/tr>\n<tr>\n<td><strong>Lastkapacitet<\/strong><\/td>\n<td>102 kg<\/td>\n<\/tr>\n<tr>\n<td><strong>Vikt<\/strong><strong>Packstorlek<\/strong><\/td>\n<td>1,02 kg<\/p>\n<p>36 x 11 cm<\/td>\n<\/tr>\n<\/tbody>\n<\/table>\n<p><strong>Pris<\/strong><\/p>\n<p>10 200-. OP \u00f6ppen. Komplett med, packp\u00e5se, rep.sats och pumps\u00e4ck.<\/p>\n<p>\u200b<strong>Tillval<\/strong><\/p>\n<p>Sits Scout Seat (f\u00e4ste f\u00f6r sits saknas i Ghost). Pris: 680:-<\/p>","protected":false},"excerpt":{"rendered":"<p><strong>Ghost<\/strong>\u00a0\u00e4r designades f\u00f6r dem som vill offra h\u00e5llbarhet f\u00f6r vikten \u2013 ultral\u00f6pning, utforskande kanjonering och ov\u00e4ntade vattenkorsningar. Ghost har enast\u00e5ende stabilitet och kursstabilitet f\u00f6r en s\u00e5 liten och ultral\u00e4tt packraft. F\u00f6r att minska vikten anv\u00e4nds 70d ripstop nylonv\u00e4v i skrovet och 210d nylongolv och enkel s\u00f6mtejpkonstruktion. Med en vikt p\u00e5 bara 1 kg kommer du knappt att m\u00e4rka det i din packning. Om man j\u00e4mf\u00f6r Ghost och Scout, \u00e4r b\u00e5da utm\u00e4rkta b\u00e5tar f\u00f6r canyoneering och bergssj\u00f6ar. Vi rekommenderar dock i allm\u00e4nhet Scout f\u00f6r l\u00e5ngvarig h\u00e5llbarhet vid dessa anv\u00e4ndningsomr\u00e5den. F\u00e4rg:\u00a0Svart.<\/p>","protected":false},"featured_media":16621,"comment_status":"open","ping_status":"closed","template":"","meta":[],"product_cat":[79],"product_tag":[],"_links":{"self":[{"href":"https:\/\/avanzakayak.witty-fox.com\/sv\/wp-json\/wp\/v2\/product\/16619"}],"collection":[{"href":"https:\/\/avanzakayak.witty-fox.com\/sv\/wp-json\/wp\/v2\/product"}],"about":[{"href":"https:\/\/avanzakayak.witty-fox.com\/sv\/wp-json\/wp\/v2\/types\/product"}],"replies":[{"embeddable":true,"href":"https:\/\/avanzakayak.witty-fox.com\/sv\/wp-json\/wp\/v2\/comments?post=16619"}],"version-history":[{"count":1,"href":"https:\/\/avanzakayak.witty-fox.com\/sv\/wp-json\/wp\/v2\/product\/16619\/revisions"}],"predecessor-version":[{"id":16622,"href":"https:\/\/avanzakayak.witty-fox.com\/sv\/wp-json\/wp\/v2\/product\/16619\/revisions\/16622"}],"wp:featuredmedia":[{"embeddable":true,"href":"https:\/\/avanzakayak.witty-fox.com\/sv\/wp-json\/wp\/v2\/media\/16621"}],"wp:attachment":[{"href":"https:\/\/avanzakayak.witty-fox.com\/sv\/wp-json\/wp\/v2\/media?parent=16619"}],"wp:term":[{"taxonomy":"product_cat","embeddable":true,"href":"https:\/\/avanzakayak.witty-fox.com\/sv\/wp-json\/wp\/v2\/product_cat?post=16619"},{"taxonomy":"product_tag","embeddable":true,"href":"https:\/\/avanzakayak.witty-fox.com\/sv\/wp-json\/wp\/v2\/product_tag?post=16619"}],"curies":[{"name":"wp","href":"https:\/\/api.w.org\/{rel}","templated":true}]}}