{"id":16606,"date":"2024-01-05T12:22:34","date_gmt":"2024-01-05T12:22:34","guid":{"rendered":"https:\/\/avanzakayak.witty-fox.com\/?post_type=product&#038;p=16606"},"modified":"2024-01-05T12:23:56","modified_gmt":"2024-01-05T12:23:56","slug":"caribou-ar-designad-med-en-bred-forstav-for-att-kunna-lasta-skrymmande-och-tunga-foremal-som-cykel-ryggsack-mm-fungerar-aven-bra-som-fiskebat","status":"publish","type":"product","link":"https:\/\/avanzakayak.witty-fox.com\/sv\/produkt\/caribou-ar-designad-med-en-bred-forstav-for-att-kunna-lasta-skrymmande-och-tunga-foremal-som-cykel-ryggsack-mm-fungerar-aven-bra-som-fiskebat\/","title":{"rendered":"Caribou\u00a0\u00e4r designad med en bred f\u00f6rst\u00e4v f\u00f6r att kunna lasta skrymmande och tunga f\u00f6rem\u00e5l som cykel, ryggs\u00e4ck mm. Fungerar \u00e4ven bra som fiskeb\u00e5t."},"content":{"rendered":"<p><strong>Caribou<\/strong>\u00a0\u00e4r designad med en bred f\u00f6rst\u00e4v f\u00f6r att kunna lasta skrymmande och tunga f\u00f6rem\u00e5l som cykel, ryggs\u00e4ck mm. Fungerar \u00e4ven bra som fiskeb\u00e5t. Den uppsv\u00e4ngda f\u00f6rst\u00e4ven g\u00f6r att utrustningen h\u00e5lls h\u00f6gt ovanf\u00f6r vattenytan n\u00e4r du paddlar. Caribou tillverkas i LW 210d polyurethanbelagda nylonv\u00e4ven och med den tjockare 840d botten.\u00a0F\u00e4rg: R\u00f6d (Sierra Red),\u00a0Bl\u00e5 (Blueberry) och Gr\u00f6n (Cedar).<\/p>\n<p>&nbsp;<\/p>\n<table style=\"height: 311px;\" border=\"0\" width=\"277\" cellspacing=\"1\" cellpadding=\"0\">\n<tbody>\n<tr>\n<td><strong>Specifikation<\/strong><\/td>\n<td><strong>Caribou<\/strong><\/td>\n<\/tr>\n<tr>\n<td><strong>L\u00e4ngd ytter<\/strong><\/td>\n<td>246 cm<\/td>\n<\/tr>\n<tr>\n<td><strong>Bredd ytter<\/strong><\/td>\n<td>97 cm<\/td>\n<\/tr>\n<tr>\n<td><strong>L\u00e4ngd inner<\/strong><\/td>\n<td>123 cm<\/td>\n<\/tr>\n<tr>\n<td><strong>Bredd inner<\/strong><\/td>\n<td>37 cm<\/td>\n<\/tr>\n<tr>\n<td><strong>Lastkapacitet<\/strong><\/td>\n<td>181 kg<\/td>\n<\/tr>\n<tr>\n<td><strong>Vikt \u00f6ppen (OP)<\/strong><strong>Packstorlek<\/strong><\/td>\n<td>2,3 kg<\/p>\n<p>43 x 15 cm<\/td>\n<\/tr>\n<tr>\n<td><strong>Vikt sj\u00e4lvl\u00e4ns (SB)<\/strong><\/td>\n<td>2,7 kg<\/td>\n<\/tr>\n<tr>\n<td><strong>Packstorlek<\/strong><\/td>\n<td>43 x 17 cm<\/td>\n<\/tr>\n<\/tbody>\n<\/table>\n<p>&nbsp;<\/p>\n<p><strong>Pris<\/strong><\/p>\n<p>12 300:-. OP \u00f6ppen. Komplett med sits, packp\u00e5se, rep.sats och pumps\u00e4ck.<\/p>\n<p>14 000:-. SB \u00f6ppen sj\u00e4lvl\u00e4ns. Komplett med sits, packp\u00e5se, rep.sats och pumps\u00e4ck.<\/p>\n<p>\u200b<\/p>\n<p><strong>Tillval<\/strong><\/p>\n<p>Cargo Fly utan Cargo Bags. Pris: 2 000:-<\/p>\n<p>Zippered Internal Dry Bags. Pris\/par: 2 390:-<\/p>\n<p><span lang=\"EN-US\">Standard Roll-Top Internal Dry Bag.\u00a0<\/span>Pris\/par: 1 360:-<\/p>","protected":false},"excerpt":{"rendered":"<p><strong>Caribou<\/strong>\u00a0\u00e4r designad med en bred f\u00f6rst\u00e4v f\u00f6r att kunna lasta skrymmande och tunga f\u00f6rem\u00e5l som cykel, ryggs\u00e4ck mm. Fungerar \u00e4ven bra som fiskeb\u00e5t. Den uppsv\u00e4ngda f\u00f6rst\u00e4ven g\u00f6r att utrustningen h\u00e5lls h\u00f6gt ovanf\u00f6r vattenytan n\u00e4r du paddlar. Caribou tillverkas i LW 210d polyurethanbelagda nylonv\u00e4ven och med den tjockare 840d botten.\u00a0F\u00e4rg: R\u00f6d (Sierra Red),\u00a0Bl\u00e5 (Blueberry) och Gr\u00f6n (Cedar).<\/p>","protected":false},"featured_media":16614,"comment_status":"open","ping_status":"closed","template":"","meta":[],"product_cat":[79],"product_tag":[],"_links":{"self":[{"href":"https:\/\/avanzakayak.witty-fox.com\/sv\/wp-json\/wp\/v2\/product\/16606"}],"collection":[{"href":"https:\/\/avanzakayak.witty-fox.com\/sv\/wp-json\/wp\/v2\/product"}],"about":[{"href":"https:\/\/avanzakayak.witty-fox.com\/sv\/wp-json\/wp\/v2\/types\/product"}],"replies":[{"embeddable":true,"href":"https:\/\/avanzakayak.witty-fox.com\/sv\/wp-json\/wp\/v2\/comments?post=16606"}],"version-history":[{"count":1,"href":"https:\/\/avanzakayak.witty-fox.com\/sv\/wp-json\/wp\/v2\/product\/16606\/revisions"}],"predecessor-version":[{"id":16613,"href":"https:\/\/avanzakayak.witty-fox.com\/sv\/wp-json\/wp\/v2\/product\/16606\/revisions\/16613"}],"wp:featuredmedia":[{"embeddable":true,"href":"https:\/\/avanzakayak.witty-fox.com\/sv\/wp-json\/wp\/v2\/media\/16614"}],"wp:attachment":[{"href":"https:\/\/avanzakayak.witty-fox.com\/sv\/wp-json\/wp\/v2\/media?parent=16606"}],"wp:term":[{"taxonomy":"product_cat","embeddable":true,"href":"https:\/\/avanzakayak.witty-fox.com\/sv\/wp-json\/wp\/v2\/product_cat?post=16606"},{"taxonomy":"product_tag","embeddable":true,"href":"https:\/\/avanzakayak.witty-fox.com\/sv\/wp-json\/wp\/v2\/product_tag?post=16606"}],"curies":[{"name":"wp","href":"https:\/\/api.w.org\/{rel}","templated":true}]}}