{"id":16601,"date":"2024-01-05T12:16:39","date_gmt":"2024-01-05T12:16:39","guid":{"rendered":"https:\/\/avanzakayak.witty-fox.com\/?post_type=product&#038;p=16601"},"modified":"2024-01-05T12:16:39","modified_gmt":"2024-01-05T12:16:39","slug":"refuge-ww-ar-en-forsanpassad-variant-av-refug-som-har-en-kraftigare-840d-vaven-i-botten-samt-utrustad-ww-utrustad-med-formpressad-ryggstod-backband-benslinga-fotstod","status":"publish","type":"product","link":"https:\/\/avanzakayak.witty-fox.com\/sv\/produkt\/refuge-ww-ar-en-forsanpassad-variant-av-refug-som-har-en-kraftigare-840d-vaven-i-botten-samt-utrustad-ww-utrustad-med-formpressad-ryggstod-backband-benslinga-fotstod\/","title":{"rendered":"Refuge WW\u00a0\u00e4r en forsanpassad variant av Refug som har en kraftigare 840d v\u00e4ven i botten samt utrustad WW utrustad med formpressad ryggst\u00f6d (Backband), benslinga, fotst\u00f6d."},"content":{"rendered":"<p><strong>Refuge WW<\/strong>\u00a0\u00e4r en forsanpassad variant av Refug som har en kraftigare 840d v\u00e4ven i botten samt utrustad WW utrustad med formpressad ryggst\u00f6d (Backband), benslinga, fotst\u00f6d. Den blir \u00e4nd\u00e5 l\u00e4ttare an motsvarand Classic som inte \u00e4r WWQ utrustad. Fungerar i fors upp till klass III. Det \u00e4r ocks\u00e5 en enast\u00e5ende liten surfb\u00e5t.<\/p>\n<p>\u200bErfarna paddlare kan paddla klass III fors. F\u00e4rg: Bl\u00e5 (Blueberry) och Gr\u00f6n (Cedar).<\/p>\n<p>&nbsp;<\/p>\n<table border=\"0\" cellspacing=\"1\" cellpadding=\"0\">\n<tbody>\n<tr>\n<td><strong>Specifikation<\/strong><\/td>\n<td><strong>Medium<\/strong><\/td>\n<td><strong>Large<\/strong><\/td>\n<\/tr>\n<tr>\n<td><strong>Sittl\u00e4ngd<\/strong><\/td>\n<td>97-107 cm<\/td>\n<td>104-114 cm<\/td>\n<\/tr>\n<tr>\n<td><strong>L\u00e4ngd ytter<\/strong><\/td>\n<td>221 cm<\/td>\n<td>227 cm<\/td>\n<\/tr>\n<tr>\n<td><strong>Bredd ytter<\/strong><\/td>\n<td>88 cm<\/td>\n<td>88 cm<\/td>\n<\/tr>\n<tr>\n<td><strong>L\u00e4ngd inner<\/strong><\/td>\n<td>118 cm<\/td>\n<td>126 cm<\/td>\n<\/tr>\n<tr>\n<td><strong>Bredd inner<\/strong><\/td>\n<td>38 cm<\/td>\n<td>38 cm<\/td>\n<\/tr>\n<tr>\n<td><strong>Lastkapacitet<\/strong><\/td>\n<td>113 kg<\/td>\n<td>125 kg<\/td>\n<\/tr>\n<tr>\n<td><strong>Vikt<\/strong><\/p>\n<p><strong>Packstorlek<\/strong><\/td>\n<td>3 2 kg<\/p>\n<p>38 x 20 cm<\/td>\n<td>3,3 kg<\/p>\n<p>38 x 23 cm<\/td>\n<\/tr>\n<\/tbody>\n<\/table>\n<p>&nbsp;<\/p>\n<p><strong>Pris<\/strong><\/p>\n<p>20 500:-. Komplett med WW d\u00e4ck, Formpressad ryggst\u00f6d (Backband), benslinga, fotst\u00f6d, Cargo Fly, sits, packp\u00e5se, rep.sats och pumps\u00e4ck.\u200b<\/p>\n<p><strong>Tillval<\/strong><\/p>\n<p>Zippered Internal Dry Bags. Pris\/par: 2 390:-<\/p>\n<p><span lang=\"EN-US\">Standard Roll-Top Internal Dry Bag.\u00a0<\/span>Pris\/par: 1 360:-<\/p>","protected":false},"excerpt":{"rendered":"<p><strong>Refuge WW<\/strong>\u00a0\u00e4r en forsanpassad variant av Refug som har en kraftigare 840d v\u00e4ven i botten samt utrustad WW utrustad med formpressad ryggst\u00f6d (Backband), benslinga, fotst\u00f6d. Den blir \u00e4nd\u00e5 l\u00e4ttare an motsvarand Classic som inte \u00e4r WWQ utrustad. Fungerar i fors upp till klass III. Det \u00e4r ocks\u00e5 en enast\u00e5ende liten surfb\u00e5t.<\/p>\n<p>\u200bErfarna paddlare kan paddla klass III fors. F\u00e4rg: Bl\u00e5 (Blueberry) och Gr\u00f6n (Cedar).<\/p>\n<p>&nbsp;<\/p>","protected":false},"featured_media":16604,"comment_status":"open","ping_status":"closed","template":"","meta":[],"product_cat":[79],"product_tag":[],"_links":{"self":[{"href":"https:\/\/avanzakayak.witty-fox.com\/sv\/wp-json\/wp\/v2\/product\/16601"}],"collection":[{"href":"https:\/\/avanzakayak.witty-fox.com\/sv\/wp-json\/wp\/v2\/product"}],"about":[{"href":"https:\/\/avanzakayak.witty-fox.com\/sv\/wp-json\/wp\/v2\/types\/product"}],"replies":[{"embeddable":true,"href":"https:\/\/avanzakayak.witty-fox.com\/sv\/wp-json\/wp\/v2\/comments?post=16601"}],"version-history":[{"count":1,"href":"https:\/\/avanzakayak.witty-fox.com\/sv\/wp-json\/wp\/v2\/product\/16601\/revisions"}],"predecessor-version":[{"id":16605,"href":"https:\/\/avanzakayak.witty-fox.com\/sv\/wp-json\/wp\/v2\/product\/16601\/revisions\/16605"}],"wp:featuredmedia":[{"embeddable":true,"href":"https:\/\/avanzakayak.witty-fox.com\/sv\/wp-json\/wp\/v2\/media\/16604"}],"wp:attachment":[{"href":"https:\/\/avanzakayak.witty-fox.com\/sv\/wp-json\/wp\/v2\/media?parent=16601"}],"wp:term":[{"taxonomy":"product_cat","embeddable":true,"href":"https:\/\/avanzakayak.witty-fox.com\/sv\/wp-json\/wp\/v2\/product_cat?post=16601"},{"taxonomy":"product_tag","embeddable":true,"href":"https:\/\/avanzakayak.witty-fox.com\/sv\/wp-json\/wp\/v2\/product_tag?post=16601"}],"curies":[{"name":"wp","href":"https:\/\/api.w.org\/{rel}","templated":true}]}}