{"id":16589,"date":"2024-01-05T12:09:02","date_gmt":"2024-01-05T12:09:02","guid":{"rendered":"https:\/\/avanzakayak.witty-fox.com\/?post_type=product&#038;p=16589"},"modified":"2024-01-05T12:09:02","modified_gmt":"2024-01-05T12:09:02","slug":"explorer-42-ar-den-lattaste-och-mest-kompakta-tvamans-packraft-explorer-42-kan-bekvamt-paddlas-av-tva-personer","status":"publish","type":"product","link":"https:\/\/avanzakayak.witty-fox.com\/sv\/produkt\/explorer-42-ar-den-lattaste-och-mest-kompakta-tvamans-packraft-explorer-42-kan-bekvamt-paddlas-av-tva-personer\/","title":{"rendered":"Explorer 42\u00a0\u00e4r den l\u00e4ttaste och mest kompakta tv\u00e5mans\u00a0packraft!\u00a0Explorer 42 kan bekv\u00e4mt paddlas av tv\u00e5 personer,"},"content":{"rendered":"<p><strong>Explorer 42<\/strong>\u00a0\u00e4r den l\u00e4ttaste och mest kompakta tv\u00e5mans\u00a0packraft!\u00a0Explorer 42 kan bekv\u00e4mt paddlas av tv\u00e5 personer, som vill spara vikt och volym vid l\u00e5nga turer.\u00a0Packraften \u00e4r\u00a0m\u00e5ngsidig och passar\u00a0\u00e4ven bra f\u00f6r solo paddling. Idealisk f\u00f6r familjer, husdjur och multisportare.\u00a0Med Cargo Fly f\u00f6r du extra lastvolym.\u00a0F\u00e4rg: Gr\u00f6n (Cedar),\u00a0R\u00f6d (Sierra Red) och Ljusbl\u00e5 (Arctic Blue).<\/p>\n<table border=\"0\" cellspacing=\"1\" cellpadding=\"0\">\n<tbody>\n<tr>\n<td><strong>Specifikation\u00a0\u00a0\u00a0\u00a0\u00a0\u00a0\u00a0\u00a0\u00a0<\/strong><\/td>\n<td><strong>Explorer 42<\/strong><\/td>\n<\/tr>\n<tr>\n<td><strong>L\u00e4ngd ytter<\/strong><\/td>\n<td>279 cm<\/td>\n<\/tr>\n<tr>\n<td><strong>Bredd ytter<\/strong><\/td>\n<td>97 cm<\/td>\n<\/tr>\n<tr>\n<td><strong>L\u00e4ngd inner<\/strong><\/td>\n<td>157 cm<\/td>\n<\/tr>\n<tr>\n<td><strong>Bredd inner<\/strong><\/td>\n<td>38 cm<\/td>\n<\/tr>\n<tr>\n<td><strong>Lastkapacitet<\/strong><\/td>\n<td>272 kg<\/td>\n<\/tr>\n<tr>\n<td><strong>Vikt<\/strong><strong>Packstorlek<\/strong><\/td>\n<td>3,6 kg<\/p>\n<p>48 x 19 cm<\/td>\n<\/tr>\n<\/tbody>\n<\/table>\n<p>\u200b<strong>Pris<\/strong><\/p>\n<p>17 700:-. OP \u00f6ppen. Komplett med packp\u00e5se, l\u00e5ng sits,\u00a0rep.sats och pumps\u00e4ck.<\/p>\n<p>\u200b<strong>Tillval\u00a0\u00a0\u00a0\u00a0\u00a0 \u00a0\u00a0\u00a0\u00a0\u00a0\u00a0\u00a0\u00a0\u00a0\u00a0\u00a0\u00a0\u00a0<\/strong><\/p>\n<p>Cargo Fly utan Cargo Bags. Pris: 2 000:-<\/p>\n<p>Zippered Internal Dry Bags. Pris\/par: 2 390:-<\/p>\n<p><span lang=\"EN-US\">Standard Roll-Top Internal Dry Bag.\u00a0<\/span>Pris\/par: 1 360:-<\/p>\n<p>Ryggst\u00f6d akter. Pris: 340:-<\/p>\n<p>\u200b<\/p>","protected":false},"excerpt":{"rendered":"<p><strong>Explorer 42<\/strong>\u00a0\u00e4r den l\u00e4ttaste och mest kompakta tv\u00e5mans\u00a0packraft!\u00a0Explorer 42 kan bekv\u00e4mt paddlas av tv\u00e5 personer, som vill spara vikt och volym vid l\u00e5nga turer.\u00a0Packraften \u00e4r\u00a0m\u00e5ngsidig och passar\u00a0\u00e4ven bra f\u00f6r solo paddling. Idealisk f\u00f6r familjer, husdjur och multisportare.\u00a0Med Cargo Fly f\u00f6r du extra lastvolym.\u00a0F\u00e4rg: Gr\u00f6n (Cedar),\u00a0R\u00f6d (Sierra Red) och Ljusbl\u00e5 (Arctic Blue).<\/p>\n<p>\u200b<\/p>","protected":false},"featured_media":16590,"comment_status":"open","ping_status":"closed","template":"","meta":[],"product_cat":[79],"product_tag":[],"_links":{"self":[{"href":"https:\/\/avanzakayak.witty-fox.com\/sv\/wp-json\/wp\/v2\/product\/16589"}],"collection":[{"href":"https:\/\/avanzakayak.witty-fox.com\/sv\/wp-json\/wp\/v2\/product"}],"about":[{"href":"https:\/\/avanzakayak.witty-fox.com\/sv\/wp-json\/wp\/v2\/types\/product"}],"replies":[{"embeddable":true,"href":"https:\/\/avanzakayak.witty-fox.com\/sv\/wp-json\/wp\/v2\/comments?post=16589"}],"version-history":[{"count":1,"href":"https:\/\/avanzakayak.witty-fox.com\/sv\/wp-json\/wp\/v2\/product\/16589\/revisions"}],"predecessor-version":[{"id":16595,"href":"https:\/\/avanzakayak.witty-fox.com\/sv\/wp-json\/wp\/v2\/product\/16589\/revisions\/16595"}],"wp:featuredmedia":[{"embeddable":true,"href":"https:\/\/avanzakayak.witty-fox.com\/sv\/wp-json\/wp\/v2\/media\/16590"}],"wp:attachment":[{"href":"https:\/\/avanzakayak.witty-fox.com\/sv\/wp-json\/wp\/v2\/media?parent=16589"}],"wp:term":[{"taxonomy":"product_cat","embeddable":true,"href":"https:\/\/avanzakayak.witty-fox.com\/sv\/wp-json\/wp\/v2\/product_cat?post=16589"},{"taxonomy":"product_tag","embeddable":true,"href":"https:\/\/avanzakayak.witty-fox.com\/sv\/wp-json\/wp\/v2\/product_tag?post=16589"}],"curies":[{"name":"wp","href":"https:\/\/api.w.org\/{rel}","templated":true}]}}