{"id":16548,"date":"2024-01-05T11:29:58","date_gmt":"2024-01-05T11:29:58","guid":{"rendered":"https:\/\/avanzakayak.witty-fox.com\/?post_type=product&#038;p=16548"},"modified":"2024-01-05T11:29:58","modified_gmt":"2024-01-05T11:29:58","slug":"gnarwhal-tillhor-ww-serien-som-har-ett-helt-nytt-patenterat-12-hogvolymskrov-med-cargo-fly-och-alpackas-senaste-innovationer-med-sits","status":"publish","type":"product","link":"https:\/\/avanzakayak.witty-fox.com\/sv\/produkt\/gnarwhal-tillhor-ww-serien-som-har-ett-helt-nytt-patenterat-12-hogvolymskrov-med-cargo-fly-och-alpackas-senaste-innovationer-med-sits\/","title":{"rendered":"Gnarwhal\u00a0tillh\u00f6r WW serien som har ett helt nytt patenterat 12\u201d h\u00f6gvolymskrov med Cargo Fly och Alpackas senaste innovationer med sits,"},"content":{"rendered":"<p><strong>Gnarwhal<\/strong>\u00a0tillh\u00f6r WW serien som har ett helt nytt patenterat 12\u201d h\u00f6gvolymskrov med Cargo Fly och Alpackas senaste innovationer med sits, ryggst\u00f6d och l\u00e5rremmar, som h\u00f6jer packraften till en ny niv\u00e5 av prestanda och komfort. F\u00e4rg: Bl\u00e5 (Blueberry), Ljusbl\u00e5\/R\u00f6d (Slush Puppy)\u00a0i 210d v\u00e4v. Ljusbl\u00e5 (Arctik Blue)\u00a0i 420d v\u00e4v.<\/p>\n<p>\u200b<\/p>\n<table border=\"0\" cellspacing=\"1\" cellpadding=\"0\">\n<tbody>\n<tr>\n<td><strong>Specifikation<\/strong><\/td>\n<td><strong>Medium<\/strong><\/td>\n<td><strong>Large<\/strong><\/td>\n<td><strong>X-Large<\/strong><\/td>\n<\/tr>\n<tr>\n<td><strong>Sittl\u00e4ngd<\/strong><\/td>\n<td>99-109 cm<\/td>\n<td>107-117 cm<\/td>\n<td>114-127 cm<\/td>\n<\/tr>\n<tr>\n<td><strong>L\u00e4ngd ytter<\/strong><\/td>\n<td>239 cm<\/td>\n<td>246 cm<\/td>\n<td>254 cm<\/td>\n<\/tr>\n<tr>\n<td><strong>Bredd ytter<\/strong><\/td>\n<td>97 cm<\/td>\n<td>97 cm<\/td>\n<td>97 cm<\/td>\n<\/tr>\n<tr>\n<td><strong>L\u00e4ngd inner<\/strong><\/td>\n<td>109 cm<\/td>\n<td>117 cm<\/td>\n<td>124 cm<\/td>\n<\/tr>\n<tr>\n<td><strong>Bredd inner<\/strong><\/td>\n<td>38 cm<\/td>\n<td>38 cm<\/td>\n<td>38 cm<\/td>\n<\/tr>\n<tr>\n<td><strong>Lastkapacitet<\/strong><\/td>\n<td>204 kg<\/td>\n<td>204 kg<\/td>\n<td>204 kg<\/td>\n<\/tr>\n<tr>\n<td><strong>Vikt sj\u00e4lvl\u00e4ns (SB)<\/strong><\/p>\n<p><strong>Packstorlek<\/strong><\/td>\n<td>3,6 kg<\/p>\n<p>51 x 19 cm<\/td>\n<td>3,7 kg<\/p>\n<p>51 x 20 cm<\/td>\n<td>3,8 kg<\/p>\n<p>51 x 22 cm<\/td>\n<\/tr>\n<tr>\n<td><strong>Vikt WW d\u00e4ck<\/strong><\/p>\n<p><strong>Packstorlek<\/strong><\/td>\n<td>4,2 kg<\/p>\n<p>51 x 24 cm<\/td>\n<td>4,3 kg<\/p>\n<p>51 x 25 cm<\/td>\n<td>4,4 kg<\/p>\n<p>51 x 27cm<\/td>\n<\/tr>\n<\/tbody>\n<\/table>\n<p>\u200b<\/p>\n<p><strong>Pris<\/strong><\/p>\n<p>20 800:-. SB \u00f6ppen sj\u00e4lvl\u00e4ns\u00a0(210d\u00a0v\u00e4v). Komplett med Cargo Fly inkl Zippered Internal Dry Bags,\u00a0fots\u00f6d, packp\u00e5se, ryggst\u00f6d\/sits, pumps\u00e4ck och rep.sats.<\/p>\n<p>22 500:-. SB \u00f6ppen sj\u00e4lvl\u00e4ns\u00a0(420d\u00a0v\u00e4v). Komplett med Cargo Fly inkl Zippered Internal Dry Bags,\u00a0fots\u00f6d, packp\u00e5se, ryggst\u00f6d\/sits, pumps\u00e4ck och rep.sats.<\/p>\n<p>24 200:-. WW d\u00e4ck (210d v\u00e4v). Komplett med Cargo Fly inkl Zippered Internal Dry Bags,\u00a0fotst\u00f6d, kapell, packp\u00e5se, ryggst\u00f6d\/sits,\u00a0pumps\u00e4ck och rep.sats.<\/p>\n<p>25 900:-. WW d\u00e4ck (420d v\u00e4v). Komplett med Cargo Fly inkl Zippered Internal Dry Bags,\u00a0fotst\u00f6d, kapell, packp\u00e5se, ryggst\u00f6d\/sits,\u00a0pumps\u00e4ck och rep.sats.<\/p>","protected":false},"excerpt":{"rendered":"<p><strong>Gnarwhal<\/strong>\u00a0tillh\u00f6r WW serien som har ett helt nytt patenterat 12\u201d h\u00f6gvolymskrov med Cargo Fly och Alpackas senaste innovationer med sits, ryggst\u00f6d och l\u00e5rremmar, som h\u00f6jer packraften till en ny niv\u00e5 av prestanda och komfort. F\u00e4rg: Bl\u00e5 (Blueberry), Ljusbl\u00e5\/R\u00f6d (Slush Puppy)\u00a0i 210d v\u00e4v. Ljusbl\u00e5 (Arctik Blue)\u00a0i 420d v\u00e4v.<\/p>\n<p>\u200b<\/p>","protected":false},"featured_media":16553,"comment_status":"open","ping_status":"closed","template":"","meta":[],"product_cat":[79],"product_tag":[],"_links":{"self":[{"href":"https:\/\/avanzakayak.witty-fox.com\/sv\/wp-json\/wp\/v2\/product\/16548"}],"collection":[{"href":"https:\/\/avanzakayak.witty-fox.com\/sv\/wp-json\/wp\/v2\/product"}],"about":[{"href":"https:\/\/avanzakayak.witty-fox.com\/sv\/wp-json\/wp\/v2\/types\/product"}],"replies":[{"embeddable":true,"href":"https:\/\/avanzakayak.witty-fox.com\/sv\/wp-json\/wp\/v2\/comments?post=16548"}],"version-history":[{"count":1,"href":"https:\/\/avanzakayak.witty-fox.com\/sv\/wp-json\/wp\/v2\/product\/16548\/revisions"}],"predecessor-version":[{"id":16554,"href":"https:\/\/avanzakayak.witty-fox.com\/sv\/wp-json\/wp\/v2\/product\/16548\/revisions\/16554"}],"wp:featuredmedia":[{"embeddable":true,"href":"https:\/\/avanzakayak.witty-fox.com\/sv\/wp-json\/wp\/v2\/media\/16553"}],"wp:attachment":[{"href":"https:\/\/avanzakayak.witty-fox.com\/sv\/wp-json\/wp\/v2\/media?parent=16548"}],"wp:term":[{"taxonomy":"product_cat","embeddable":true,"href":"https:\/\/avanzakayak.witty-fox.com\/sv\/wp-json\/wp\/v2\/product_cat?post=16548"},{"taxonomy":"product_tag","embeddable":true,"href":"https:\/\/avanzakayak.witty-fox.com\/sv\/wp-json\/wp\/v2\/product_tag?post=16548"}],"curies":[{"name":"wp","href":"https:\/\/api.w.org\/{rel}","templated":true}]}}