{"id":16529,"date":"2024-01-05T11:25:40","date_gmt":"2024-01-05T11:25:40","guid":{"rendered":"https:\/\/avanzakayak.witty-fox.com\/?post_type=product&#038;p=16529"},"modified":"2024-01-05T11:25:40","modified_gmt":"2024-01-05T11:25:40","slug":"wolverine-ar-modellen-som-ar-en-korsning-mellan-gnarwhal-och-den-tidigare-alpackalyps","status":"publish","type":"product","link":"https:\/\/avanzakayak.witty-fox.com\/sv\/produkt\/wolverine-ar-modellen-som-ar-en-korsning-mellan-gnarwhal-och-den-tidigare-alpackalyps\/","title":{"rendered":"Wolverine\u00a0\u00e4r modellen som \u00e4r en korsning mellan Gnarwhal och den tidigare Alpackalyps."},"content":{"rendered":"<p><strong>Wolverine<\/strong> \u00e4r modellen som \u00e4r en korsning mellan Gnarwhal och den tidigare Alpackalyps. Volverine \u00e4r den perfekta kombinationen av snabb och kontrollerbar forsb\u00e5t f\u00f6r den perfekta linjen i vattnet. V\u00e4ven finns i standardv\u00e4ven 210d och den kraftigare 420d urethanv\u00e4ven.<\/p>\n<p>F\u00e4rg: Bl\u00e5 (Blueberry) och Ljusbl\u00e5\/R\u00f6d (Slush Puppy i 210d v\u00e4v. Ljusbl\u00e5 (Arctic Blue)\u00a0i 420d v\u00e4v.<\/p>\n<table border=\"0\" cellspacing=\"1\" cellpadding=\"0\">\n<tbody>\n<tr>\n<td><strong>Specifikation<\/strong><\/td>\n<td><strong>Small<\/strong><\/td>\n<td><strong>Medium<\/strong><\/td>\n<td><strong>Large<\/strong><\/td>\n<\/tr>\n<tr>\n<td><strong>Sittl\u00e4ngd<\/strong><\/td>\n<td>91-104 cm<\/td>\n<td>99-109 cm<\/td>\n<td>107-117 cm<\/td>\n<\/tr>\n<tr>\n<td><strong>L\u00e4ngd ytter<\/strong><\/td>\n<td>229 cm<\/td>\n<td>234 cm<\/td>\n<td>241 cm<\/td>\n<\/tr>\n<tr>\n<td><strong>Bredd ytter<\/strong><\/td>\n<td>91 cm<\/td>\n<td>91 cm<\/td>\n<td>91cm<\/td>\n<\/tr>\n<tr>\n<td><strong>L\u00e4ngd inner<\/strong><\/td>\n<td>107 cm<\/td>\n<td>112 cm<\/td>\n<td>122 cm<\/td>\n<\/tr>\n<tr>\n<td><strong>Bredd inner<\/strong><\/td>\n<td>38 cm<\/td>\n<td>38 cm<\/td>\n<td>38 cm<\/td>\n<\/tr>\n<tr>\n<td><strong>Lastkapacitet<\/strong><\/td>\n<td>159 kg<\/td>\n<td>159 kg<\/td>\n<td>159 kg<\/td>\n<\/tr>\n<tr>\n<td><strong>Vikt sj\u00e4lvl\u00e4ns (SB)<\/strong><\/p>\n<p><strong>Packstorlek<\/strong><\/td>\n<td>3,3 kg<\/p>\n<p>51 x 19 cm<\/td>\n<td>3,4 kg<\/p>\n<p>51\u00a0x 20 cm<\/td>\n<td>3,5 kg<\/p>\n<p>51 x 22 cm<\/td>\n<\/tr>\n<tr>\n<td><strong>Vikt WW d\u00e4ck<\/strong><\/td>\n<td>3,9 kg<\/td>\n<td>4,0 kg<\/td>\n<td>4,2 kg<\/td>\n<\/tr>\n<tr>\n<td><strong>Packstorlek<\/strong><\/td>\n<td>51 x 24 cm<\/td>\n<td>51 x 25 cm<\/td>\n<td>51 x 27 cm<\/td>\n<\/tr>\n<\/tbody>\n<\/table>\n<h2>\u200b<\/h2>\n<p><strong>Pris<\/strong><\/p>\n<p>20 800:-. SB \u00f6ppen sj\u00e4lvl\u00e4ns (210d v\u00e4v). Komplett med Cargo Fly inkl Zippered Internal Dry Bags,\u00a0fotst\u00f6d, packp\u00e5se, ryggst\u00f6d\/sits,\u00a0pumps\u00e4ck och rep.sats.<\/p>\n<p>22 500:-. SB \u00f6ppen sj\u00e4lvl\u00e4ns (420d v\u00e4v). Komplett med Cargo Fly inkl Zippered Internal Dry Bags,\u00a0fotst\u00f6d, packp\u00e5se, ryggst\u00f6d\/sits,\u00a0pumps\u00e4ck och rep.sats.<\/p>\n<p>24 200:-. WW d\u00e4ck (210d\u00a0v\u00e4v). Komplett med Cargo Fly inkl Zippered Internal Dry Bags,\u00a0fotst\u00f6d, kapell, packp\u00e5se, ryggst\u00f6d\/sits,\u00a0pumps\u00e4ck och rep.sats.<\/p>\n<p>25 900:-. WW d\u00e4ck (420d v\u00e4v). Komplett med Cargo Fly inkl Zippered Internal Dry Bags,\u00a0fotst\u00f6d, kapell, packp\u00e5se, ryggst\u00f6d\/sits,\u00a0pumps\u00e4ck och rep.sats.<\/p>","protected":false},"excerpt":{"rendered":"<p><strong>Wolverine<\/strong> \u00e4r modellen som \u00e4r en korsning mellan Gnarwhal och den tidigare Alpackalyps. Volverine \u00e4r den perfekta kombinationen av snabb och kontrollerbar forsb\u00e5t f\u00f6r den perfekta linjen i vattnet. V\u00e4ven finns i standardv\u00e4ven 210d och den kraftigare 420d urethanv\u00e4ven.<\/p>\n<p>F\u00e4rg: Bl\u00e5 (Blueberry) och Ljusbl\u00e5\/R\u00f6d (Slush Puppy i 210d v\u00e4v. Ljusbl\u00e5 (Arctic Blue)\u00a0i 420d v\u00e4v.<\/p>","protected":false},"featured_media":16546,"comment_status":"open","ping_status":"closed","template":"","meta":[],"product_cat":[79],"product_tag":[],"_links":{"self":[{"href":"https:\/\/avanzakayak.witty-fox.com\/sv\/wp-json\/wp\/v2\/product\/16529"}],"collection":[{"href":"https:\/\/avanzakayak.witty-fox.com\/sv\/wp-json\/wp\/v2\/product"}],"about":[{"href":"https:\/\/avanzakayak.witty-fox.com\/sv\/wp-json\/wp\/v2\/types\/product"}],"replies":[{"embeddable":true,"href":"https:\/\/avanzakayak.witty-fox.com\/sv\/wp-json\/wp\/v2\/comments?post=16529"}],"version-history":[{"count":1,"href":"https:\/\/avanzakayak.witty-fox.com\/sv\/wp-json\/wp\/v2\/product\/16529\/revisions"}],"predecessor-version":[{"id":16547,"href":"https:\/\/avanzakayak.witty-fox.com\/sv\/wp-json\/wp\/v2\/product\/16529\/revisions\/16547"}],"wp:featuredmedia":[{"embeddable":true,"href":"https:\/\/avanzakayak.witty-fox.com\/sv\/wp-json\/wp\/v2\/media\/16546"}],"wp:attachment":[{"href":"https:\/\/avanzakayak.witty-fox.com\/sv\/wp-json\/wp\/v2\/media?parent=16529"}],"wp:term":[{"taxonomy":"product_cat","embeddable":true,"href":"https:\/\/avanzakayak.witty-fox.com\/sv\/wp-json\/wp\/v2\/product_cat?post=16529"},{"taxonomy":"product_tag","embeddable":true,"href":"https:\/\/avanzakayak.witty-fox.com\/sv\/wp-json\/wp\/v2\/product_tag?post=16529"}],"curies":[{"name":"wp","href":"https:\/\/api.w.org\/{rel}","templated":true}]}}