{"id":16503,"date":"2024-01-05T11:00:37","date_gmt":"2024-01-05T11:00:37","guid":{"rendered":"https:\/\/avanzakayak.witty-fox.com\/?post_type=product&#038;p=16503"},"modified":"2024-01-05T11:00:37","modified_gmt":"2024-01-05T11:00:37","slug":"expedition-ar-en-vidareutveckling-av-classic-men-lattare-och-mer-kompakt-an-wolverine","status":"publish","type":"product","link":"https:\/\/avanzakayak.witty-fox.com\/sv\/produkt\/expedition-ar-en-vidareutveckling-av-classic-men-lattare-och-mer-kompakt-an-wolverine\/","title":{"rendered":"Expedition\u00a0\u00e4r en vidareutveckling av Classic, men l\u00e4ttare och mer kompakt \u00e4n Wolverine."},"content":{"rendered":"<p><strong>Expedition<\/strong>\u00a0\u00e4r en vidareutveckling av Classic, men l\u00e4ttare och mer kompakt \u00e4n Wolverine. Expeditionen kombinera v\u00e5r h\u00f6gpresterande design Rally Hull med klassiska sitts, formpressade ryggst\u00f6d och l\u00e4tta b\u00e4rhandtag.\u00a0<span title=\"\">Resultatet \u00e4r en packraft byggd f\u00f6r l\u00e5nga expeditioner och \u00e4ventyr med ibland m\u00e5ttlig inslag av forspaddling.<\/span>\u00a0<span title=\"\">Du kan ocks\u00e5 komplettera med benslingor f\u00f6r b\u00e4ttre st\u00f6d vid forspaddling.\u00a0F\u00e4rg: Bl\u00e5 (Blueberry) och Ljusbl\u00e5\/R\u00f6d (Slush Puppy).<\/span><\/p>\n<table style=\"height: 362px;\" border=\"0\" width=\"448\" cellspacing=\"1\" cellpadding=\"0\">\n<tbody>\n<tr>\n<td><strong>Specifikation<\/strong><\/td>\n<td><strong>Small<\/strong><\/td>\n<td><strong>Medium<\/strong><\/td>\n<td><strong>Large<\/strong><\/td>\n<\/tr>\n<tr>\n<td><strong>Sittl\u00e4ngd<\/strong><\/td>\n<td>84-102 cm<\/td>\n<td>91-109 cm<\/td>\n<td>99-117 cm<\/td>\n<\/tr>\n<tr>\n<td><strong>L\u00e4ngd ytter<\/strong><\/td>\n<td>231 cm<\/td>\n<td>239 cm<\/td>\n<td>246 cm<\/td>\n<\/tr>\n<tr>\n<td><strong>Bredd ytter<\/strong><\/td>\n<td>91 cm<\/td>\n<td>91 cm<\/td>\n<td>91 cm<\/td>\n<\/tr>\n<tr>\n<td><strong>L\u00e4ngd inner<\/strong><\/td>\n<td>109 cm<\/td>\n<td>117 cm<\/td>\n<td>124 cm<\/td>\n<\/tr>\n<tr>\n<td><strong>Bredd inner<\/strong><\/td>\n<td>38 cm<\/td>\n<td>38 cm<\/td>\n<td>38 cm<\/td>\n<\/tr>\n<tr>\n<td><strong>Lastkapacitet<\/strong><\/td>\n<td>159 kg<\/td>\n<td>159 kg<\/td>\n<td>159 cm<\/td>\n<\/tr>\n<tr>\n<td><strong>Vikt WW d\u00e4ck<\/strong><\/p>\n<p><strong>Packstorlek<\/strong><\/td>\n<td>3,5 kg<\/p>\n<p>43 x 18 cm<\/td>\n<td>3,6 kg<\/p>\n<p>43 x 19 cm<\/td>\n<td>3,7 kg<\/p>\n<p>43 x 20 cm<\/td>\n<\/tr>\n<tr>\n<td><strong>Vikt WR d\u00e4ck<\/strong><\/p>\n<p><strong>Packstorlek<\/strong><\/td>\n<td>3,6 kg<\/p>\n<p>43 x18 cm<\/td>\n<td>3,7 kg<\/p>\n<p>43 x 19 cm<\/td>\n<td>3,8 kg<\/p>\n<p>43 x 20 cm<\/td>\n<\/tr>\n<\/tbody>\n<\/table>\n<p><strong>Pris<\/strong><\/p>\n<p>23 500:-. WW d\u00e4ck. Komplett med Cargo Fly inkl Zippered Internal Dry Bags,\u00a0kapell, packp\u00e5se, ryggst\u00f6d\/sits,\u00a0pumps\u00e4ck och\u00a0 rep.sats.<\/p>\n<p>24 900:-. WR d\u00e4ck. Komplett med Cargo Fly inkl Zippered Internal Dry Bags,\u00a0kapell, packp\u00e5se, ryggst\u00f6d\/sits,\u00a0pumps\u00e4ck och rep.sats.<\/p>\n<p>\u200b<strong>Tillval<\/strong><\/p>\n<p><strong>Uppbl\u00e5sbart fotst\u00f6d<\/strong>. Pris: 480:-<\/p>","protected":false},"excerpt":{"rendered":"<p><strong>Expedition<\/strong>\u00a0\u00e4r en vidareutveckling av Classic, men l\u00e4ttare och mer kompakt \u00e4n Wolverine. Expeditionen kombinera v\u00e5r h\u00f6gpresterande design Rally Hull med klassiska sitts, formpressade ryggst\u00f6d och l\u00e4tta b\u00e4rhandtag.\u00a0<span title=\"\">Resultatet \u00e4r en packraft byggd f\u00f6r l\u00e5nga expeditioner och \u00e4ventyr med ibland m\u00e5ttlig inslag av forspaddling.<\/span>\u00a0<span title=\"\">Du kan ocks\u00e5 komplettera med benslingor f\u00f6r b\u00e4ttre st\u00f6d vid forspaddling.\u00a0F\u00e4rg: Bl\u00e5 (Blueberry) och Ljusbl\u00e5\/R\u00f6d (Slush Puppy).<\/span><\/p>","protected":false},"featured_media":16506,"comment_status":"open","ping_status":"closed","template":"","meta":[],"product_cat":[79],"product_tag":[],"_links":{"self":[{"href":"https:\/\/avanzakayak.witty-fox.com\/sv\/wp-json\/wp\/v2\/product\/16503"}],"collection":[{"href":"https:\/\/avanzakayak.witty-fox.com\/sv\/wp-json\/wp\/v2\/product"}],"about":[{"href":"https:\/\/avanzakayak.witty-fox.com\/sv\/wp-json\/wp\/v2\/types\/product"}],"replies":[{"embeddable":true,"href":"https:\/\/avanzakayak.witty-fox.com\/sv\/wp-json\/wp\/v2\/comments?post=16503"}],"version-history":[{"count":1,"href":"https:\/\/avanzakayak.witty-fox.com\/sv\/wp-json\/wp\/v2\/product\/16503\/revisions"}],"predecessor-version":[{"id":16507,"href":"https:\/\/avanzakayak.witty-fox.com\/sv\/wp-json\/wp\/v2\/product\/16503\/revisions\/16507"}],"wp:featuredmedia":[{"embeddable":true,"href":"https:\/\/avanzakayak.witty-fox.com\/sv\/wp-json\/wp\/v2\/media\/16506"}],"wp:attachment":[{"href":"https:\/\/avanzakayak.witty-fox.com\/sv\/wp-json\/wp\/v2\/media?parent=16503"}],"wp:term":[{"taxonomy":"product_cat","embeddable":true,"href":"https:\/\/avanzakayak.witty-fox.com\/sv\/wp-json\/wp\/v2\/product_cat?post=16503"},{"taxonomy":"product_tag","embeddable":true,"href":"https:\/\/avanzakayak.witty-fox.com\/sv\/wp-json\/wp\/v2\/product_tag?post=16503"}],"curies":[{"name":"wp","href":"https:\/\/api.w.org\/{rel}","templated":true}]}}