{"id":16404,"date":"2024-01-04T14:48:41","date_gmt":"2024-01-04T14:48:41","guid":{"rendered":"https:\/\/avanzakayak.witty-fox.com\/?post_type=product&#038;p=16404"},"modified":"2024-01-04T14:48:41","modified_gmt":"2024-01-04T14:48:41","slug":"outlife-kapell-nylonkapell-med-dragsko-runt-bade-kroppen-och-sittbrunnen-kapellet-ar-vattentata-med-tejpade-sommar-2","status":"publish","type":"product","link":"https:\/\/avanzakayak.witty-fox.com\/sv\/produkt\/outlife-kapell-nylonkapell-med-dragsko-runt-bade-kroppen-och-sittbrunnen-kapellet-ar-vattentata-med-tejpade-sommar-2\/","title":{"rendered":"Outlife kapell.\u00a0Nylonkapell\u00a0med dragsko runt b\u00e5de kroppen och sittbrunnen. Kapellet \u00e4r vattent\u00e4ta med tejpade s\u00f6mmar."},"content":{"rendered":"","protected":false},"excerpt":{"rendered":"<p><img decoding=\"async\" src=\"https:\/\/avanzakayak.com\/img\/clip_image001-7.png\" alt=\"Outlife_logo-2.png\" \/><\/p>\n<p>Outlife kapell.\u00a0Nylonkapell\u00a0med dragsko runt b\u00e5de kroppen och sittbrunnen. Kapellet \u00e4r vattent\u00e4ta med tejpade s\u00f6mmar. En \u00e5tdragbar gummicord i kapellets nederkant\u00a0h\u00e5ller t\u00e4tt\u00a0runt sittbrunnssargen och i framkant finns\u00a0ett f\u00e4rgat handtag f\u00f6r att du enkelt ska kunna rycka loss kapellet om du r\u00e5kar v\u00e4lta. Kapellet s\u00e4tts p\u00e5 under flytv\u00e4sten och\u00a0h\u00e5ller t\u00e4tt runt kroppen med hj\u00e4lp av en elastisk dragsko. Kapell \u00e4r utrustat med elastiska h\u00e4ngslen, som g\u00e5r att ta av. F\u00e4rg:\u00a0Svart.<\/p>\n<p>Storlek M: 80-90 cm x 45-53 cm. Passar till Gumotex Swing, Framura, Rush och Seawave.<\/p>","protected":false},"featured_media":16405,"comment_status":"open","ping_status":"closed","template":"","meta":[],"product_cat":[80],"product_tag":[],"_links":{"self":[{"href":"https:\/\/avanzakayak.witty-fox.com\/sv\/wp-json\/wp\/v2\/product\/16404"}],"collection":[{"href":"https:\/\/avanzakayak.witty-fox.com\/sv\/wp-json\/wp\/v2\/product"}],"about":[{"href":"https:\/\/avanzakayak.witty-fox.com\/sv\/wp-json\/wp\/v2\/types\/product"}],"replies":[{"embeddable":true,"href":"https:\/\/avanzakayak.witty-fox.com\/sv\/wp-json\/wp\/v2\/comments?post=16404"}],"version-history":[{"count":1,"href":"https:\/\/avanzakayak.witty-fox.com\/sv\/wp-json\/wp\/v2\/product\/16404\/revisions"}],"predecessor-version":[{"id":16406,"href":"https:\/\/avanzakayak.witty-fox.com\/sv\/wp-json\/wp\/v2\/product\/16404\/revisions\/16406"}],"wp:featuredmedia":[{"embeddable":true,"href":"https:\/\/avanzakayak.witty-fox.com\/sv\/wp-json\/wp\/v2\/media\/16405"}],"wp:attachment":[{"href":"https:\/\/avanzakayak.witty-fox.com\/sv\/wp-json\/wp\/v2\/media?parent=16404"}],"wp:term":[{"taxonomy":"product_cat","embeddable":true,"href":"https:\/\/avanzakayak.witty-fox.com\/sv\/wp-json\/wp\/v2\/product_cat?post=16404"},{"taxonomy":"product_tag","embeddable":true,"href":"https:\/\/avanzakayak.witty-fox.com\/sv\/wp-json\/wp\/v2\/product_tag?post=16404"}],"curies":[{"name":"wp","href":"https:\/\/api.w.org\/{rel}","templated":true}]}}