{"id":16391,"date":"2024-01-04T14:41:20","date_gmt":"2024-01-04T14:41:20","guid":{"rendered":"https:\/\/avanzakayak.witty-fox.com\/?post_type=product&#038;p=16391"},"modified":"2024-01-04T14:41:20","modified_gmt":"2024-01-04T14:41:20","slug":"gumotex-standard-transportsack-tillverkad-i-kraftig-vattentat-vav-med-rullforslutning-frontficka-och-barsele","status":"publish","type":"product","link":"https:\/\/avanzakayak.witty-fox.com\/sv\/produkt\/gumotex-standard-transportsack-tillverkad-i-kraftig-vattentat-vav-med-rullforslutning-frontficka-och-barsele\/","title":{"rendered":"Gumotex Standard transports\u00e4ck\u00a0tillverkad i kraftig vattent\u00e4t v\u00e4v med rullf\u00f6rslutning,\u00a0frontficka och b\u00e4rsele."},"content":{"rendered":"","protected":false},"excerpt":{"rendered":"<p><strong>Gumotex Standard transports\u00e4ck<\/strong>\u00a0tillverkad i kraftig vattent\u00e4t v\u00e4v med rullf\u00f6rslutning,\u00a0frontficka och b\u00e4rsele.<\/p>\n<p>70 L. Pris: 830:-<\/p>\n<p>80 L. Pris: 960:-<\/p>\n<p>100 L. Pris: 1 000:-<\/p>\n<p>135 L. Pris: 1 040:-<\/p>","protected":false},"featured_media":16396,"comment_status":"open","ping_status":"closed","template":"","meta":[],"product_cat":[80],"product_tag":[],"_links":{"self":[{"href":"https:\/\/avanzakayak.witty-fox.com\/sv\/wp-json\/wp\/v2\/product\/16391"}],"collection":[{"href":"https:\/\/avanzakayak.witty-fox.com\/sv\/wp-json\/wp\/v2\/product"}],"about":[{"href":"https:\/\/avanzakayak.witty-fox.com\/sv\/wp-json\/wp\/v2\/types\/product"}],"replies":[{"embeddable":true,"href":"https:\/\/avanzakayak.witty-fox.com\/sv\/wp-json\/wp\/v2\/comments?post=16391"}],"version-history":[{"count":1,"href":"https:\/\/avanzakayak.witty-fox.com\/sv\/wp-json\/wp\/v2\/product\/16391\/revisions"}],"predecessor-version":[{"id":16397,"href":"https:\/\/avanzakayak.witty-fox.com\/sv\/wp-json\/wp\/v2\/product\/16391\/revisions\/16397"}],"wp:featuredmedia":[{"embeddable":true,"href":"https:\/\/avanzakayak.witty-fox.com\/sv\/wp-json\/wp\/v2\/media\/16396"}],"wp:attachment":[{"href":"https:\/\/avanzakayak.witty-fox.com\/sv\/wp-json\/wp\/v2\/media?parent=16391"}],"wp:term":[{"taxonomy":"product_cat","embeddable":true,"href":"https:\/\/avanzakayak.witty-fox.com\/sv\/wp-json\/wp\/v2\/product_cat?post=16391"},{"taxonomy":"product_tag","embeddable":true,"href":"https:\/\/avanzakayak.witty-fox.com\/sv\/wp-json\/wp\/v2\/product_tag?post=16391"}],"curies":[{"name":"wp","href":"https:\/\/api.w.org\/{rel}","templated":true}]}}