{"id":16349,"date":"2024-01-04T14:03:05","date_gmt":"2024-01-04T14:03:05","guid":{"rendered":"https:\/\/avanzakayak.witty-fox.com\/?post_type=product&#038;p=16349"},"modified":"2024-01-04T14:03:05","modified_gmt":"2024-01-04T14:03:05","slug":"gumotex-ontario-ar-en-sexmannakanot-for-strommande-vatten-eller-fors-klass-2","status":"publish","type":"product","link":"https:\/\/avanzakayak.witty-fox.com\/sv\/produkt\/gumotex-ontario-ar-en-sexmannakanot-for-strommande-vatten-eller-fors-klass-2\/","title":{"rendered":"Gumotex Ontario\u00a0\u00e4r en sexmannakanot f\u00f6r\u00a0str\u00f6mmande vatten eller fors (klass 2)."},"content":{"rendered":"<p><strong>Gumotex Ontario<\/strong>\u00a0\u00e4r en sexmannakanot f\u00f6r\u00a0str\u00f6mmande vatten eller fors (klass 2). Egenskaper som Colorado men \u00e4r inte sj\u00e4lvl\u00e4nsande. Ontario erbjuder mycket goda lastutrymmen vilket m\u00f6jligg\u00f6r flerdagarsturer. Ontario paddlas sittande med enkelpaddel. F\u00e4rg: Gul\/Gr\u00e5 och Gr\u00f6n\/Gr\u00e5.\u00a0<strong>Best\u00e4llningsvara.<\/strong><\/p>\n<p><img decoding=\"async\" title=\"faergprov-gumotex-gul_groen_graa.JPG\" src=\"https:\/\/avanzakayak.com\/img\/faergprov-gumotex-gul_groen_graa.png\" alt=\"faergprov-gumotex-gul_groen_graa.JPG\" \/><\/p>\n<table style=\"height: 365px;\" width=\"372\" cellspacing=\"0\" cellpadding=\"0\">\n<tbody>\n<tr>\n<td><strong>Produktinfo<\/strong><\/p>\n<p>L\u00e4ngd:<\/p>\n<p>Bredd:<\/p>\n<p>Vikt:<\/p>\n<p>Packstorlek:<\/p>\n<p>Lastf\u00f6rm\u00e5ga:<\/p>\n<p>Max ant pers:<\/p>\n<p>Ant lufttankar:<\/p>\n<p>Max lufttryck:<\/td>\n<td><strong>Ontario 450S<\/strong><\/p>\n<p>450\u00a0cm<\/p>\n<p>157\u00a0cm<\/p>\n<p>30\u00a0kg<\/p>\n<p>68x58x30 cm<\/p>\n<p>630\u00a0kg<\/p>\n<p>6<\/p>\n<p>3+3<\/p>\n<p>0,2 Bar<\/td>\n<\/tr>\n<\/tbody>\n<\/table>\n<p><strong>Ontario 450S<\/strong>\u00a019 400:-. Levereras med tre sitsar,\u00a0transports\u00e4ck och rep.sats.<\/p>\n<p><strong>Tillval<\/strong><\/p>\n<p><strong>Pump:<\/strong>\u00a0Bravo 6 eller 10<\/p>","protected":false},"excerpt":{"rendered":"<p><strong>Gumotex Ontario<\/strong>\u00a0\u00e4r en sexmannakanot f\u00f6r\u00a0str\u00f6mmande vatten eller fors (klass 2). Egenskaper som Colorado men \u00e4r inte sj\u00e4lvl\u00e4nsande. Ontario erbjuder mycket goda lastutrymmen vilket m\u00f6jligg\u00f6r flerdagarsturer. Ontario paddlas sittande med enkelpaddel. F\u00e4rg: Gul\/Gr\u00e5 och Gr\u00f6n\/Gr\u00e5.\u00a0<strong>Best\u00e4llningsvara.<\/strong><\/p>\n<p>&nbsp;<\/p>","protected":false},"featured_media":16350,"comment_status":"open","ping_status":"closed","template":"","meta":[],"product_cat":[80],"product_tag":[],"_links":{"self":[{"href":"https:\/\/avanzakayak.witty-fox.com\/sv\/wp-json\/wp\/v2\/product\/16349"}],"collection":[{"href":"https:\/\/avanzakayak.witty-fox.com\/sv\/wp-json\/wp\/v2\/product"}],"about":[{"href":"https:\/\/avanzakayak.witty-fox.com\/sv\/wp-json\/wp\/v2\/types\/product"}],"replies":[{"embeddable":true,"href":"https:\/\/avanzakayak.witty-fox.com\/sv\/wp-json\/wp\/v2\/comments?post=16349"}],"version-history":[{"count":1,"href":"https:\/\/avanzakayak.witty-fox.com\/sv\/wp-json\/wp\/v2\/product\/16349\/revisions"}],"predecessor-version":[{"id":16352,"href":"https:\/\/avanzakayak.witty-fox.com\/sv\/wp-json\/wp\/v2\/product\/16349\/revisions\/16352"}],"wp:featuredmedia":[{"embeddable":true,"href":"https:\/\/avanzakayak.witty-fox.com\/sv\/wp-json\/wp\/v2\/media\/16350"}],"wp:attachment":[{"href":"https:\/\/avanzakayak.witty-fox.com\/sv\/wp-json\/wp\/v2\/media?parent=16349"}],"wp:term":[{"taxonomy":"product_cat","embeddable":true,"href":"https:\/\/avanzakayak.witty-fox.com\/sv\/wp-json\/wp\/v2\/product_cat?post=16349"},{"taxonomy":"product_tag","embeddable":true,"href":"https:\/\/avanzakayak.witty-fox.com\/sv\/wp-json\/wp\/v2\/product_tag?post=16349"}],"curies":[{"name":"wp","href":"https:\/\/api.w.org\/{rel}","templated":true}]}}