{"id":16328,"date":"2024-01-04T13:21:02","date_gmt":"2024-01-04T13:21:02","guid":{"rendered":"https:\/\/avanzakayak.witty-fox.com\/?post_type=product&#038;p=16328"},"modified":"2024-01-04T13:21:20","modified_gmt":"2024-01-04T13:21:20","slug":"gumotex-palava-ar-den-senaste-uppblasbara-tvamanskanoten-fran-gumotex-breda-modellprogram","status":"publish","type":"product","link":"https:\/\/avanzakayak.witty-fox.com\/sv\/produkt\/gumotex-palava-ar-den-senaste-uppblasbara-tvamanskanoten-fran-gumotex-breda-modellprogram\/","title":{"rendered":"Gumotex\u00a0Palava\u00a0\u00e4r den senaste uppbl\u00e5sbara tv\u00e5manskanoten fr\u00e5n Gumotex breda modellprogram."},"content":{"rendered":"<p>Gumotex\u00a0<strong>Palava<\/strong>\u00a0\u00e4r den senaste uppbl\u00e5sbara tv\u00e5manskanoten fr\u00e5n Gumotex breda modellprogram. Den fyra meter l\u00e5nga kanoten g\u00f6r den utm\u00e4rkt f\u00f6r familjen och bjuder p\u00e5 goda lastutrymmen f\u00f6r l\u00e5ngturer samt m\u00f6jlighet f\u00f6r en extra sits i mitten.\u00a0Palava passar bra i lugna vatten eller fors (klass 3). Kompakt format n\u00e4r kanoten \u00e4r nedpackad. Palavan paddlas sittande eller kn\u00e4st\u00e5ende med enkelpaddel. F\u00e4rg: R\u00f6d\/Gr\u00e5 och Gr\u00f6n\/Gr\u00e5.<\/p>\n<p><img decoding=\"async\" title=\"faergprov-gumotex-roed_groen_graa.JPG\" src=\"https:\/\/avanzakayak.com\/img\/faergprov-gumotex-roed_groen_graa.png\" alt=\"faergprov-gumotex-roed_groen_graa.JPG\" \/><\/p>\n<table style=\"height: 381px;\" width=\"330\" cellspacing=\"0\" cellpadding=\"0\">\n<tbody>\n<tr>\n<td><strong>Produktinfo<\/strong><\/p>\n<p>L\u00e4ngd:<\/p>\n<p>Bredd:<\/p>\n<p>Vikt:<\/p>\n<p>Packstorlek:<\/p>\n<p>Lastf\u00f6rm\u00e5ga:<\/p>\n<p>Max ant pers:<\/p>\n<p>Ant lufttankar:<\/p>\n<p>Max lufttryck:<\/td>\n<td>400\u00a0cm<\/p>\n<p>90\u00a0cm<\/p>\n<p>17,5\u00a0kg<\/p>\n<p>55x40x25 cm<\/p>\n<p>240\u00a0kg<\/p>\n<p>2 + 1<\/p>\n<p>3<\/p>\n<p>0,2 Bar<\/td>\n<\/tr>\n<\/tbody>\n<\/table>\n<p>&nbsp;<\/p>\n<p>13 400:-. Levereras med tv\u00e5 sitsar,\u00a0benslingor, vattent\u00e4t packs\u00e4ck\u00a0(80\u00a0L) och rep.sats.\u200b<\/p>\n<p><strong>Tillval<\/strong><\/p>\n<p>Extra sits.\u00a0Pris: 540:-<\/p>\n<p>Skruv och mutter till sits.\u00a0Pris: 40:-\/st<\/p>\n<p>Pump:\u00a0Bravo 6 eller 10<\/p>","protected":false},"excerpt":{"rendered":"<p>Gumotex\u00a0<strong>Palava<\/strong>\u00a0\u00e4r den senaste uppbl\u00e5sbara tv\u00e5manskanoten fr\u00e5n Gumotex breda modellprogram. Den fyra meter l\u00e5nga kanoten g\u00f6r den utm\u00e4rkt f\u00f6r familjen och bjuder p\u00e5 goda lastutrymmen f\u00f6r l\u00e5ngturer samt m\u00f6jlighet f\u00f6r en extra sits i mitten.<\/p>","protected":false},"featured_media":16332,"comment_status":"open","ping_status":"closed","template":"","meta":[],"product_cat":[80],"product_tag":[],"_links":{"self":[{"href":"https:\/\/avanzakayak.witty-fox.com\/sv\/wp-json\/wp\/v2\/product\/16328"}],"collection":[{"href":"https:\/\/avanzakayak.witty-fox.com\/sv\/wp-json\/wp\/v2\/product"}],"about":[{"href":"https:\/\/avanzakayak.witty-fox.com\/sv\/wp-json\/wp\/v2\/types\/product"}],"replies":[{"embeddable":true,"href":"https:\/\/avanzakayak.witty-fox.com\/sv\/wp-json\/wp\/v2\/comments?post=16328"}],"version-history":[{"count":1,"href":"https:\/\/avanzakayak.witty-fox.com\/sv\/wp-json\/wp\/v2\/product\/16328\/revisions"}],"predecessor-version":[{"id":16335,"href":"https:\/\/avanzakayak.witty-fox.com\/sv\/wp-json\/wp\/v2\/product\/16328\/revisions\/16335"}],"wp:featuredmedia":[{"embeddable":true,"href":"https:\/\/avanzakayak.witty-fox.com\/sv\/wp-json\/wp\/v2\/media\/16332"}],"wp:attachment":[{"href":"https:\/\/avanzakayak.witty-fox.com\/sv\/wp-json\/wp\/v2\/media?parent=16328"}],"wp:term":[{"taxonomy":"product_cat","embeddable":true,"href":"https:\/\/avanzakayak.witty-fox.com\/sv\/wp-json\/wp\/v2\/product_cat?post=16328"},{"taxonomy":"product_tag","embeddable":true,"href":"https:\/\/avanzakayak.witty-fox.com\/sv\/wp-json\/wp\/v2\/product_tag?post=16328"}],"curies":[{"name":"wp","href":"https:\/\/api.w.org\/{rel}","templated":true}]}}