{"id":16316,"date":"2024-01-04T13:09:48","date_gmt":"2024-01-04T13:09:48","guid":{"rendered":"https:\/\/avanzakayak.witty-fox.com\/?post_type=product&#038;p=16316"},"modified":"2024-01-04T13:09:48","modified_gmt":"2024-01-04T13:09:48","slug":"gumotex-halibut-ar-en-ny-uppblasbar-fiskekajak-som-du-kan-ta-med-dig-i-bilen","status":"publish","type":"product","link":"https:\/\/avanzakayak.witty-fox.com\/sv\/produkt\/gumotex-halibut-ar-en-ny-uppblasbar-fiskekajak-som-du-kan-ta-med-dig-i-bilen\/","title":{"rendered":"Gumotex Halibut\u00a0\u00e4r en ny uppbl\u00e5sbar fiskekajak, som du kan ta med dig i bilen,"},"content":{"rendered":"<p><strong>Gumotex Halibut<\/strong>\u00a0<span class=\"hps\">\u00e4r en ny uppbl\u00e5sbar fiskekajak<\/span>, som du kan ta med dig i bilen, t\u00e5get eller flyget<span class=\"hps\">.<\/span>\u00a0Med Halibut\u00a0<span class=\"hps\">\u00e4r det nu m\u00f6jligt att<\/span>\u00a0n\u00e5\u00a0<span class=\"hps\">avl\u00e4gsna fiskevatten<\/span>.\u00a0<span class=\"hps\">Kajaken<\/span>\u00a0<span class=\"hps\">\u00e4r<\/span>\u00a0<span class=\"hps\">mycket<\/span>\u00a0<span class=\"hps\">stabil<\/span>\u00a0<span class=\"hps\">men<\/span>\u00a0\u00e4nd\u00e5\u00a0<span class=\"hps\">snabb<\/span>\u00a0i\u00a0<span class=\"hps\">vattnet<\/span>. I botten p\u00e5 kajaken finns en platta f\u00f6r att underl\u00e4tta vid st\u00e5ende fiske. P\u00e5 den uppl\u00e5sbara sitsen \u00e4r i niv\u00e5 med relingen vilket m\u00f6jligg\u00f6r fiske fr\u00e5n sittande position. Bak p\u00e5 ryggst\u00f6det finns h\u00e5llare f\u00f6r bl a h\u00e5v. P\u00e5 relingen finns en platta f\u00f6r montering av sp\u00f6h\u00e5ller (en sp\u00f6h\u00e5llare medf\u00f6ljer). \u00d6vriga tillbeh\u00f6r som medf\u00f6ljer \u00e4r flaskh\u00e5llare, ankarlina, h\u00e5llare f\u00f6r paddel. F\u00e4rg: Gr\u00f6n\/Gr\u00e5.<\/p>\n<p><img decoding=\"async\" title=\"faergprov-gumotex-groen_graa.JPG\" src=\"https:\/\/avanzakayak.com\/img\/faergprov-gumotex-groen_graa.png\" alt=\"faergprov-gumotex-groen_graa.JPG\" \/>\u00a0\u00a0\u00a0\u00a0\u00a0<a title=\"Gumotex Halibut\" href=\"https:\/\/www.youtube.com\/watch?feature=player_embedded&amp;v=F-HMI8axTPE#Gumotex%20Halibut\"><img decoding=\"async\" src=\"https:\/\/avanzakayak.com\/img\/image-155.png\" alt=\"\" \/><\/a><\/p>\n<p>&nbsp;<\/p>\n<table style=\"height: 380px;\" width=\"311\" cellspacing=\"0\" cellpadding=\"0\">\n<tbody>\n<tr>\n<td><strong>Produktinfo<\/strong><\/p>\n<p>L\u00e4ngd:<\/p>\n<p>Bredd:<\/p>\n<p>Vikt:<\/p>\n<p>Packstorlek:<\/p>\n<p>Lastf\u00f6rm\u00e5ga:<\/p>\n<p>Max ant pers:<\/p>\n<p>Ant lufttankar:<\/p>\n<p>Max lufttryck:<\/td>\n<td>375 cm96\u00a0cm<\/p>\n<p>21\u00a0kg<\/p>\n<p>71x47x33 cm<\/p>\n<p>200\u00a0kg<\/p>\n<p>\u200b1<\/p>\n<p>3+1<\/td>\n<\/tr>\n<\/tbody>\n<\/table>\n<p>&nbsp;<\/p>\n<p>17 600:-. Levereras med sits,\u00a0sp\u00f6h\u00e5llare, sk\u00e4dda, vattent\u00e4t packs\u00e4ck (100 L),\u00a0beslag\u00a0f\u00f6r\u00a0ekolod och rep.sats.<\/p>\n<p>\u200b<\/p>\n<p><strong>Tillval<\/strong><\/p>\n<p><strong>Pump:<\/strong>\u00a0Bravo 1 eller 6<\/p>","protected":false},"excerpt":{"rendered":"<p><strong>Gumotex Halibut<\/strong>\u00a0<span class=\"hps\">\u00e4r en ny uppbl\u00e5sbar fiskekajak<\/span>, som du kan ta med dig i bilen, t\u00e5get eller flyget<span class=\"hps\">.<\/span>\u00a0Med Halibut\u00a0<span class=\"hps\">\u00e4r det nu m\u00f6jligt att<\/span>\u00a0n\u00e5\u00a0<span class=\"hps\">avl\u00e4gsna fiskevatten<\/span>.\u00a0<span class=\"hps\">Kajaken<\/span>\u00a0<span class=\"hps\">\u00e4r<\/span>\u00a0<span class=\"hps\">mycket<\/span>\u00a0<span class=\"hps\">stabil<\/span>\u00a0<span class=\"hps\">men<\/span>\u00a0\u00e4nd\u00e5\u00a0<span class=\"hps\">snabb<\/span>\u00a0i\u00a0<span class=\"hps\">vattnet<\/span>. I botten p\u00e5 kajaken finns en platta f\u00f6r att underl\u00e4tta vid st\u00e5ende fiske. P\u00e5 den uppl\u00e5sbara sitsen \u00e4r i niv\u00e5 med relingen vilket m\u00f6jligg\u00f6r fiske fr\u00e5n sittande position.<\/p>","protected":false},"featured_media":16317,"comment_status":"open","ping_status":"closed","template":"","meta":[],"product_cat":[80],"product_tag":[],"_links":{"self":[{"href":"https:\/\/avanzakayak.witty-fox.com\/sv\/wp-json\/wp\/v2\/product\/16316"}],"collection":[{"href":"https:\/\/avanzakayak.witty-fox.com\/sv\/wp-json\/wp\/v2\/product"}],"about":[{"href":"https:\/\/avanzakayak.witty-fox.com\/sv\/wp-json\/wp\/v2\/types\/product"}],"replies":[{"embeddable":true,"href":"https:\/\/avanzakayak.witty-fox.com\/sv\/wp-json\/wp\/v2\/comments?post=16316"}],"version-history":[{"count":1,"href":"https:\/\/avanzakayak.witty-fox.com\/sv\/wp-json\/wp\/v2\/product\/16316\/revisions"}],"predecessor-version":[{"id":16320,"href":"https:\/\/avanzakayak.witty-fox.com\/sv\/wp-json\/wp\/v2\/product\/16316\/revisions\/16320"}],"wp:featuredmedia":[{"embeddable":true,"href":"https:\/\/avanzakayak.witty-fox.com\/sv\/wp-json\/wp\/v2\/media\/16317"}],"wp:attachment":[{"href":"https:\/\/avanzakayak.witty-fox.com\/sv\/wp-json\/wp\/v2\/media?parent=16316"}],"wp:term":[{"taxonomy":"product_cat","embeddable":true,"href":"https:\/\/avanzakayak.witty-fox.com\/sv\/wp-json\/wp\/v2\/product_cat?post=16316"},{"taxonomy":"product_tag","embeddable":true,"href":"https:\/\/avanzakayak.witty-fox.com\/sv\/wp-json\/wp\/v2\/product_tag?post=16316"}],"curies":[{"name":"wp","href":"https:\/\/api.w.org\/{rel}","templated":true}]}}