{"id":16300,"date":"2024-01-04T13:04:17","date_gmt":"2024-01-04T13:04:17","guid":{"rendered":"https:\/\/avanzakayak.witty-fox.com\/?post_type=product&#038;p=16300"},"modified":"2024-01-04T13:06:04","modified_gmt":"2024-01-04T13:06:04","slug":"gumotex-seawave-mangsidig-uppblasbar-kajak-for-1-2-eller-3-personer","status":"publish","type":"product","link":"https:\/\/avanzakayak.witty-fox.com\/sv\/produkt\/gumotex-seawave-mangsidig-uppblasbar-kajak-for-1-2-eller-3-personer\/","title":{"rendered":"Gumotex Seawave, m\u00e5ngsidig uppbl\u00e5sbar kajak f\u00f6r 1, 2 eller 3 personer."},"content":{"rendered":"<p><strong>Gumotex Seawave<\/strong>, m\u00e5ngsidig uppbl\u00e5sbar kajak f\u00f6r 1, 2 eller 3 personer. Seawave har bra utrymmen och prestanda som kan paddlas med eller utan d\u00e4ck. Den flexibilitet som Seawave bjuder p\u00e5 g\u00f6r kajaken unik i sitt slag och intressant f\u00f6r m\u00e5nga anv\u00e4ndningsomr\u00e5den. F\u00e4rg: R\u00f6d\/Gr\u00e5.\u00a0<strong>B\u00e4st\u00e4llningsvara.<\/strong><\/p>\n<p><img decoding=\"async\" title=\"faergprov-gumotex-roed_graa.JPG\" src=\"https:\/\/avanzakayak.com\/img\/faergprov-gumotex-roed_graa.png\" alt=\"faergprov-gumotex-roed_graa.JPG\" \/><\/p>\n<table style=\"height: 367px;\" width=\"345\" cellspacing=\"0\" cellpadding=\"0\">\n<tbody>\n<tr>\n<td><strong>Produktinfo<\/strong><\/p>\n<p>L\u00e4ngd:<\/p>\n<p>Bredd:<\/p>\n<p>Vikt:<\/p>\n<p>Packstorlek:<\/p>\n<p>Lastf\u00f6rm\u00e5ga:<\/p>\n<p>Max ant pers:<\/p>\n<p>Ant lufttankar:<\/p>\n<p>Max lufttryck:<\/td>\n<td>&nbsp;<\/p>\n<p>455\u00a0cm<\/p>\n<p>80\u00a0cm<\/p>\n<p>17,5 kg<\/p>\n<p>68x43x30 cm<\/p>\n<p>250\u00a0kg<\/p>\n<p>3<\/p>\n<p>3+3+2<\/p>\n<p>0,25 Bar<\/td>\n<\/tr>\n<\/tbody>\n<\/table>\n<p>&nbsp;<\/p>\n<table cellspacing=\"0\" cellpadding=\"0\">\n<tbody>\n<tr>\n<td colspan=\"2\">\u200b<\/p>\n<p>17 600:-. Levereras med tv\u00e5 sitsar, fotst\u00f6d,\u00a0sk\u00e4dda, vattent\u00e4t packs\u00e4ck\u00a0(100\u00a0L)\u00a0och rep.sats.<\/p>\n<p>28 000:-. Levereras med tre sitsar, kapelld\u00e4ck 2-mans, 2 kapell, roder,\u00a0sk\u00e4dda. fotst\u00f6d, vattent\u00e4t packs\u00e4ck\u00a0(100\u00a0L)\u00a0och rep.sats.<\/p>\n<p>\u200b<\/p>\n<p><strong>Tillval<\/strong><\/p>\n<p>Extra sits. Pris:\u00a0930:-<\/p>\n<p>D\u00e4ck 2-mans inkl 4 st b\u00e5gar.\u00a0Pris: 5 590:-. D\u00e4ck utan b\u00e5gar. Pris: 2 900:-<\/p>\n<p>D\u00e4ck 1-mans inkl 4 st b\u00e5gar.\u00a0Pris: 4 970:-. D\u00e4ck utan b\u00e5gar. Pris: 2 370:-<\/p>\n<p>Kapell Gumotex.\u00a0Pris: 1 100:-<\/p>\n<p>Kapell Outlife.\u00a0Pris: 500:-<\/p>\n<p>Roder.\u00a0Pris: 3 400:-<\/p>\n<p>Pump:\u00a0Bravo 6<\/p>\n<p><strong><img decoding=\"async\" title=\"Gummotex-roder-Seawave-Rush-2.jpg\" src=\"https:\/\/avanzakayak.com\/img\/Gummotex-roder-Seawave-Rush-2.png\" alt=\"Gummotex-roder-Seawave-Rush-2.jpg\" \/><\/strong><\/p>\n<p>\u200b<\/td>\n<\/tr>\n<\/tbody>\n<\/table>","protected":false},"excerpt":{"rendered":"<p><strong>Gumotex Seawave<\/strong>, m\u00e5ngsidig uppbl\u00e5sbar kajak f\u00f6r 1, 2 eller 3 personer. Seawave har bra utrymmen och prestanda som kan paddlas med eller utan d\u00e4ck. Den flexibilitet som Seawave bjuder p\u00e5 g\u00f6r kajaken unik i sitt slag och intressant f\u00f6r m\u00e5nga anv\u00e4ndningsomr\u00e5den. F\u00e4rg: R\u00f6d\/Gr\u00e5.\u00a0<strong>B\u00e4st\u00e4llningsvara.<\/strong><\/p>\n<p><img decoding=\"async\" title=\"faergprov-gumotex-roed_graa.JPG\" src=\"https:\/\/avanzakayak.com\/img\/faergprov-gumotex-roed_graa.png\" alt=\"faergprov-gumotex-roed_graa.JPG\" \/><\/p>","protected":false},"featured_media":16301,"comment_status":"open","ping_status":"closed","template":"","meta":[],"product_cat":[80],"product_tag":[],"_links":{"self":[{"href":"https:\/\/avanzakayak.witty-fox.com\/sv\/wp-json\/wp\/v2\/product\/16300"}],"collection":[{"href":"https:\/\/avanzakayak.witty-fox.com\/sv\/wp-json\/wp\/v2\/product"}],"about":[{"href":"https:\/\/avanzakayak.witty-fox.com\/sv\/wp-json\/wp\/v2\/types\/product"}],"replies":[{"embeddable":true,"href":"https:\/\/avanzakayak.witty-fox.com\/sv\/wp-json\/wp\/v2\/comments?post=16300"}],"version-history":[{"count":1,"href":"https:\/\/avanzakayak.witty-fox.com\/sv\/wp-json\/wp\/v2\/product\/16300\/revisions"}],"predecessor-version":[{"id":16314,"href":"https:\/\/avanzakayak.witty-fox.com\/sv\/wp-json\/wp\/v2\/product\/16300\/revisions\/16314"}],"wp:featuredmedia":[{"embeddable":true,"href":"https:\/\/avanzakayak.witty-fox.com\/sv\/wp-json\/wp\/v2\/media\/16301"}],"wp:attachment":[{"href":"https:\/\/avanzakayak.witty-fox.com\/sv\/wp-json\/wp\/v2\/media?parent=16300"}],"wp:term":[{"taxonomy":"product_cat","embeddable":true,"href":"https:\/\/avanzakayak.witty-fox.com\/sv\/wp-json\/wp\/v2\/product_cat?post=16300"},{"taxonomy":"product_tag","embeddable":true,"href":"https:\/\/avanzakayak.witty-fox.com\/sv\/wp-json\/wp\/v2\/product_tag?post=16300"}],"curies":[{"name":"wp","href":"https:\/\/api.w.org\/{rel}","templated":true}]}}