{"id":16270,"date":"2024-01-04T12:25:40","date_gmt":"2024-01-04T12:25:40","guid":{"rendered":"https:\/\/avanzakayak.witty-fox.com\/?post_type=product&#038;p=16270"},"modified":"2024-01-04T12:30:37","modified_gmt":"2024-01-04T12:30:37","slug":"gumotex-solar-ar-en-ny-stabil-tvamanskajak-for-lugna-vatten-och-lattare-fors-klass-1","status":"publish","type":"product","link":"https:\/\/avanzakayak.witty-fox.com\/sv\/produkt\/gumotex-solar-ar-en-ny-stabil-tvamanskajak-for-lugna-vatten-och-lattare-fors-klass-1\/","title":{"rendered":"Gumotex Solar\u00a0\u00e4r en ny stabil tv\u00e5manskajak f\u00f6r lugna vatten och l\u00e4ttare fors (klass 1)."},"content":{"rendered":"<p>&nbsp;<\/p>\n<table style=\"height: 363px;\" width=\"302\" cellspacing=\"0\" cellpadding=\"0\">\n<tbody>\n<tr>\n<td><strong>Produktinfo<\/strong><\/p>\n<p>L\u00e4ngd:<\/p>\n<p>Bredd:<\/p>\n<p>Vikt:<\/p>\n<p>Packstorlek:<\/p>\n<p>Lastf\u00f6rm\u00e5ga:<\/p>\n<p>Max ant pers:<\/p>\n<p>Ant lufttankar:<\/p>\n<p>Max lufttryck:<\/td>\n<td>&nbsp;<\/p>\n<p>410 cm<\/p>\n<p>80\u00a0cm<\/p>\n<p>16 kg<\/p>\n<p>54x39x24 cm<\/p>\n<p>270\u00a0kg<\/p>\n<p>1-3<\/p>\n<p>3+2+2<\/p>\n<p>0,2 Bar<\/td>\n<\/tr>\n<\/tbody>\n<\/table>\n<table cellspacing=\"0\" cellpadding=\"0\">\n<tbody>\n<tr>\n<td colspan=\"2\">12 400:-.\u00a0Levereras med tv\u00e5 sitsar, fotst\u00f6d,\u00a0sk\u00e4dda, vattent\u00e4t packs\u00e4ck (80 L)\u00a0och rep.sats.<\/p>\n<p>\u200b<\/p>\n<p><strong>Tillval<\/strong><\/p>\n<p><strong>Extra sits.\u00a0Pris: 1 230:-<\/strong><\/p>\n<p><strong>Pump:<\/strong>\u00a0Bravo 1 eller 6<\/td>\n<\/tr>\n<\/tbody>\n<\/table>","protected":false},"excerpt":{"rendered":"<p><strong>Gumotex Solar<\/strong>\u00a0\u00e4r en ny stabil tv\u00e5manskajak f\u00f6r lugna vatten och l\u00e4ttare fors (klass 1). Solar kan enkelt anpassas f\u00f6r enmanspaddling eller som familjekajak genom att komplettera med en extra sits. I f\u00f6r och akter finns lastutrymmen. F\u00e4rg: R\u00f6d\/Gr\u00e5 och Lime\/Gr\u00e5.<\/p>\n<p><img decoding=\"async\" title=\"faergprov-gumotex-roed_lime_graa.JPG\" src=\"https:\/\/avanzakayak.com\/img\/faergprov-gumotex-roed_lime_graa.png\" alt=\"faergprov-gumotex-roed_lime_graa.JPG\" \/><\/p>","protected":false},"featured_media":16267,"comment_status":"open","ping_status":"closed","template":"","meta":[],"product_cat":[80],"product_tag":[],"_links":{"self":[{"href":"https:\/\/avanzakayak.witty-fox.com\/sv\/wp-json\/wp\/v2\/product\/16270"}],"collection":[{"href":"https:\/\/avanzakayak.witty-fox.com\/sv\/wp-json\/wp\/v2\/product"}],"about":[{"href":"https:\/\/avanzakayak.witty-fox.com\/sv\/wp-json\/wp\/v2\/types\/product"}],"replies":[{"embeddable":true,"href":"https:\/\/avanzakayak.witty-fox.com\/sv\/wp-json\/wp\/v2\/comments?post=16270"}],"version-history":[{"count":3,"href":"https:\/\/avanzakayak.witty-fox.com\/sv\/wp-json\/wp\/v2\/product\/16270\/revisions"}],"predecessor-version":[{"id":16275,"href":"https:\/\/avanzakayak.witty-fox.com\/sv\/wp-json\/wp\/v2\/product\/16270\/revisions\/16275"}],"wp:featuredmedia":[{"embeddable":true,"href":"https:\/\/avanzakayak.witty-fox.com\/sv\/wp-json\/wp\/v2\/media\/16267"}],"wp:attachment":[{"href":"https:\/\/avanzakayak.witty-fox.com\/sv\/wp-json\/wp\/v2\/media?parent=16270"}],"wp:term":[{"taxonomy":"product_cat","embeddable":true,"href":"https:\/\/avanzakayak.witty-fox.com\/sv\/wp-json\/wp\/v2\/product_cat?post=16270"},{"taxonomy":"product_tag","embeddable":true,"href":"https:\/\/avanzakayak.witty-fox.com\/sv\/wp-json\/wp\/v2\/product_tag?post=16270"}],"curies":[{"name":"wp","href":"https:\/\/api.w.org\/{rel}","templated":true}]}}