{"id":16241,"date":"2024-01-04T11:52:44","date_gmt":"2024-01-04T11:52:44","guid":{"rendered":"https:\/\/avanzakayak.witty-fox.com\/?post_type=product&#038;p=16241"},"modified":"2024-01-04T12:18:19","modified_gmt":"2024-01-04T12:18:19","slug":"gumotex-swing-finns-bade-i-en-och-tvamansutforande-twist-ar-en-trevlig-kajak-for-lugna-vatten-och-fors-klass-2","status":"publish","type":"product","link":"https:\/\/avanzakayak.witty-fox.com\/sv\/produkt\/gumotex-swing-finns-bade-i-en-och-tvamansutforande-twist-ar-en-trevlig-kajak-for-lugna-vatten-och-fors-klass-2\/","title":{"rendered":"Gumotex Swing\u00a0finns b\u00e5de i en- och tv\u00e5mansutf\u00f6rande. Twist \u00e4r en trevlig kajak f\u00f6r\u00a0lugna vatten och fors (klass 2)."},"content":{"rendered":"<table style=\"height: 422px;\" width=\"391\" cellspacing=\"0\" cellpadding=\"0\">\n<tbody>\n<tr>\n<td><strong>Produktinfo<\/strong><\/p>\n<p>L\u00e4ngd:<\/p>\n<p>Bredd:<\/p>\n<p>Vikt:<\/p>\n<p>Packstorlek:<\/p>\n<p>Lastf\u00f6rm\u00e5ga:<\/p>\n<p>Max ant pers:<\/p>\n<p>Ant lufttankar:<\/p>\n<p>Max lufttryck:<\/td>\n<td><strong>Swing 1<\/strong><\/p>\n<p>316\u00a0cm<\/p>\n<p>87 cm<\/p>\n<p>11\u00a0kg<\/p>\n<p>69x38x23 cm<\/p>\n<p>120\u00a0kg<\/p>\n<p>1<\/p>\n<p>3<\/p>\n<p>0,2 Bar<\/td>\n<td><strong>Swing 2<\/strong><\/p>\n<p>402\u00a0cm<\/p>\n<p>87\u00a0cm<\/p>\n<p>14\u00a0kg<\/p>\n<p>69x39x24 cm<\/p>\n<p>200\u00a0kg<\/p>\n<p>2<\/p>\n<p>3<\/p>\n<p>0,2 Bar<\/td>\n<\/tr>\n<\/tbody>\n<\/table>\n<p><strong>Swing 1<\/strong>\u00a0\u00a010\u00a0300:-.\u00a0Levereras med fotst\u00f6d, sits, sk\u00e4dda, transports\u00e4ck i nylon och\u00a0rep.sats.<\/p>\n<p>\u200b<strong>Swing 2<\/strong>\u00a0\u00a013 300:-. Levereras med fotst\u00f6d, sits, sk\u00e4dda, transports\u00e4ck i nylon och\u00a0rep.sats.<\/p>\n<p>\u200b<\/p>\n<p><strong>Tillval<\/strong><\/p>\n<p><strong>Kapell Gumotex. Pris: 1 100 |<\/strong><\/p>\n<p><strong>Kapell Outlife.\u00a0Pris<\/strong>: 500 |<\/p>\n<p><strong>Vattent\u00e4t packs\u00e4ck\u00a0(100 L).\u00a0<\/strong>Pris: 1 000<\/p>\n<p><strong>Pump:<\/strong>\u00a0Bravo 1 eller 6<\/p>","protected":false},"excerpt":{"rendered":"<p><strong>Gumotex Swing<\/strong>\u00a0finns b\u00e5de i en- och tv\u00e5mansutf\u00f6rande. Twist \u00e4r en trevlig kajak f\u00f6r\u00a0lugna vatten och fors (klass 2). Den l\u00e5ga vikten och packstorlek g\u00f6r kajaken idealisk att\u00a0ta med\u00a0i bilen, i b\u00e5ten eller p\u00e5 resan. Skyddat lastutrymme finns under d\u00e4ck i f\u00f6ren och aktern, som enkelt n\u00e5s via blixtl\u00e5s p\u00e5 d\u00e4ck. P\u00e5 d\u00e4ck finns gummicord monterat f\u00f6r l\u00e4ttare utrustning. F\u00e4rg: R\u00f6d\/Gr\u00e5 och Lime\/Gr\u00e5.<\/p>\n<p><img decoding=\"async\" title=\"faergprov-gumotex-roed_lime_graa.JPG\" src=\"https:\/\/avanzakayak.com\/img\/faergprov-gumotex-roed_lime_graa.png\" alt=\"faergprov-gumotex-roed_lime_graa.JPG\" \/><\/p>","protected":false},"featured_media":16264,"comment_status":"open","ping_status":"closed","template":"","meta":[],"product_cat":[80],"product_tag":[],"_links":{"self":[{"href":"https:\/\/avanzakayak.witty-fox.com\/sv\/wp-json\/wp\/v2\/product\/16241"}],"collection":[{"href":"https:\/\/avanzakayak.witty-fox.com\/sv\/wp-json\/wp\/v2\/product"}],"about":[{"href":"https:\/\/avanzakayak.witty-fox.com\/sv\/wp-json\/wp\/v2\/types\/product"}],"replies":[{"embeddable":true,"href":"https:\/\/avanzakayak.witty-fox.com\/sv\/wp-json\/wp\/v2\/comments?post=16241"}],"version-history":[{"count":3,"href":"https:\/\/avanzakayak.witty-fox.com\/sv\/wp-json\/wp\/v2\/product\/16241\/revisions"}],"predecessor-version":[{"id":16245,"href":"https:\/\/avanzakayak.witty-fox.com\/sv\/wp-json\/wp\/v2\/product\/16241\/revisions\/16245"}],"wp:featuredmedia":[{"embeddable":true,"href":"https:\/\/avanzakayak.witty-fox.com\/sv\/wp-json\/wp\/v2\/media\/16264"}],"wp:attachment":[{"href":"https:\/\/avanzakayak.witty-fox.com\/sv\/wp-json\/wp\/v2\/media?parent=16241"}],"wp:term":[{"taxonomy":"product_cat","embeddable":true,"href":"https:\/\/avanzakayak.witty-fox.com\/sv\/wp-json\/wp\/v2\/product_cat?post=16241"},{"taxonomy":"product_tag","embeddable":true,"href":"https:\/\/avanzakayak.witty-fox.com\/sv\/wp-json\/wp\/v2\/product_tag?post=16241"}],"curies":[{"name":"wp","href":"https:\/\/api.w.org\/{rel}","templated":true}]}}