{"id":16216,"date":"2024-01-04T11:15:59","date_gmt":"2024-01-04T11:15:59","guid":{"rendered":"https:\/\/avanzakayak.witty-fox.com\/?post_type=product&#038;p=16216"},"modified":"2024-01-04T11:15:59","modified_gmt":"2024-01-04T11:15:59","slug":"kolremsa-extra-forstarkning-som-limmas-under-de-langsgaende-roren-farg-svart","status":"publish","type":"product","link":"https:\/\/avanzakayak.witty-fox.com\/sv\/produkt\/kolremsa-extra-forstarkning-som-limmas-under-de-langsgaende-roren-farg-svart\/","title":{"rendered":"K\u00f6lremsa.\u00a0Extra\u00a0f\u00f6rst\u00e4rkning som limmas under de l\u00e4ngsg\u00e5ende r\u00f6ren. F\u00e4rg:\u00a0Svart."},"content":{"rendered":"","protected":false},"excerpt":{"rendered":"<p><strong>K\u00f6lremsa.<\/strong>\u00a0Extra\u00a0f\u00f6rst\u00e4rkning som limmas under de l\u00e4ngsg\u00e5ende r\u00f6ren. F\u00e4rg:\u00a0Svart.<\/p>","protected":false},"featured_media":16219,"comment_status":"open","ping_status":"closed","template":"","meta":[],"product_cat":[76],"product_tag":[],"_links":{"self":[{"href":"https:\/\/avanzakayak.witty-fox.com\/sv\/wp-json\/wp\/v2\/product\/16216"}],"collection":[{"href":"https:\/\/avanzakayak.witty-fox.com\/sv\/wp-json\/wp\/v2\/product"}],"about":[{"href":"https:\/\/avanzakayak.witty-fox.com\/sv\/wp-json\/wp\/v2\/types\/product"}],"replies":[{"embeddable":true,"href":"https:\/\/avanzakayak.witty-fox.com\/sv\/wp-json\/wp\/v2\/comments?post=16216"}],"version-history":[{"count":1,"href":"https:\/\/avanzakayak.witty-fox.com\/sv\/wp-json\/wp\/v2\/product\/16216\/revisions"}],"predecessor-version":[{"id":16220,"href":"https:\/\/avanzakayak.witty-fox.com\/sv\/wp-json\/wp\/v2\/product\/16216\/revisions\/16220"}],"wp:featuredmedia":[{"embeddable":true,"href":"https:\/\/avanzakayak.witty-fox.com\/sv\/wp-json\/wp\/v2\/media\/16219"}],"wp:attachment":[{"href":"https:\/\/avanzakayak.witty-fox.com\/sv\/wp-json\/wp\/v2\/media?parent=16216"}],"wp:term":[{"taxonomy":"product_cat","embeddable":true,"href":"https:\/\/avanzakayak.witty-fox.com\/sv\/wp-json\/wp\/v2\/product_cat?post=16216"},{"taxonomy":"product_tag","embeddable":true,"href":"https:\/\/avanzakayak.witty-fox.com\/sv\/wp-json\/wp\/v2\/product_tag?post=16216"}],"curies":[{"name":"wp","href":"https:\/\/api.w.org\/{rel}","templated":true}]}}