{"id":16184,"date":"2024-01-03T16:56:07","date_gmt":"2024-01-03T16:56:07","guid":{"rendered":"https:\/\/avanzakayak.witty-fox.com\/?post_type=product&#038;p=16184"},"modified":"2024-01-03T16:56:07","modified_gmt":"2024-01-03T16:56:07","slug":"pakcanoe-170-ar-vildmarkskanoten-som-kan-lasta-tva-paddlare-med-utrustning-i-en-manad-eller-mer","status":"publish","type":"product","link":"https:\/\/avanzakayak.witty-fox.com\/sv\/produkt\/pakcanoe-170-ar-vildmarkskanoten-som-kan-lasta-tva-paddlare-med-utrustning-i-en-manad-eller-mer\/","title":{"rendered":"PakCanoe 170\u00a0\u00e4r vildmarkskanoten, som kan lasta tv\u00e5 paddlare med utrustning i en m\u00e5nad eller mer."},"content":{"rendered":"<p><strong>PakCanoe 170<\/strong>\u00a0\u00e4r vildmarkskanoten, som kan lasta tv\u00e5 paddlare med utrustning i en m\u00e5nad eller mer. Med en l\u00e4ngd p\u00e5 520 cm (17 fot) och en lastf\u00f6rm\u00e5ga upp till 415 kg (910 lbs.), g\u00f6r kanoten idealisk f\u00f6r anv\u00e4ndning p\u00e5 l\u00e5nga och kr\u00e4vande expeditioner. Som familjekanot kan den rymma f\u00f6r\u00e4ldrar med flera barn och utrustning. Storleken p\u00e5 kanoten g\u00f6r den mycket stabil. Vid behov kan ytterligare s\u00e4ten installeras (tillval). D\u00e4ck finns som tillval till denna modell.<\/p>\n<table cellspacing=\"0\" cellpadding=\"0\">\n<tbody>\n<tr>\n<td><strong>Produktinfo<\/strong><\/p>\n<p>L\u00e4ngd:<\/p>\n<p>Bredd:<\/p>\n<p>H\u00f6jd:<\/p>\n<p>Vikt:<\/p>\n<p>Packstorlek:<\/p>\n<p>Lastf\u00f6rm\u00e5ga:<\/p>\n<p>Monteringstid:<\/td>\n<td>520\u00a0cm<\/p>\n<p>96 cm<\/p>\n<p>36\u00a0cm<\/p>\n<p>25,5\u00a0kg<\/p>\n<p>89x43x33 cm<\/p>\n<p>415\u00a0kg<\/p>\n<p>30\u00a0min<\/td>\n<\/tr>\n<\/tbody>\n<\/table>\n<table cellspacing=\"0\" cellpadding=\"0\">\n<tbody>\n<tr>\n<td colspan=\"2\">26 500:-. Komplett med tv\u00e5 s\u00e4ten, packs\u00e4ck och rep.sats.<\/td>\n<\/tr>\n<\/tbody>\n<\/table>","protected":false},"excerpt":{"rendered":"<p><strong>PakCanoe 170<\/strong>\u00a0\u00e4r vildmarkskanoten, som kan lasta tv\u00e5 paddlare med utrustning i en m\u00e5nad eller mer. Med en l\u00e4ngd p\u00e5 520 cm (17 fot) och en lastf\u00f6rm\u00e5ga upp till 415 kg (910 lbs.), g\u00f6r kanoten idealisk f\u00f6r anv\u00e4ndning p\u00e5 l\u00e5nga och kr\u00e4vande expeditioner. Som familjekanot kan den rymma f\u00f6r\u00e4ldrar med flera barn och utrustning. Storleken p\u00e5 kanoten g\u00f6r den mycket stabil. Vid behov kan ytterligare s\u00e4ten installeras (tillval). D\u00e4ck finns som tillval till denna modell.<\/p>","protected":false},"featured_media":16182,"comment_status":"open","ping_status":"closed","template":"","meta":[],"product_cat":[76],"product_tag":[],"_links":{"self":[{"href":"https:\/\/avanzakayak.witty-fox.com\/sv\/wp-json\/wp\/v2\/product\/16184"}],"collection":[{"href":"https:\/\/avanzakayak.witty-fox.com\/sv\/wp-json\/wp\/v2\/product"}],"about":[{"href":"https:\/\/avanzakayak.witty-fox.com\/sv\/wp-json\/wp\/v2\/types\/product"}],"replies":[{"embeddable":true,"href":"https:\/\/avanzakayak.witty-fox.com\/sv\/wp-json\/wp\/v2\/comments?post=16184"}],"version-history":[{"count":1,"href":"https:\/\/avanzakayak.witty-fox.com\/sv\/wp-json\/wp\/v2\/product\/16184\/revisions"}],"predecessor-version":[{"id":16185,"href":"https:\/\/avanzakayak.witty-fox.com\/sv\/wp-json\/wp\/v2\/product\/16184\/revisions\/16185"}],"wp:featuredmedia":[{"embeddable":true,"href":"https:\/\/avanzakayak.witty-fox.com\/sv\/wp-json\/wp\/v2\/media\/16182"}],"wp:attachment":[{"href":"https:\/\/avanzakayak.witty-fox.com\/sv\/wp-json\/wp\/v2\/media?parent=16184"}],"wp:term":[{"taxonomy":"product_cat","embeddable":true,"href":"https:\/\/avanzakayak.witty-fox.com\/sv\/wp-json\/wp\/v2\/product_cat?post=16184"},{"taxonomy":"product_tag","embeddable":true,"href":"https:\/\/avanzakayak.witty-fox.com\/sv\/wp-json\/wp\/v2\/product_tag?post=16184"}],"curies":[{"name":"wp","href":"https:\/\/api.w.org\/{rel}","templated":true}]}}