{"id":16181,"date":"2024-01-03T16:54:39","date_gmt":"2024-01-03T16:54:39","guid":{"rendered":"https:\/\/avanzakayak.witty-fox.com\/?post_type=product&#038;p=16181"},"modified":"2024-01-03T16:54:39","modified_gmt":"2024-01-03T16:54:39","slug":"pakcanoe-165-har-en-langd-pa-505-cm-165-fot-och-ar-smalare-an-160-och-170","status":"publish","type":"product","link":"https:\/\/avanzakayak.witty-fox.com\/sv\/produkt\/pakcanoe-165-har-en-langd-pa-505-cm-165-fot-och-ar-smalare-an-160-och-170\/","title":{"rendered":"PakCanoe 165\u00a0har en l\u00e4ngd p\u00e5 505 cm (16,5 fot) och \u00e4r smalare \u00e4n 160 och 170."},"content":{"rendered":"<p><strong>PakCanoe 165\u00a0<\/strong>har en l\u00e4ngd p\u00e5 505 cm (16,5 fot) och \u00e4r smalare \u00e4n 160 och 170. B\u00e5ten kan paddlas av en eller tv\u00e5 personer och har tillr\u00e4ckligt med lastkapacitet f\u00f6r att b\u00e4ra tv\u00e5 personer och utrustning f\u00f6r en expedition p\u00e5 tv\u00e5 eller fler veckor. Tack vare den smalare designen \u00e4r 165:an i standardversionen bekv\u00e4m f\u00f6r ensampaddling. Liksom 150:an kan 165:an g\u00f6ras bredare f\u00f6r att \u00f6ka stabiliteten genom att installera ett konverteringspaket som ibland \u00e4r \u00f6nskv\u00e4rt f\u00f6r familjebruk. P\u00e5 s\u00e5 s\u00e4tt har du tv\u00e5 b\u00e5tar i en. Genom att anv\u00e4nda Conversion Kit (tillval) kan du \u00e4ndra bredden fr\u00e5n 84 cm till 89 cm och h\u00f6jden fr\u00e5n 36 cm till 34 cm p\u00e5 165:an. F\u00f6r expedition anv\u00e4ndning \u00e4r standardversionen det b\u00e4ttre valet. F\u00f6r ensampaddlare som vill sitta i mitten kan en b\u00e5ge flyttas till mitten. D\u00e4ck finns som tillval till denna modell.<\/p>\n<table cellspacing=\"0\" cellpadding=\"0\">\n<tbody>\n<tr>\n<td><strong>Produktinfo<\/strong><\/p>\n<p>L\u00e4ngd:<\/p>\n<p>Bredd:<\/p>\n<p>H\u00f6jd:<\/p>\n<p>Vikt:<\/p>\n<p>Packstorlek:<\/p>\n<p>Lastf\u00f6rm\u00e5ga:<\/p>\n<p>Monteringstid:<\/td>\n<td>505\u00a0cm<\/p>\n<p>84 cm<\/p>\n<p>36\u00a0cm<\/p>\n<p>24,5\u00a0kg<\/p>\n<p>89x43x33 cm<\/p>\n<p>375\u00a0kg<\/p>\n<p>30\u00a0min<\/td>\n<\/tr>\n<\/tbody>\n<\/table>\n<table cellspacing=\"0\" cellpadding=\"0\">\n<tbody>\n<tr>\n<td colspan=\"2\">25 400:-. Komplett med tv\u00e5 s\u00e4ten, packs\u00e4ck och rep.sats.<\/td>\n<\/tr>\n<\/tbody>\n<\/table>\n<p>\u200b<strong>Tillval<\/strong><\/p>\n<p>Konverterings sats 165<\/p>","protected":false},"excerpt":{"rendered":"<p><strong>PakCanoe 165\u00a0<\/strong>har en l\u00e4ngd p\u00e5 505 cm (16,5 fot) och \u00e4r smalare \u00e4n 160 och 170. B\u00e5ten kan paddlas av en eller tv\u00e5 personer och har tillr\u00e4ckligt med lastkapacitet f\u00f6r att b\u00e4ra tv\u00e5 personer och utrustning f\u00f6r en expedition p\u00e5 tv\u00e5 eller fler veckor. Tack vare den smalare designen \u00e4r 165:an i standardversionen bekv\u00e4m f\u00f6r ensampaddling. Liksom 150:an kan 165:an g\u00f6ras bredare f\u00f6r att \u00f6ka stabiliteten genom att installera ett konverteringspaket som ibland \u00e4r \u00f6nskv\u00e4rt f\u00f6r familjebruk.<\/p>","protected":false},"featured_media":16182,"comment_status":"open","ping_status":"closed","template":"","meta":[],"product_cat":[76],"product_tag":[],"_links":{"self":[{"href":"https:\/\/avanzakayak.witty-fox.com\/sv\/wp-json\/wp\/v2\/product\/16181"}],"collection":[{"href":"https:\/\/avanzakayak.witty-fox.com\/sv\/wp-json\/wp\/v2\/product"}],"about":[{"href":"https:\/\/avanzakayak.witty-fox.com\/sv\/wp-json\/wp\/v2\/types\/product"}],"replies":[{"embeddable":true,"href":"https:\/\/avanzakayak.witty-fox.com\/sv\/wp-json\/wp\/v2\/comments?post=16181"}],"version-history":[{"count":1,"href":"https:\/\/avanzakayak.witty-fox.com\/sv\/wp-json\/wp\/v2\/product\/16181\/revisions"}],"predecessor-version":[{"id":16183,"href":"https:\/\/avanzakayak.witty-fox.com\/sv\/wp-json\/wp\/v2\/product\/16181\/revisions\/16183"}],"wp:featuredmedia":[{"embeddable":true,"href":"https:\/\/avanzakayak.witty-fox.com\/sv\/wp-json\/wp\/v2\/media\/16182"}],"wp:attachment":[{"href":"https:\/\/avanzakayak.witty-fox.com\/sv\/wp-json\/wp\/v2\/media?parent=16181"}],"wp:term":[{"taxonomy":"product_cat","embeddable":true,"href":"https:\/\/avanzakayak.witty-fox.com\/sv\/wp-json\/wp\/v2\/product_cat?post=16181"},{"taxonomy":"product_tag","embeddable":true,"href":"https:\/\/avanzakayak.witty-fox.com\/sv\/wp-json\/wp\/v2\/product_tag?post=16181"}],"curies":[{"name":"wp","href":"https:\/\/api.w.org\/{rel}","templated":true}]}}